{"id":3795,"date":"2023-05-19T09:17:26","date_gmt":"2023-05-19T09:17:26","guid":{"rendered":"https:\/\/trekon.qodeinteractive.com\/?page_id=3795"},"modified":"2025-08-14T14:43:40","modified_gmt":"2025-08-14T11:43:40","slug":"iletisim","status":"publish","type":"page","link":"https:\/\/scopslife.com\/tr\/iletisim\/","title":{"rendered":"\u0130leti\u015fim"},"content":{"rendered":"\t\t<div data-elementor-type=\"wp-page\" data-elementor-id=\"3795\" class=\"elementor elementor-3795\" data-elementor-post-type=\"page\">\n\t\t\t\t\t\t<section class=\"elementor-section elementor-top-section elementor-element elementor-element-b5bc304 elementor-section-full_width elementor-section-height-min-height elementor-section-content-bottom elementor-section-height-default elementor-section-items-middle\" data-id=\"b5bc304\" data-element_type=\"section\">\n\t\t\t\t\t\t<div class=\"elementor-container elementor-column-gap-no\">\n\t\t\t\t\t<div class=\"elementor-column elementor-col-50 elementor-top-column elementor-element elementor-element-064550f\" data-id=\"064550f\" data-element_type=\"column\">\n\t\t\t<div class=\"elementor-widget-wrap elementor-element-populated\">\n\t\t\t\t\t\t<div class=\"elementor-element elementor-element-1d87194 elementor-widget__width-initial elementor-widget elementor-widget-trekon_core_section_title\" data-id=\"1d87194\" data-element_type=\"widget\" data-widget_type=\"trekon_core_section_title.default\">\n\t\t\t\t<div class=\"elementor-widget-container\">\n\t\t\t\t\t<div class=\"qodef-shortcode qodef-m  qodef-section-title qodef-alignment--left \">\n\t\t<h1 class=\"qodef-m-title\" >\n\t\t\t\t\tSize Nas\u0131l Yard\u0131mc\u0131 Olabiliriz?\t\t\t<\/h1>\n\t\t<p class=\"qodef-m-text\" style=\"margin-top: 15px\">Web sitemizin alt k\u0131sm\u0131nda bulunan Kargo ve \u0130ade sayfalar\u0131m\u0131zda yer almayan herhangi bir sorunuz olursa, size bizzat yard\u0131mc\u0131 olmaktan memnuniyet duyar\u0131z! Ekibimiz hafta boyunca her t\u00fcrl\u00fc sorunuz i\u00e7in hizmetinizdedir.<\/p>\n<\/div>\n\t\t\t\t<\/div>\n\t\t\t\t<\/div>\n\t\t\t\t<section class=\"elementor-section elementor-inner-section elementor-element elementor-element-87fd819 elementor-section-boxed elementor-section-height-default elementor-section-height-default\" data-id=\"87fd819\" data-element_type=\"section\">\n\t\t\t\t\t\t<div class=\"elementor-container elementor-column-gap-no\">\n\t\t\t\t\t<div class=\"elementor-column elementor-col-50 elementor-inner-column elementor-element elementor-element-8ad0e2a\" data-id=\"8ad0e2a\" data-element_type=\"column\" data-settings=\"{&quot;background_background&quot;:&quot;classic&quot;}\">\n\t\t\t<div class=\"elementor-widget-wrap elementor-element-populated\">\n\t\t\t\t\t\t<div class=\"elementor-element elementor-element-c2722b7 elementor-widget elementor-widget-trekon_core_section_title\" data-id=\"c2722b7\" data-element_type=\"widget\" data-widget_type=\"trekon_core_section_title.default\">\n\t\t\t\t<div class=\"elementor-widget-container\">\n\t\t\t\t\t<div class=\"qodef-shortcode qodef-m  qodef-section-title qodef-alignment--left \">\n\t\t<h2 class=\"qodef-m-title\" >\n\t\t\t\t\tM\u00fc\u015fteri Hizmetleri Saatleri\t\t\t<\/h2>\n\t\t<p class=\"qodef-m-text\" >\ud83d\udd58Pazartesi-Cuma: 10:00 \u201317:00<\/p>\n<\/div>\n\t\t\t\t<\/div>\n\t\t\t\t<\/div>\n\t\t\t\t<div class=\"elementor-element elementor-element-5ca2d82 elementor-widget elementor-widget-trekon_core_section_title\" data-id=\"5ca2d82\" data-element_type=\"widget\" data-widget_type=\"trekon_core_section_title.default\">\n\t\t\t\t<div class=\"elementor-widget-container\">\n\t\t\t\t\t<div class=\"qodef-shortcode qodef-m  qodef-section-title qodef-alignment--left \">\n\t\t<h3 class=\"qodef-m-title\" >\n\t\t\t\t\tE-Posta\t\t\t<\/h3>\n\t\t<p class=\"qodef-m-text\" >\ud83d\udce7 \u00c7al\u0131\u015fma saatlerimiz i\u00e7inde bize support@scopslife.com adresinden istedi\u011finiz zaman ula\u015fabilirsiniz, 1 i\u015f g\u00fcn\u00fci\u00e7inde size geri d\u00f6n\u00fc\u015f yapaca\u011f\u0131z.<\/p>\n<\/div>\n\t\t\t\t<\/div>\n\t\t\t\t<\/div>\n\t\t\t\t<div class=\"elementor-element elementor-element-b5cb2fd elementor-widget elementor-widget-trekon_core_section_title\" data-id=\"b5cb2fd\" data-element_type=\"widget\" data-widget_type=\"trekon_core_section_title.default\">\n\t\t\t\t<div class=\"elementor-widget-container\">\n\t\t\t\t\t<div class=\"qodef-shortcode qodef-m  qodef-section-title qodef-alignment--left \">\n\t\t<h3 class=\"qodef-m-title\" >\n\t\t\t\t\tCanl\u0131 Sohbet\t\t\t<\/h3>\n\t\t<p class=\"qodef-m-text\" >\ud83d\udcac Bizimle ileti\u015fime ge\u00e7menin en h\u0131zl\u0131 yolu, Pazartesi\u2019den Cuma\u2019ya 10:00 - 17:00 saatleri aras\u0131nda hizmet veren Canl\u0131 Sohbetimizdir. Sayfan\u0131n alt\u0131ndaki sohbet sekmesine t\u0131klaman\u0131z yeterli, size en k\u0131sa s\u00fcrede yard\u0131mc\u0131 olaca\u011f\u0131z.<\/p>\n<\/div>\n\t\t\t\t<\/div>\n\t\t\t\t<\/div>\n\t\t\t\t<div class=\"elementor-element elementor-element-52fe160 elementor-widget elementor-widget-trekon_core_section_title\" data-id=\"52fe160\" data-element_type=\"widget\" data-widget_type=\"trekon_core_section_title.default\">\n\t\t\t\t<div class=\"elementor-widget-container\">\n\t\t\t\t\t<div class=\"qodef-shortcode qodef-m  qodef-section-title qodef-alignment--left \">\n\t\t<h3 class=\"qodef-m-title\" >\n\t\t\t\t\tBizi Aray\u0131n\t\t\t<\/h3>\n\t<\/div>\n\t\t\t\t<\/div>\n\t\t\t\t<\/div>\n\t\t\t\t<div class=\"elementor-element elementor-element-c272550 elementor-widget elementor-widget-text-editor\" data-id=\"c272550\" data-element_type=\"widget\" data-widget_type=\"text-editor.default\">\n\t\t\t\t\t\t\t\t\t<p><span class=\"OYPEnA font-feature-liga-off font-feature-clig-off font-feature-calt-off text-decoration-none text-strikethrough-none\">+90 554 535 44 84<\/span><\/p>\t\t\t\t\t\t\t\t<\/div>\n\t\t\t\t<div class=\"elementor-element elementor-element-bf21489 elementor-widget elementor-widget-trekon_core_section_title\" data-id=\"bf21489\" data-element_type=\"widget\" data-widget_type=\"trekon_core_section_title.default\">\n\t\t\t\t<div class=\"elementor-widget-container\">\n\t\t\t\t\t<div class=\"qodef-shortcode qodef-m  qodef-section-title qodef-alignment--left \">\n\t\t<h3 class=\"qodef-m-title\" >\n\t\t\t\t\tBize Yaz\u0131n\t\t\t<\/h3>\n\t<\/div>\n\t\t\t\t<\/div>\n\t\t\t\t<\/div>\n\t\t\t\t<div class=\"elementor-element elementor-element-25423c1 elementor-widget elementor-widget-text-editor\" data-id=\"25423c1\" data-element_type=\"widget\" data-widget_type=\"text-editor.default\">\n\t\t\t\t\t\t\t\t\t<p>Maslak Mah. Ahi Evran Cad. 42 Maslak B Blok No:6 Sar\u0131yer\/\u0130STANBUL<\/p>\t\t\t\t\t\t\t\t<\/div>\n\t\t\t\t\t<\/div>\n\t\t<\/div>\n\t\t\t\t<div class=\"elementor-column elementor-col-50 elementor-inner-column elementor-element elementor-element-da32e21\" data-id=\"da32e21\" data-element_type=\"column\">\n\t\t\t<div class=\"elementor-widget-wrap elementor-element-populated\">\n\t\t\t\t\t\t<div class=\"elementor-element elementor-element-5dca031 elementor-widget__width-auto elementor-widget elementor-widget-trekon_core_icon\" data-id=\"5dca031\" data-element_type=\"widget\" data-widget_type=\"trekon_core_icon.default\">\n\t\t\t\t<div class=\"elementor-widget-container\">\n\t\t\t\t\t<span class=\"qodef-shortcode qodef-m  qodef-icon-holder qodef-size--default qodef-layout--normal\"  >\n\t\t\t\t<\/span>\n\t\t\t\t<\/div>\n\t\t\t\t<\/div>\n\t\t\t\t\t<\/div>\n\t\t<\/div>\n\t\t\t\t\t<\/div>\n\t\t<\/section>\n\t\t\t\t<section class=\"elementor-section elementor-inner-section elementor-element elementor-element-39bd960 elementor-section-boxed elementor-section-height-default elementor-section-height-default\" data-id=\"39bd960\" data-element_type=\"section\">\n\t\t\t\t\t\t<div class=\"elementor-container elementor-column-gap-no\">\n\t\t\t\t\t<div class=\"elementor-column elementor-col-100 elementor-inner-column elementor-element elementor-element-6a65771\" data-id=\"6a65771\" data-element_type=\"column\">\n\t\t\t<div class=\"elementor-widget-wrap elementor-element-populated\">\n\t\t\t\t\t\t<div class=\"elementor-element elementor-element-bbc83ad elementor-widget__width-auto elementor-widget elementor-widget-trekon_core_icon\" data-id=\"bbc83ad\" data-element_type=\"widget\" data-widget_type=\"trekon_core_icon.default\">\n\t\t\t\t<div class=\"elementor-widget-container\">\n\t\t\t\t\t<span class=\"qodef-shortcode qodef-m  qodef-icon-holder qodef-size--default qodef-layout--normal\" data-hover-color=\"#9A9A9A\" >\n\t\t\t<a itemprop=\"url\" href=\"https:\/\/instagram.com\/scopslife\" target=\"_blank\">\n\t\t\t<span class=\"qodef-icon-font-awesome fab fa-instagram qodef-icon qodef-e\" style=\"font-size: 19px\" ><\/span>\t\t\t<\/a>\n\t<\/span>\n\t\t\t\t<\/div>\n\t\t\t\t<\/div>\n\t\t\t\t<div class=\"elementor-element elementor-element-bdc4061 elementor-widget__width-auto elementor-widget elementor-widget-trekon_core_icon\" data-id=\"bdc4061\" data-element_type=\"widget\" data-widget_type=\"trekon_core_icon.default\">\n\t\t\t\t<div class=\"elementor-widget-container\">\n\t\t\t\t\t<span class=\"qodef-shortcode qodef-m  qodef-icon-holder qodef-size--default qodef-layout--normal\" data-hover-color=\"#9A9A9A\" >\n\t\t\t<a itemprop=\"url\" href=\"http:\/\/linkedin.com\/company\/scopsbrand\" target=\"_blank\">\n\t\t\t<span class=\"qodef-icon-font-awesome fab fa-linkedin qodef-icon qodef-e\" style=\"font-size: 19px\" ><\/span>\t\t\t<\/a>\n\t<\/span>\n\t\t\t\t<\/div>\n\t\t\t\t<\/div>\n\t\t\t\t\t<\/div>\n\t\t<\/div>\n\t\t\t\t\t<\/div>\n\t\t<\/section>\n\t\t\t\t\t<\/div>\n\t\t<\/div>\n\t\t\t\t<div class=\"elementor-column elementor-col-50 elementor-top-column elementor-element elementor-element-54a4db5\" data-id=\"54a4db5\" data-element_type=\"column\" data-settings=\"{&quot;background_background&quot;:&quot;classic&quot;}\">\n\t\t\t<div class=\"elementor-widget-wrap elementor-element-populated\">\n\t\t\t\t\t\t<div class=\"elementor-element elementor-element-92d3929 elementor-widget elementor-widget-html\" data-id=\"92d3929\" data-element_type=\"widget\" data-widget_type=\"html.default\">\n\t\t\t\t\t<iframe src=\"https:\/\/www.google.com\/maps\/embed?pb=!1m18!1m12!1m3!1d3005.9948418427475!2d29.018334076779155!3d41.11280372133619!2m3!1f0!2f0!3f0!3m2!1i1024!2i768!4f13.1!3m3!1m2!1s0x14cab5bf89700723%3A0xb746023adab01c47!2s42%20Maslak!5e0!3m2!1str!2str!4v1751361235439!5m2!1str!2str\" width=\"600\" height=\"1000\" style=\"border:0;\" allowfullscreen=\"\" loading=\"lazy\" referrerpolicy=\"no-referrer-when-downgrade\"><\/iframe>\t\t\t\t<\/div>\n\t\t\t\t\t<\/div>\n\t\t<\/div>\n\t\t\t\t\t<\/div>\n\t\t<\/section>\n\t\t<div class=\"elementor-element elementor-element-ed41f2d e-flex e-con-boxed e-con e-parent\" data-id=\"ed41f2d\" data-element_type=\"container\">\n\t\t\t\t\t<div class=\"e-con-inner\">\n\t\t\t\t\t<\/div>\n\t\t\t\t<\/div>\n\t\t\t\t<\/div>\n\t\t","protected":false},"excerpt":{"rendered":"<p>Size Nas\u0131l Yard\u0131mc\u0131 Olabiliriz? Web sitemizin alt k\u0131sm\u0131nda bulunan Kargo ve \u0130ade sayfalar\u0131m\u0131zda yer almayan herhangi bir sorunuz olursa, size bizzat yard\u0131mc\u0131 olmaktan memnuniyet duyar\u0131z! Ekibimiz hafta boyunca her t\u00fcrl\u00fc sorunuz i\u00e7in hizmetinizdedir. M\u00fc\u015fteri Hizmetleri Saatleri \ud83d\udd58Pazartesi-Cuma: 10:00 \u201317:00 E-Posta \ud83d\udce7 \u00c7al\u0131\u015fma saatlerimiz i\u00e7inde bize support@scopslife.com adresinden istedi\u011finiz zaman ula\u015fabilirsiniz, 1 i\u015f g\u00fcn\u00fci\u00e7inde size geri [&hellip;]<\/p>\n","protected":false},"author":1,"featured_media":0,"parent":0,"menu_order":0,"comment_status":"closed","ping_status":"closed","template":"page-full-width.php","meta":{"footnotes":""},"class_list":["post-3795","page","type-page","status-publish","hentry"],"yoast_head":"<!-- This site is optimized with the Yoast SEO plugin v27.1.1 - https:\/\/yoast.com\/product\/yoast-seo-wordpress\/ -->\n<title>\u0130leti\u015fim - Size Nas\u0131l Yard\u0131mc\u0131 Olabiliriz? | Scops<\/title>\n<meta name=\"description\" content=\"Scops ile ileti\u015fime ge\u00e7erek \u00fcr\u00fcnlerimiz hakk\u0131nda sorular\u0131n\u0131z\u0131 iletebilir, destek ve \u00f6nerileriniz i\u00e7in bize kolayca ula\u015fabilirsiniz.\" \/>\n<meta name=\"robots\" content=\"index, follow, max-snippet:-1, max-image-preview:large, max-video-preview:-1\" \/>\n<link rel=\"canonical\" href=\"https:\/\/scopslife.com\/tr\/iletisim\/\" \/>\n<meta property=\"og:locale\" content=\"tr_TR\" \/>\n<meta property=\"og:type\" content=\"article\" \/>\n<meta property=\"og:title\" content=\"\u0130leti\u015fim - Size Nas\u0131l Yard\u0131mc\u0131 Olabiliriz? | Scops\" \/>\n<meta property=\"og:description\" content=\"Scops ile ileti\u015fime ge\u00e7erek \u00fcr\u00fcnlerimiz hakk\u0131nda sorular\u0131n\u0131z\u0131 iletebilir, destek ve \u00f6nerileriniz i\u00e7in bize kolayca ula\u015fabilirsiniz.\" \/>\n<meta property=\"og:url\" content=\"https:\/\/scopslife.com\/tr\/iletisim\/\" \/>\n<meta property=\"og:site_name\" content=\"Scops\" \/>\n<meta property=\"article:modified_time\" content=\"2025-08-14T11:43:40+00:00\" \/>\n<meta name=\"twitter:card\" content=\"summary_large_image\" \/>\n<meta name=\"twitter:label1\" content=\"Tahmini okuma s\u00fcresi\" \/>\n\t<meta name=\"twitter:data1\" content=\"1 dakika\" \/>\n<script type=\"application\/ld+json\" class=\"yoast-schema-graph\">{\"@context\":\"https:\/\/schema.org\",\"@graph\":[{\"@type\":\"WebPage\",\"@id\":\"https:\/\/scopslife.com\/tr\/iletisim\/\",\"url\":\"https:\/\/scopslife.com\/tr\/iletisim\/\",\"name\":\"\u0130leti\u015fim - Size Nas\u0131l Yard\u0131mc\u0131 Olabiliriz? | Scops\",\"isPartOf\":{\"@id\":\"https:\/\/scopslife.com\/tr\/#website\"},\"datePublished\":\"2023-05-19T09:17:26+00:00\",\"dateModified\":\"2025-08-14T11:43:40+00:00\",\"description\":\"Scops ile ileti\u015fime ge\u00e7erek \u00fcr\u00fcnlerimiz hakk\u0131nda sorular\u0131n\u0131z\u0131 iletebilir, destek ve \u00f6nerileriniz i\u00e7in bize kolayca ula\u015fabilirsiniz.\",\"breadcrumb\":{\"@id\":\"https:\/\/scopslife.com\/tr\/iletisim\/#breadcrumb\"},\"inLanguage\":\"tr\",\"potentialAction\":[{\"@type\":\"ReadAction\",\"target\":[\"https:\/\/scopslife.com\/tr\/iletisim\/\"]}]},{\"@type\":\"BreadcrumbList\",\"@id\":\"https:\/\/scopslife.com\/tr\/iletisim\/#breadcrumb\",\"itemListElement\":[{\"@type\":\"ListItem\",\"position\":1,\"name\":\"Anasayfa\",\"item\":\"https:\/\/scopslife.com\/tr\/\"},{\"@type\":\"ListItem\",\"position\":2,\"name\":\"\u0130leti\u015fim\"}]},{\"@type\":\"WebSite\",\"@id\":\"https:\/\/scopslife.com\/tr\/#website\",\"url\":\"https:\/\/scopslife.com\/tr\/\",\"name\":\"Scops\",\"description\":\"Elevate\",\"potentialAction\":[{\"@type\":\"SearchAction\",\"target\":{\"@type\":\"EntryPoint\",\"urlTemplate\":\"https:\/\/scopslife.com\/tr\/?s={search_term_string}\"},\"query-input\":{\"@type\":\"PropertyValueSpecification\",\"valueRequired\":true,\"valueName\":\"search_term_string\"}}],\"inLanguage\":\"tr\"}]}<\/script>\n<!-- \/ Yoast SEO plugin. -->","yoast_head_json":{"title":"\u0130leti\u015fim - Size Nas\u0131l Yard\u0131mc\u0131 Olabiliriz? | Scops","description":"Scops ile ileti\u015fime ge\u00e7erek \u00fcr\u00fcnlerimiz hakk\u0131nda sorular\u0131n\u0131z\u0131 iletebilir, destek ve \u00f6nerileriniz i\u00e7in bize kolayca ula\u015fabilirsiniz.","robots":{"index":"index","follow":"follow","max-snippet":"max-snippet:-1","max-image-preview":"max-image-preview:large","max-video-preview":"max-video-preview:-1"},"canonical":"https:\/\/scopslife.com\/tr\/iletisim\/","og_locale":"tr_TR","og_type":"article","og_title":"\u0130leti\u015fim - Size Nas\u0131l Yard\u0131mc\u0131 Olabiliriz? | Scops","og_description":"Scops ile ileti\u015fime ge\u00e7erek \u00fcr\u00fcnlerimiz hakk\u0131nda sorular\u0131n\u0131z\u0131 iletebilir, destek ve \u00f6nerileriniz i\u00e7in bize kolayca ula\u015fabilirsiniz.","og_url":"https:\/\/scopslife.com\/tr\/iletisim\/","og_site_name":"Scops","article_modified_time":"2025-08-14T11:43:40+00:00","twitter_card":"summary_large_image","twitter_misc":{"Tahmini okuma s\u00fcresi":"1 dakika"},"schema":{"@context":"https:\/\/schema.org","@graph":[{"@type":"WebPage","@id":"https:\/\/scopslife.com\/tr\/iletisim\/","url":"https:\/\/scopslife.com\/tr\/iletisim\/","name":"\u0130leti\u015fim - Size Nas\u0131l Yard\u0131mc\u0131 Olabiliriz? | Scops","isPartOf":{"@id":"https:\/\/scopslife.com\/tr\/#website"},"datePublished":"2023-05-19T09:17:26+00:00","dateModified":"2025-08-14T11:43:40+00:00","description":"Scops ile ileti\u015fime ge\u00e7erek \u00fcr\u00fcnlerimiz hakk\u0131nda sorular\u0131n\u0131z\u0131 iletebilir, destek ve \u00f6nerileriniz i\u00e7in bize kolayca ula\u015fabilirsiniz.","breadcrumb":{"@id":"https:\/\/scopslife.com\/tr\/iletisim\/#breadcrumb"},"inLanguage":"tr","potentialAction":[{"@type":"ReadAction","target":["https:\/\/scopslife.com\/tr\/iletisim\/"]}]},{"@type":"BreadcrumbList","@id":"https:\/\/scopslife.com\/tr\/iletisim\/#breadcrumb","itemListElement":[{"@type":"ListItem","position":1,"name":"Anasayfa","item":"https:\/\/scopslife.com\/tr\/"},{"@type":"ListItem","position":2,"name":"\u0130leti\u015fim"}]},{"@type":"WebSite","@id":"https:\/\/scopslife.com\/tr\/#website","url":"https:\/\/scopslife.com\/tr\/","name":"Scops","description":"Elevate","potentialAction":[{"@type":"SearchAction","target":{"@type":"EntryPoint","urlTemplate":"https:\/\/scopslife.com\/tr\/?s={search_term_string}"},"query-input":{"@type":"PropertyValueSpecification","valueRequired":true,"valueName":"search_term_string"}}],"inLanguage":"tr"}]}},"_links":{"self":[{"href":"https:\/\/scopslife.com\/tr\/wp-json\/wp\/v2\/pages\/3795","targetHints":{"allow":["GET"]}}],"collection":[{"href":"https:\/\/scopslife.com\/tr\/wp-json\/wp\/v2\/pages"}],"about":[{"href":"https:\/\/scopslife.com\/tr\/wp-json\/wp\/v2\/types\/page"}],"author":[{"embeddable":true,"href":"https:\/\/scopslife.com\/tr\/wp-json\/wp\/v2\/users\/1"}],"replies":[{"embeddable":true,"href":"https:\/\/scopslife.com\/tr\/wp-json\/wp\/v2\/comments?post=3795"}],"version-history":[{"count":30,"href":"https:\/\/scopslife.com\/tr\/wp-json\/wp\/v2\/pages\/3795\/revisions"}],"predecessor-version":[{"id":13054,"href":"https:\/\/scopslife.com\/tr\/wp-json\/wp\/v2\/pages\/3795\/revisions\/13054"}],"wp:attachment":[{"href":"https:\/\/scopslife.com\/tr\/wp-json\/wp\/v2\/media?parent=3795"}],"curies":[{"name":"wp","href":"https:\/\/api.w.org\/{rel}","templated":true}]}}