{"id":9150,"date":"2024-12-24T12:37:16","date_gmt":"2024-12-24T12:37:16","guid":{"rendered":"https:\/\/scopslife.com\/?page_id=9150"},"modified":"2025-08-14T14:38:18","modified_gmt":"2025-08-14T11:38:18","slug":"gizlilik-politikasi","status":"publish","type":"page","link":"https:\/\/scopslife.com\/tr\/gizlilik-politikasi\/","title":{"rendered":"Gizlilik Politikas\u0131"},"content":{"rendered":"\t\t<div data-elementor-type=\"wp-page\" data-elementor-id=\"9150\" class=\"elementor elementor-9150\" data-elementor-post-type=\"page\">\n\t\t\t\t<div class=\"elementor-element elementor-element-8ce3f0a e-flex e-con-boxed e-con e-parent\" data-id=\"8ce3f0a\" data-element_type=\"container\">\n\t\t\t\t\t<div class=\"e-con-inner\">\n\t\t\t\t<div class=\"elementor-element elementor-element-902b405 elementor-widget elementor-widget-text-editor\" data-id=\"902b405\" data-element_type=\"widget\" data-widget_type=\"text-editor.default\">\n\t\t\t\t\t\t\t\t\t<p data-start=\"95\" data-end=\"383\"><strong data-start=\"95\" data-end=\"104\">SCOPS<\/strong> (&#8220;biz,&#8221; &#8220;bizim,&#8221; veya &#8220;bize&#8221;) gizlili\u011finizi korumaya kendini adam\u0131\u015ft\u0131r. Bu Gizlilik Politikas\u0131, web sitemizi (<a class=\"\" href=\"http:\/\/www.scopslife.com\/\" target=\"_new\" rel=\"noopener\" data-start=\"215\" data-end=\"232\">www.scopslife.com<\/a>) ziyaret etti\u011finizde veya sat\u0131n alma i\u015flemi ger\u00e7ekle\u015ftirdi\u011finizde ki\u015fisel bilgilerinizi nas\u0131l toplad\u0131\u011f\u0131m\u0131z\u0131, kulland\u0131\u011f\u0131m\u0131z\u0131 ve payla\u015ft\u0131\u011f\u0131m\u0131z\u0131 a\u00e7\u0131klar.<\/p><h2 data-start=\"385\" data-end=\"418\">Toplad\u0131\u011f\u0131m\u0131z Ki\u015fisel Bilgiler<\/h2><p data-start=\"420\" data-end=\"628\">Web sitemizi ziyaret etti\u011finizde, cihaz\u0131n\u0131z ve gezinme davran\u0131\u015f\u0131n\u0131z hakk\u0131nda belirli bilgileri toplar\u0131z. Ayr\u0131ca, sipari\u015f verdi\u011finizde veya sipari\u015f vermeye \u00e7al\u0131\u015ft\u0131\u011f\u0131n\u0131zda, gerekli sipari\u015f bilgilerini toplar\u0131z.<\/p><p data-start=\"630\" data-end=\"667\">Toplad\u0131\u011f\u0131m\u0131z bilgiler \u015funlar\u0131 i\u00e7erir:<\/p><ul data-start=\"669\" data-end=\"1077\"><li data-start=\"669\" data-end=\"677\"><p data-start=\"671\" data-end=\"677\">\u0130sim<\/p><\/li><li data-start=\"678\" data-end=\"707\"><p data-start=\"680\" data-end=\"707\">Fatura ve teslimat adresi<\/p><\/li><li data-start=\"708\" data-end=\"726\"><p data-start=\"710\" data-end=\"726\">E-posta adresi<\/p><\/li><li data-start=\"727\" data-end=\"747\"><p data-start=\"729\" data-end=\"747\">Telefon numaras\u0131<\/p><\/li><li data-start=\"748\" data-end=\"837\"><p data-start=\"750\" data-end=\"837\">\u00d6deme bilgileri (\u00fc\u00e7\u00fcnc\u00fc taraf \u00f6deme sa\u011flay\u0131c\u0131lar\u0131 taraf\u0131ndan g\u00fcvenli \u015fekilde i\u015flenir)<\/p><\/li><li data-start=\"838\" data-end=\"905\"><p data-start=\"840\" data-end=\"905\">Sipari\u015f ge\u00e7mi\u015fi, g\u00f6r\u00fcnt\u00fclenen veya sepete eklenen \u00fcr\u00fcnler dahil<\/p><\/li><li data-start=\"906\" data-end=\"919\"><p data-start=\"908\" data-end=\"919\">IP adresi<\/p><\/li><li data-start=\"920\" data-end=\"962\"><p data-start=\"922\" data-end=\"962\">\u0130nternet taray\u0131c\u0131s\u0131 ve cihaz detaylar\u0131<\/p><\/li><li data-start=\"963\" data-end=\"994\"><p data-start=\"965\" data-end=\"994\">\u00c7erez veya piksel bilgileri<\/p><\/li><li data-start=\"995\" data-end=\"1077\"><p data-start=\"997\" data-end=\"1077\">E-posta veya ileti\u015fim formlar\u0131 arac\u0131l\u0131\u011f\u0131yla bize g\u00f6nderilen yaz\u0131l\u0131 ileti\u015fimler<\/p><\/li><\/ul><h3 data-start=\"1079\" data-end=\"1123\">Ki\u015fisel Bilgilerinizi Nas\u0131l Kullan\u0131yoruz<\/h3><p data-start=\"1125\" data-end=\"1170\">Toplanan bilgileri \u015fu ama\u00e7larla kullan\u0131yoruz:<\/p><ul data-start=\"1172\" data-end=\"1534\"><li data-start=\"1172\" data-end=\"1243\"><p data-start=\"1174\" data-end=\"1243\">Sipari\u015finizi i\u015flemek ve yerine getirmek, \u00f6demeler ve teslimat dahil<\/p><\/li><li data-start=\"1244\" data-end=\"1322\"><p data-start=\"1246\" data-end=\"1322\">Sipari\u015fler, sorular veya destek talepleri hakk\u0131nda sizinle ileti\u015fim kurmak<\/p><\/li><li data-start=\"1323\" data-end=\"1378\"><p data-start=\"1325\" data-end=\"1378\">Doland\u0131r\u0131c\u0131l\u0131k \u00f6nleme amac\u0131yla i\u015flemleri denetlemek<\/p><\/li><li data-start=\"1379\" data-end=\"1443\"><p data-start=\"1381\" data-end=\"1443\">Web sitemizi ve hizmetlerimizi geli\u015ftirmek ve optimize etmek<\/p><\/li><li data-start=\"1444\" data-end=\"1534\"><p data-start=\"1446\" data-end=\"1534\">Aboneyseniz, size tan\u0131t\u0131m e-postalar\u0131 g\u00f6ndermek (her zaman abonelikten \u00e7\u0131kabilirsiniz)<\/p><\/li><\/ul><h3 data-start=\"1536\" data-end=\"1572\">Ki\u015fisel Bilgilerinizin Payla\u015f\u0131m\u0131<\/h3><p data-start=\"1574\" data-end=\"1747\">Ki\u015fisel bilgilerinizi \u00fc\u00e7\u00fcnc\u00fc taraflara satm\u0131yor veya kiralam\u0131yoruz. Ancak, temel hizmetleri sa\u011flamak i\u00e7in g\u00fcvenilir \u00fc\u00e7\u00fcnc\u00fc taraflarla a\u015fa\u011f\u0131daki bilgilerinizi payla\u015fabiliriz:<\/p><ul data-start=\"1749\" data-end=\"2188\"><li data-start=\"1749\" data-end=\"1798\"><p data-start=\"1751\" data-end=\"1798\">\u00d6deme \u0130\u015fleyiciler: Stripe, PayPal, Google Pay<\/p><\/li><li data-start=\"1799\" data-end=\"1889\"><p data-start=\"1801\" data-end=\"1889\">Kargo Sa\u011flay\u0131c\u0131lar\u0131: DHL, Evri, Hermes, Royal Mail, DPD Local (sipari\u015f teslimat\u0131 i\u00e7in)<\/p><\/li><li data-start=\"1890\" data-end=\"2045\"><p data-start=\"1892\" data-end=\"2045\">Analiz ve Pazarlama Ara\u00e7lar\u0131: Google Analytics, Meta (Facebook &amp; Instagram) ve di\u011fer reklam platformlar\u0131 (web sitesi performans\u0131 ve reklam takibi i\u00e7in)<\/p><\/li><li data-start=\"2046\" data-end=\"2188\"><p data-start=\"2048\" data-end=\"2188\">Yasal Uyumluluk: Yasal gereklilik durumunda, ki\u015fisel verilerinizi yasal y\u00fck\u00fcml\u00fcl\u00fcklere uymak veya haklar\u0131m\u0131z\u0131 korumak i\u00e7in a\u00e7\u0131klayabiliriz<\/p><\/li><\/ul><h3 data-start=\"2190\" data-end=\"2225\">\u00c7erezler ve Takip Teknolojileri<\/h3><p data-start=\"2227\" data-end=\"2511\">Kullan\u0131c\u0131 deneyimini geli\u015ftirmek ve web sitesi trafi\u011fini analiz etmek i\u00e7in \u00e7erezler, g\u00fcnl\u00fck dosyalar\u0131 ve takip pikselleri kullan\u0131yoruz. \u00c7erezleri taray\u0131c\u0131 ayarlar\u0131n\u0131zdan y\u00f6netebilir veya devre d\u0131\u015f\u0131 b\u0131rakabilirsiniz. Daha fazla bilgi i\u00e7in <a class=\"\" href=\"http:\/\/www.allaboutcookies.org\/\" target=\"_new\" rel=\"noopener\" data-start=\"2465\" data-end=\"2488\">www.allaboutcookies.org<\/a> adresini ziyaret edin.<\/p><h3 data-start=\"2513\" data-end=\"2555\">Haklar\u0131n\u0131z (T\u00fcrkiye Vatanda\u015flar\u0131 \u0130\u00e7in)<\/h3><p data-start=\"2557\" data-end=\"2679\">T\u00fcrkiye\u2019de bulunan kullan\u0131c\u0131lar olarak, Ki\u015fisel Verilerin Korunmas\u0131 Kanunu (KVKK) kapsam\u0131nda a\u015fa\u011f\u0131daki haklara sahipsiniz:<\/p><ul data-start=\"2681\" data-end=\"3006\"><li data-start=\"2681\" data-end=\"2751\"><p data-start=\"2683\" data-end=\"2751\">Ki\u015fisel verilerinize eri\u015fme, d\u00fczeltme, g\u00fcncelleme veya silme hakk\u0131<\/p><\/li><li data-start=\"2752\" data-end=\"2815\"><p data-start=\"2754\" data-end=\"2815\">\u0130\u015flenen verilere itiraz etme ve i\u015flenmesini s\u0131n\u0131rlama hakk\u0131<\/p><\/li><li data-start=\"2816\" data-end=\"2858\"><p data-start=\"2818\" data-end=\"2858\">Verilerin ta\u015f\u0131nmas\u0131n\u0131 talep etme hakk\u0131<\/p><\/li><li data-start=\"2859\" data-end=\"2918\"><p data-start=\"2861\" data-end=\"2918\">Verilerin i\u015flenmesine verdi\u011finiz onay\u0131 geri \u00e7ekme hakk\u0131<\/p><\/li><li data-start=\"2919\" data-end=\"3006\"><p data-start=\"2921\" data-end=\"3006\">Bu haklar\u0131n\u0131z\u0131 kullanmak i\u00e7in bize <a class=\"cursor-pointer\" rel=\"noopener\" data-start=\"2956\" data-end=\"2977\">support@scopslife.com<\/a> adresinden ula\u015fabilirsiniz<\/p><\/li><\/ul><h3 data-start=\"3008\" data-end=\"3024\">Veri Saklama<\/h3><p data-start=\"3026\" data-end=\"3211\">Yasal, vergi veya muhasebe y\u00fck\u00fcml\u00fcl\u00fcklerine uymak i\u00e7in sipari\u015f bilgilerini gerekli oldu\u011fu s\u00fcrece sakl\u0131yoruz. Verilerinizin silinmesini talep etmek i\u00e7in bizimle ileti\u015fime ge\u00e7ebilirsiniz.<\/p><h3 data-start=\"3213\" data-end=\"3249\">\u0130zleme Sinyalleri (Do Not Track)<\/h3><p data-start=\"3251\" data-end=\"3363\">Taray\u0131c\u0131n\u0131zdan gelen Do Not Track (DNT) sinyalini alg\u0131lad\u0131\u011f\u0131m\u0131zda veri toplama uygulamalar\u0131m\u0131z\u0131 de\u011fi\u015ftirmiyoruz.<\/p><h3 data-start=\"3365\" data-end=\"3403\">Bu Politika Hakk\u0131nda De\u011fi\u015fiklikler<\/h3><p data-start=\"3405\" data-end=\"3606\">Bu Gizlilik Politikas\u0131n\u0131 operasyonel, yasal veya d\u00fczenleyici de\u011fi\u015fikliklere uyum sa\u011flamak amac\u0131yla periyodik olarak g\u00fcncelleyebiliriz. G\u00fcncellemeler web sitemizde yay\u0131nlanacak ve tarih belirtilecektir.<\/p><h3 data-start=\"3608\" data-end=\"3620\">\u0130leti\u015fim<\/h3><p data-start=\"3622\" data-end=\"3730\">Bu Gizlilik Politikas\u0131 veya verilerinizle ilgili herhangi bir sorunuz varsa, l\u00fctfen bizimle ileti\u015fime ge\u00e7in:<\/p><p data-start=\"3732\" data-end=\"3941\"><strong data-start=\"3732\" data-end=\"3741\">SCOPS<\/strong><br data-start=\"3741\" data-end=\"3744\" \/>\u015eirket Ad\u0131: SCOPS TRADE LIMITED<br data-start=\"3775\" data-end=\"3778\" \/>E-posta: <a class=\"cursor-pointer\" rel=\"noopener\" data-start=\"3787\" data-end=\"3808\">support@scopslife.com<\/a><br data-start=\"3808\" data-end=\"3811\" \/>Kay\u0131tl\u0131 Adres:<br data-start=\"3825\" data-end=\"3828\" \/>Building 3, Chiswick Business Park<br data-start=\"3862\" data-end=\"3865\" \/>566 Chiswick High Road<br data-start=\"3887\" data-end=\"3890\" \/>London<br data-start=\"3896\" data-end=\"3899\" \/>W4 5YA<br data-start=\"3905\" data-end=\"3908\" \/>Web Sitesi: <a class=\"cursor-pointer\" rel=\"noopener\" data-start=\"3920\" data-end=\"3941\">support@scopslife.com<\/a><\/p>\t\t\t\t\t\t\t\t<\/div>\n\t\t\t\t\t<\/div>\n\t\t\t\t<\/div>\n\t\t\t\t<\/div>\n\t\t","protected":false},"excerpt":{"rendered":"<p>SCOPS (&#8220;biz,&#8221; &#8220;bizim,&#8221; veya &#8220;bize&#8221;) gizlili\u011finizi korumaya kendini adam\u0131\u015ft\u0131r. Bu Gizlilik Politikas\u0131, web sitemizi (www.scopslife.com) ziyaret etti\u011finizde veya sat\u0131n alma i\u015flemi ger\u00e7ekle\u015ftirdi\u011finizde ki\u015fisel bilgilerinizi nas\u0131l toplad\u0131\u011f\u0131m\u0131z\u0131, kulland\u0131\u011f\u0131m\u0131z\u0131 ve payla\u015ft\u0131\u011f\u0131m\u0131z\u0131 a\u00e7\u0131klar. Toplad\u0131\u011f\u0131m\u0131z Ki\u015fisel Bilgiler Web sitemizi ziyaret etti\u011finizde, cihaz\u0131n\u0131z ve gezinme davran\u0131\u015f\u0131n\u0131z hakk\u0131nda belirli bilgileri toplar\u0131z. Ayr\u0131ca, sipari\u015f verdi\u011finizde veya sipari\u015f vermeye \u00e7al\u0131\u015ft\u0131\u011f\u0131n\u0131zda, gerekli sipari\u015f bilgilerini [&hellip;]<\/p>\n","protected":false},"author":1,"featured_media":0,"parent":0,"menu_order":0,"comment_status":"closed","ping_status":"closed","template":"page-full-width.php","meta":{"footnotes":""},"class_list":["post-9150","page","type-page","status-publish","hentry"],"yoast_head":"<!-- This site is optimized with the Yoast SEO plugin v27.1.1 - https:\/\/yoast.com\/product\/yoast-seo-wordpress\/ -->\n<title>Gizlilik Politikas\u0131 - \u00c7erezler ve Haklar\u0131n\u0131z | Scops<\/title>\n<meta name=\"description\" content=\"Scops\u2019un gizlilik politikas\u0131yla verileriniz g\u00fcvende. \u00c7erezler, haklar\u0131n\u0131z ve koruma \u00f6nlemleri hakk\u0131nda bilgi al\u0131n, g\u00fcvenle al\u0131\u015fveri\u015f yap\u0131n.\" \/>\n<meta name=\"robots\" content=\"index, follow, max-snippet:-1, max-image-preview:large, max-video-preview:-1\" \/>\n<link rel=\"canonical\" href=\"https:\/\/scopslife.com\/tr\/gizlilik-politikasi\/\" \/>\n<meta property=\"og:locale\" content=\"tr_TR\" \/>\n<meta property=\"og:type\" content=\"article\" \/>\n<meta property=\"og:title\" content=\"Gizlilik Politikas\u0131 - \u00c7erezler ve Haklar\u0131n\u0131z | Scops\" \/>\n<meta property=\"og:description\" content=\"Scops\u2019un gizlilik politikas\u0131yla verileriniz g\u00fcvende. \u00c7erezler, haklar\u0131n\u0131z ve koruma \u00f6nlemleri hakk\u0131nda bilgi al\u0131n, g\u00fcvenle al\u0131\u015fveri\u015f yap\u0131n.\" \/>\n<meta property=\"og:url\" content=\"https:\/\/scopslife.com\/tr\/gizlilik-politikasi\/\" \/>\n<meta property=\"og:site_name\" content=\"Scops\" \/>\n<meta property=\"article:modified_time\" content=\"2025-08-14T11:38:18+00:00\" \/>\n<meta name=\"twitter:card\" content=\"summary_large_image\" \/>\n<meta name=\"twitter:label1\" content=\"Tahmini okuma s\u00fcresi\" \/>\n\t<meta name=\"twitter:data1\" content=\"3 dakika\" \/>\n<script type=\"application\/ld+json\" class=\"yoast-schema-graph\">{\"@context\":\"https:\/\/schema.org\",\"@graph\":[{\"@type\":\"WebPage\",\"@id\":\"https:\/\/scopslife.com\/tr\/gizlilik-politikasi\/\",\"url\":\"https:\/\/scopslife.com\/tr\/gizlilik-politikasi\/\",\"name\":\"Gizlilik Politikas\u0131 - \u00c7erezler ve Haklar\u0131n\u0131z | Scops\",\"isPartOf\":{\"@id\":\"https:\/\/scopslife.com\/tr\/#website\"},\"datePublished\":\"2024-12-24T12:37:16+00:00\",\"dateModified\":\"2025-08-14T11:38:18+00:00\",\"description\":\"Scops\u2019un gizlilik politikas\u0131yla verileriniz g\u00fcvende. \u00c7erezler, haklar\u0131n\u0131z ve koruma \u00f6nlemleri hakk\u0131nda bilgi al\u0131n, g\u00fcvenle al\u0131\u015fveri\u015f yap\u0131n.\",\"breadcrumb\":{\"@id\":\"https:\/\/scopslife.com\/tr\/gizlilik-politikasi\/#breadcrumb\"},\"inLanguage\":\"tr\",\"potentialAction\":[{\"@type\":\"ReadAction\",\"target\":[\"https:\/\/scopslife.com\/tr\/gizlilik-politikasi\/\"]}]},{\"@type\":\"BreadcrumbList\",\"@id\":\"https:\/\/scopslife.com\/tr\/gizlilik-politikasi\/#breadcrumb\",\"itemListElement\":[{\"@type\":\"ListItem\",\"position\":1,\"name\":\"Anasayfa\",\"item\":\"https:\/\/scopslife.com\/tr\/\"},{\"@type\":\"ListItem\",\"position\":2,\"name\":\"Gizlilik Politikas\u0131\"}]},{\"@type\":\"WebSite\",\"@id\":\"https:\/\/scopslife.com\/tr\/#website\",\"url\":\"https:\/\/scopslife.com\/tr\/\",\"name\":\"Scops\",\"description\":\"Elevate\",\"potentialAction\":[{\"@type\":\"SearchAction\",\"target\":{\"@type\":\"EntryPoint\",\"urlTemplate\":\"https:\/\/scopslife.com\/tr\/?s={search_term_string}\"},\"query-input\":{\"@type\":\"PropertyValueSpecification\",\"valueRequired\":true,\"valueName\":\"search_term_string\"}}],\"inLanguage\":\"tr\"}]}<\/script>\n<!-- \/ Yoast SEO plugin. -->","yoast_head_json":{"title":"Gizlilik Politikas\u0131 - \u00c7erezler ve Haklar\u0131n\u0131z | Scops","description":"Scops\u2019un gizlilik politikas\u0131yla verileriniz g\u00fcvende. \u00c7erezler, haklar\u0131n\u0131z ve koruma \u00f6nlemleri hakk\u0131nda bilgi al\u0131n, g\u00fcvenle al\u0131\u015fveri\u015f yap\u0131n.","robots":{"index":"index","follow":"follow","max-snippet":"max-snippet:-1","max-image-preview":"max-image-preview:large","max-video-preview":"max-video-preview:-1"},"canonical":"https:\/\/scopslife.com\/tr\/gizlilik-politikasi\/","og_locale":"tr_TR","og_type":"article","og_title":"Gizlilik Politikas\u0131 - \u00c7erezler ve Haklar\u0131n\u0131z | Scops","og_description":"Scops\u2019un gizlilik politikas\u0131yla verileriniz g\u00fcvende. \u00c7erezler, haklar\u0131n\u0131z ve koruma \u00f6nlemleri hakk\u0131nda bilgi al\u0131n, g\u00fcvenle al\u0131\u015fveri\u015f yap\u0131n.","og_url":"https:\/\/scopslife.com\/tr\/gizlilik-politikasi\/","og_site_name":"Scops","article_modified_time":"2025-08-14T11:38:18+00:00","twitter_card":"summary_large_image","twitter_misc":{"Tahmini okuma s\u00fcresi":"3 dakika"},"schema":{"@context":"https:\/\/schema.org","@graph":[{"@type":"WebPage","@id":"https:\/\/scopslife.com\/tr\/gizlilik-politikasi\/","url":"https:\/\/scopslife.com\/tr\/gizlilik-politikasi\/","name":"Gizlilik Politikas\u0131 - \u00c7erezler ve Haklar\u0131n\u0131z | Scops","isPartOf":{"@id":"https:\/\/scopslife.com\/tr\/#website"},"datePublished":"2024-12-24T12:37:16+00:00","dateModified":"2025-08-14T11:38:18+00:00","description":"Scops\u2019un gizlilik politikas\u0131yla verileriniz g\u00fcvende. \u00c7erezler, haklar\u0131n\u0131z ve koruma \u00f6nlemleri hakk\u0131nda bilgi al\u0131n, g\u00fcvenle al\u0131\u015fveri\u015f yap\u0131n.","breadcrumb":{"@id":"https:\/\/scopslife.com\/tr\/gizlilik-politikasi\/#breadcrumb"},"inLanguage":"tr","potentialAction":[{"@type":"ReadAction","target":["https:\/\/scopslife.com\/tr\/gizlilik-politikasi\/"]}]},{"@type":"BreadcrumbList","@id":"https:\/\/scopslife.com\/tr\/gizlilik-politikasi\/#breadcrumb","itemListElement":[{"@type":"ListItem","position":1,"name":"Anasayfa","item":"https:\/\/scopslife.com\/tr\/"},{"@type":"ListItem","position":2,"name":"Gizlilik Politikas\u0131"}]},{"@type":"WebSite","@id":"https:\/\/scopslife.com\/tr\/#website","url":"https:\/\/scopslife.com\/tr\/","name":"Scops","description":"Elevate","potentialAction":[{"@type":"SearchAction","target":{"@type":"EntryPoint","urlTemplate":"https:\/\/scopslife.com\/tr\/?s={search_term_string}"},"query-input":{"@type":"PropertyValueSpecification","valueRequired":true,"valueName":"search_term_string"}}],"inLanguage":"tr"}]}},"_links":{"self":[{"href":"https:\/\/scopslife.com\/tr\/wp-json\/wp\/v2\/pages\/9150","targetHints":{"allow":["GET"]}}],"collection":[{"href":"https:\/\/scopslife.com\/tr\/wp-json\/wp\/v2\/pages"}],"about":[{"href":"https:\/\/scopslife.com\/tr\/wp-json\/wp\/v2\/types\/page"}],"author":[{"embeddable":true,"href":"https:\/\/scopslife.com\/tr\/wp-json\/wp\/v2\/users\/1"}],"replies":[{"embeddable":true,"href":"https:\/\/scopslife.com\/tr\/wp-json\/wp\/v2\/comments?post=9150"}],"version-history":[{"count":28,"href":"https:\/\/scopslife.com\/tr\/wp-json\/wp\/v2\/pages\/9150\/revisions"}],"predecessor-version":[{"id":13051,"href":"https:\/\/scopslife.com\/tr\/wp-json\/wp\/v2\/pages\/9150\/revisions\/13051"}],"wp:attachment":[{"href":"https:\/\/scopslife.com\/tr\/wp-json\/wp\/v2\/media?parent=9150"}],"curies":[{"name":"wp","href":"https:\/\/api.w.org\/{rel}","templated":true}]}}