{"id":9239,"date":"2024-12-25T13:11:00","date_gmt":"2024-12-25T13:11:00","guid":{"rendered":"https:\/\/scopslife.com\/?page_id=9239"},"modified":"2025-08-14T14:42:54","modified_gmt":"2025-08-14T11:42:54","slug":"iade-ve-geri-odeme-politikasi","status":"publish","type":"page","link":"https:\/\/scopslife.com\/tr\/iade-ve-geri-odeme-politikasi\/","title":{"rendered":"\u0130ade ve Geri \u00d6deme Politikas\u0131"},"content":{"rendered":"\t\t<div data-elementor-type=\"wp-page\" data-elementor-id=\"9239\" class=\"elementor elementor-9239\" data-elementor-post-type=\"page\">\n\t\t\t\t<div class=\"elementor-element elementor-element-8ce3f0a e-flex e-con-boxed e-con e-parent\" data-id=\"8ce3f0a\" data-element_type=\"container\">\n\t\t\t\t\t<div class=\"e-con-inner\">\n\t\t\t\t<div class=\"elementor-element elementor-element-902b405 elementor-widget elementor-widget-text-editor\" data-id=\"902b405\" data-element_type=\"widget\" data-widget_type=\"text-editor.default\">\n\t\t\t\t\t\t\t\t\t<p data-start=\"79\" data-end=\"255\"><strong data-start=\"79\" data-end=\"255\">SCOPS olarak, y\u00fcksek kaliteli \u00fcr\u00fcnler sunmaya ve m\u00fc\u015fteri memnuniyetini sa\u011flamaya kendimizi adam\u0131\u015f bulunmaktay\u0131z. A\u015fa\u011f\u0131da, iade ve \u00fcr\u00fcn garantisi politikam\u0131z yer almaktad\u0131r.<\/strong><\/p><h3 data-start=\"257\" data-end=\"279\">1. \u0130ade Politikas\u0131<\/h3><p data-start=\"281\" data-end=\"303\"><strong data-start=\"281\" data-end=\"303\">1.1 \u0130ade Ko\u015fullar\u0131<\/strong><\/p><p data-start=\"305\" data-end=\"387\">A\u015fa\u011f\u0131daki ko\u015fullar sa\u011fland\u0131\u011f\u0131nda \u00fcr\u00fcn iadelerini kabul eder ve geri \u00f6deme yapar\u0131z:<\/p><ul data-start=\"389\" data-end=\"668\"><li data-start=\"389\" data-end=\"444\"><p data-start=\"391\" data-end=\"444\">\u00dcr\u00fcn kullan\u0131lmam\u0131\u015f ve orijinal ambalaj\u0131nda olmal\u0131d\u0131r.<\/p><\/li><li data-start=\"445\" data-end=\"518\"><p data-start=\"447\" data-end=\"518\">\u0130ade talebi, sat\u0131n alma tarihinden itibaren 30 g\u00fcn i\u00e7inde yap\u0131lmal\u0131d\u0131r.<\/p><\/li><li data-start=\"519\" data-end=\"601\"><p data-start=\"521\" data-end=\"601\">\u00dcr\u00fcn ar\u0131zal\u0131 ise, tam iade sa\u011flan\u0131r (garanti detaylar\u0131 i\u00e7in b\u00f6l\u00fcm 2\u2019ye bak\u0131n\u0131z).<\/p><\/li><li data-start=\"602\" data-end=\"668\"><p data-start=\"604\" data-end=\"668\">\u0130ade \u00fcr\u00fcn ar\u0131zal\u0131 de\u011filse, kargo \u00fccreti iade tutar\u0131ndan d\u00fc\u015f\u00fcl\u00fcr.<\/p><\/li><\/ul><p data-start=\"670\" data-end=\"689\"><strong data-start=\"670\" data-end=\"689\">1.2 \u0130ade S\u00fcreci<\/strong><\/p><ul data-start=\"691\" data-end=\"1029\"><li data-start=\"691\" data-end=\"803\"><p data-start=\"693\" data-end=\"803\">\u0130ade ba\u015flatmak i\u00e7in l\u00fctfen M\u00fc\u015fteri Hizmetleri Ekibimizle e-posta veya online portal \u00fczerinden ileti\u015fime ge\u00e7in.<\/p><\/li><li data-start=\"804\" data-end=\"863\"><p data-start=\"806\" data-end=\"863\">\u00dcr\u00fcn ar\u0131zal\u0131 de\u011filse, iade kargo \u00fccreti m\u00fc\u015fteriye aittir.<\/p><\/li><li data-start=\"864\" data-end=\"924\"><p data-start=\"866\" data-end=\"924\">G\u00fcvenli teslimat i\u00e7in takipli kargo kullanman\u0131z\u0131 \u00f6neririz.<\/p><\/li><li data-start=\"925\" data-end=\"1029\"><p data-start=\"927\" data-end=\"1029\">\u0130ade edilen \u00fcr\u00fcn taraf\u0131m\u0131za ula\u015f\u0131p incelendikten sonra, iade i\u015flemi 14 i\u015f g\u00fcn\u00fc i\u00e7inde tamamlanacakt\u0131r.<\/p><\/li><\/ul><p data-start=\"1031\" data-end=\"1062\"><strong data-start=\"1031\" data-end=\"1062\">1.3 \u0130ade Edilemeyen \u00dcr\u00fcnler<\/strong><\/p><ul data-start=\"1064\" data-end=\"1214\"><li data-start=\"1064\" data-end=\"1129\"><p data-start=\"1066\" data-end=\"1129\">M\u00fc\u015fteri hatas\u0131 nedeniyle kullan\u0131lm\u0131\u015f veya hasar g\u00f6rm\u00fc\u015f \u00fcr\u00fcnler.<\/p><\/li><li data-start=\"1130\" data-end=\"1177\"><p data-start=\"1132\" data-end=\"1177\">\u00d6zel sipari\u015f veya ki\u015fiselle\u015ftirilmi\u015f \u00fcr\u00fcnler.<\/p><\/li><li data-start=\"1178\" data-end=\"1214\"><p data-start=\"1180\" data-end=\"1214\">\u0130ndirimli veya son sat\u0131\u015f \u00fcr\u00fcnleri.<\/p><\/li><\/ul><hr data-start=\"1216\" data-end=\"1219\" \/><h3 data-start=\"1221\" data-end=\"1246\">2. Garanti Politikas\u0131<\/h3><p data-start=\"1248\" data-end=\"1262\"><strong data-start=\"1248\" data-end=\"1262\">2.1 Kapsam<\/strong><\/p><p data-start=\"1264\" data-end=\"1364\">SCOPS \u00fcr\u00fcnleri, sat\u0131n alma tarihinden itibaren bir y\u0131l boyunca \u00fcretim hatalar\u0131na kar\u015f\u0131 garantilidir.<\/p><p data-start=\"1366\" data-end=\"1405\">Garanti kapsam\u0131 d\u0131\u015f\u0131nda kalan durumlar:<\/p><ul data-start=\"1407\" data-end=\"1602\"><li data-start=\"1407\" data-end=\"1480\"><p data-start=\"1409\" data-end=\"1480\">Yanl\u0131\u015f kullan\u0131m, kazalar veya yetersiz bak\u0131m nedeniyle olu\u015fan hasarlar.<\/p><\/li><li data-start=\"1481\" data-end=\"1539\"><p data-start=\"1483\" data-end=\"1539\">Normal a\u015f\u0131nma ve y\u0131pranma (\u00e7izikler, kozmetik hasarlar).<\/p><\/li><li data-start=\"1540\" data-end=\"1602\"><p data-start=\"1542\" data-end=\"1602\">Yetkisiz modifikasyon veya tamirlerden kaynaklanan sorunlar.<\/p><\/li><\/ul><p data-start=\"1604\" data-end=\"1629\"><strong data-start=\"1604\" data-end=\"1629\">2.2 Garanti Talepleri<\/strong><\/p><ul data-start=\"1631\" data-end=\"2068\"><li data-start=\"1631\" data-end=\"1774\"><p data-start=\"1633\" data-end=\"1774\">\u00dcr\u00fcn\u00fcn\u00fczde bir ar\u0131za oldu\u011funu d\u00fc\u015f\u00fcn\u00fcyorsan\u0131z, sipari\u015f numaras\u0131, sorun a\u00e7\u0131klamas\u0131 ve m\u00fcmk\u00fcnse foto\u011fraflarla destek ekibimizle ileti\u015fime ge\u00e7in.<\/p><\/li><li data-start=\"1775\" data-end=\"1881\"><p data-start=\"1777\" data-end=\"1881\">Ar\u0131zal\u0131 \u00fcr\u00fcnler, \u00fcretim kaynakl\u0131 sorun olup olmad\u0131\u011f\u0131n\u0131 belirlemek i\u00e7in d\u0131\u015f laboratuvarlarda test edilir.<\/p><\/li><li data-start=\"1882\" data-end=\"1957\"><p data-start=\"1884\" data-end=\"1957\">\u00dcretici hatas\u0131 tespit edilirse, \u00fccretsiz de\u011fi\u015fim veya iade sa\u011flanacakt\u0131r.<\/p><\/li><li data-start=\"1958\" data-end=\"2068\"><p data-start=\"1960\" data-end=\"2068\">Sorunun kullan\u0131c\u0131 kaynakl\u0131 oldu\u011fu anla\u015f\u0131l\u0131rsa, garanti ge\u00e7erli olmayacak, iade veya de\u011fi\u015fim yap\u0131lmayacakt\u0131r.<\/p><\/li><\/ul><hr data-start=\"2070\" data-end=\"2073\" \/><h3 data-start=\"2075\" data-end=\"2103\">3. Yedek Par\u00e7a Garantisi<\/h3><ul data-start=\"2105\" data-end=\"2291\"><li data-start=\"2105\" data-end=\"2189\"><p data-start=\"2107\" data-end=\"2189\">Sat\u0131n alma tarihinden itibaren en az 3 y\u0131l yedek par\u00e7a temini garantisi veriyoruz.<\/p><\/li><li data-start=\"2190\" data-end=\"2291\"><p data-start=\"2192\" data-end=\"2291\">Yedek par\u00e7alar resmi ma\u011fazam\u0131zdan sat\u0131n al\u0131nabilir veya destek ekibimizle ileti\u015fime ge\u00e7ebilirsiniz.<\/p><\/li><\/ul><hr data-start=\"2293\" data-end=\"2296\" \/><h3 data-start=\"2298\" data-end=\"2316\">4. Ek Bilgiler<\/h3><ul data-start=\"2318\" data-end=\"2602\"><li data-start=\"2318\" data-end=\"2395\"><p data-start=\"2320\" data-end=\"2395\">\u0130adeler, sat\u0131n alma s\u0131ras\u0131nda kullan\u0131lan orijinal \u00f6deme y\u00f6ntemiyle yap\u0131l\u0131r.<\/p><\/li><li data-start=\"2396\" data-end=\"2515\"><p data-start=\"2398\" data-end=\"2515\">Promosyonlu sipari\u015flerde (\u00f6rne\u011fin, Bir Alana Bir Bedava) tam iade i\u00e7in t\u00fcm \u00fcr\u00fcnlerin geri g\u00f6nderilmesi gerekmektedir.<\/p><\/li><li data-start=\"2516\" data-end=\"2602\"><p data-start=\"2518\" data-end=\"2602\">Bu politikada yer almayan sorular\u0131n\u0131z i\u00e7in l\u00fctfen destek ekibimizle ileti\u015fime ge\u00e7in.<\/p><\/li><\/ul><hr data-start=\"2604\" data-end=\"2607\" \/><p data-start=\"2609\" data-end=\"2708\"><strong data-start=\"2609\" data-end=\"2707\">SCOPS\u2019u tercih etti\u011finiz i\u00e7in te\u015fekk\u00fcr ederiz. \u00dcr\u00fcnlerimize duydu\u011funuz g\u00fcven i\u00e7in minnettar\u0131z!<\/strong><\/p>\t\t\t\t\t\t\t\t<\/div>\n\t\t\t\t\t<\/div>\n\t\t\t\t<\/div>\n\t\t\t\t<\/div>\n\t\t","protected":false},"excerpt":{"rendered":"<p>SCOPS olarak, y\u00fcksek kaliteli \u00fcr\u00fcnler sunmaya ve m\u00fc\u015fteri memnuniyetini sa\u011flamaya kendimizi adam\u0131\u015f bulunmaktay\u0131z. A\u015fa\u011f\u0131da, iade ve \u00fcr\u00fcn garantisi politikam\u0131z yer almaktad\u0131r. 1. \u0130ade Politikas\u0131 1.1 \u0130ade Ko\u015fullar\u0131 A\u015fa\u011f\u0131daki ko\u015fullar sa\u011fland\u0131\u011f\u0131nda \u00fcr\u00fcn iadelerini kabul eder ve geri \u00f6deme yapar\u0131z: \u00dcr\u00fcn kullan\u0131lmam\u0131\u015f ve orijinal ambalaj\u0131nda olmal\u0131d\u0131r. \u0130ade talebi, sat\u0131n alma tarihinden itibaren 30 g\u00fcn i\u00e7inde yap\u0131lmal\u0131d\u0131r. \u00dcr\u00fcn [&hellip;]<\/p>\n","protected":false},"author":1,"featured_media":0,"parent":0,"menu_order":0,"comment_status":"closed","ping_status":"closed","template":"page-full-width.php","meta":{"footnotes":""},"class_list":["post-9239","page","type-page","status-publish","hentry"],"yoast_head":"<!-- This site is optimized with the Yoast SEO plugin v27.1.1 - https:\/\/yoast.com\/product\/yoast-seo-wordpress\/ -->\n<title>\u0130ade ve Geri \u00d6deme Politikas\u0131 | Scops<\/title>\n<meta name=\"description\" content=\"Scops\u2019ta g\u00fcvenle al\u0131\u015fveri\u015f yap\u0131n. \u0130ade ve geri \u00f6deme politikam\u0131z ile memnun kalmad\u0131\u011f\u0131n\u0131z \u00fcr\u00fcnleri kolayca iade edin, \u00f6demenizi h\u0131zl\u0131ca geri al\u0131n!\" \/>\n<meta name=\"robots\" content=\"index, follow, max-snippet:-1, max-image-preview:large, max-video-preview:-1\" \/>\n<link rel=\"canonical\" href=\"https:\/\/scopslife.com\/tr\/iade-ve-geri-odeme-politikasi\/\" \/>\n<meta property=\"og:locale\" content=\"tr_TR\" \/>\n<meta property=\"og:type\" content=\"article\" \/>\n<meta property=\"og:title\" content=\"\u0130ade ve Geri \u00d6deme Politikas\u0131 | Scops\" \/>\n<meta property=\"og:description\" content=\"Scops\u2019ta g\u00fcvenle al\u0131\u015fveri\u015f yap\u0131n. \u0130ade ve geri \u00f6deme politikam\u0131z ile memnun kalmad\u0131\u011f\u0131n\u0131z \u00fcr\u00fcnleri kolayca iade edin, \u00f6demenizi h\u0131zl\u0131ca geri al\u0131n!\" \/>\n<meta property=\"og:url\" content=\"https:\/\/scopslife.com\/tr\/iade-ve-geri-odeme-politikasi\/\" \/>\n<meta property=\"og:site_name\" content=\"Scops\" \/>\n<meta property=\"article:modified_time\" content=\"2025-08-14T11:42:54+00:00\" \/>\n<meta name=\"twitter:card\" content=\"summary_large_image\" \/>\n<meta name=\"twitter:label1\" content=\"Tahmini okuma s\u00fcresi\" \/>\n\t<meta name=\"twitter:data1\" content=\"2 dakika\" \/>\n<script type=\"application\/ld+json\" class=\"yoast-schema-graph\">{\"@context\":\"https:\/\/schema.org\",\"@graph\":[{\"@type\":\"WebPage\",\"@id\":\"https:\/\/scopslife.com\/tr\/iade-ve-geri-odeme-politikasi\/\",\"url\":\"https:\/\/scopslife.com\/tr\/iade-ve-geri-odeme-politikasi\/\",\"name\":\"\u0130ade ve Geri \u00d6deme Politikas\u0131 | Scops\",\"isPartOf\":{\"@id\":\"https:\/\/scopslife.com\/tr\/#website\"},\"datePublished\":\"2024-12-25T13:11:00+00:00\",\"dateModified\":\"2025-08-14T11:42:54+00:00\",\"description\":\"Scops\u2019ta g\u00fcvenle al\u0131\u015fveri\u015f yap\u0131n. \u0130ade ve geri \u00f6deme politikam\u0131z ile memnun kalmad\u0131\u011f\u0131n\u0131z \u00fcr\u00fcnleri kolayca iade edin, \u00f6demenizi h\u0131zl\u0131ca geri al\u0131n!\",\"breadcrumb\":{\"@id\":\"https:\/\/scopslife.com\/tr\/iade-ve-geri-odeme-politikasi\/#breadcrumb\"},\"inLanguage\":\"tr\",\"potentialAction\":[{\"@type\":\"ReadAction\",\"target\":[\"https:\/\/scopslife.com\/tr\/iade-ve-geri-odeme-politikasi\/\"]}]},{\"@type\":\"BreadcrumbList\",\"@id\":\"https:\/\/scopslife.com\/tr\/iade-ve-geri-odeme-politikasi\/#breadcrumb\",\"itemListElement\":[{\"@type\":\"ListItem\",\"position\":1,\"name\":\"Anasayfa\",\"item\":\"https:\/\/scopslife.com\/tr\/\"},{\"@type\":\"ListItem\",\"position\":2,\"name\":\"\u0130ade ve Geri \u00d6deme Politikas\u0131\"}]},{\"@type\":\"WebSite\",\"@id\":\"https:\/\/scopslife.com\/tr\/#website\",\"url\":\"https:\/\/scopslife.com\/tr\/\",\"name\":\"Scops\",\"description\":\"Elevate\",\"potentialAction\":[{\"@type\":\"SearchAction\",\"target\":{\"@type\":\"EntryPoint\",\"urlTemplate\":\"https:\/\/scopslife.com\/tr\/?s={search_term_string}\"},\"query-input\":{\"@type\":\"PropertyValueSpecification\",\"valueRequired\":true,\"valueName\":\"search_term_string\"}}],\"inLanguage\":\"tr\"}]}<\/script>\n<!-- \/ Yoast SEO plugin. -->","yoast_head_json":{"title":"\u0130ade ve Geri \u00d6deme Politikas\u0131 | Scops","description":"Scops\u2019ta g\u00fcvenle al\u0131\u015fveri\u015f yap\u0131n. \u0130ade ve geri \u00f6deme politikam\u0131z ile memnun kalmad\u0131\u011f\u0131n\u0131z \u00fcr\u00fcnleri kolayca iade edin, \u00f6demenizi h\u0131zl\u0131ca geri al\u0131n!","robots":{"index":"index","follow":"follow","max-snippet":"max-snippet:-1","max-image-preview":"max-image-preview:large","max-video-preview":"max-video-preview:-1"},"canonical":"https:\/\/scopslife.com\/tr\/iade-ve-geri-odeme-politikasi\/","og_locale":"tr_TR","og_type":"article","og_title":"\u0130ade ve Geri \u00d6deme Politikas\u0131 | Scops","og_description":"Scops\u2019ta g\u00fcvenle al\u0131\u015fveri\u015f yap\u0131n. \u0130ade ve geri \u00f6deme politikam\u0131z ile memnun kalmad\u0131\u011f\u0131n\u0131z \u00fcr\u00fcnleri kolayca iade edin, \u00f6demenizi h\u0131zl\u0131ca geri al\u0131n!","og_url":"https:\/\/scopslife.com\/tr\/iade-ve-geri-odeme-politikasi\/","og_site_name":"Scops","article_modified_time":"2025-08-14T11:42:54+00:00","twitter_card":"summary_large_image","twitter_misc":{"Tahmini okuma s\u00fcresi":"2 dakika"},"schema":{"@context":"https:\/\/schema.org","@graph":[{"@type":"WebPage","@id":"https:\/\/scopslife.com\/tr\/iade-ve-geri-odeme-politikasi\/","url":"https:\/\/scopslife.com\/tr\/iade-ve-geri-odeme-politikasi\/","name":"\u0130ade ve Geri \u00d6deme Politikas\u0131 | Scops","isPartOf":{"@id":"https:\/\/scopslife.com\/tr\/#website"},"datePublished":"2024-12-25T13:11:00+00:00","dateModified":"2025-08-14T11:42:54+00:00","description":"Scops\u2019ta g\u00fcvenle al\u0131\u015fveri\u015f yap\u0131n. \u0130ade ve geri \u00f6deme politikam\u0131z ile memnun kalmad\u0131\u011f\u0131n\u0131z \u00fcr\u00fcnleri kolayca iade edin, \u00f6demenizi h\u0131zl\u0131ca geri al\u0131n!","breadcrumb":{"@id":"https:\/\/scopslife.com\/tr\/iade-ve-geri-odeme-politikasi\/#breadcrumb"},"inLanguage":"tr","potentialAction":[{"@type":"ReadAction","target":["https:\/\/scopslife.com\/tr\/iade-ve-geri-odeme-politikasi\/"]}]},{"@type":"BreadcrumbList","@id":"https:\/\/scopslife.com\/tr\/iade-ve-geri-odeme-politikasi\/#breadcrumb","itemListElement":[{"@type":"ListItem","position":1,"name":"Anasayfa","item":"https:\/\/scopslife.com\/tr\/"},{"@type":"ListItem","position":2,"name":"\u0130ade ve Geri \u00d6deme Politikas\u0131"}]},{"@type":"WebSite","@id":"https:\/\/scopslife.com\/tr\/#website","url":"https:\/\/scopslife.com\/tr\/","name":"Scops","description":"Elevate","potentialAction":[{"@type":"SearchAction","target":{"@type":"EntryPoint","urlTemplate":"https:\/\/scopslife.com\/tr\/?s={search_term_string}"},"query-input":{"@type":"PropertyValueSpecification","valueRequired":true,"valueName":"search_term_string"}}],"inLanguage":"tr"}]}},"_links":{"self":[{"href":"https:\/\/scopslife.com\/tr\/wp-json\/wp\/v2\/pages\/9239","targetHints":{"allow":["GET"]}}],"collection":[{"href":"https:\/\/scopslife.com\/tr\/wp-json\/wp\/v2\/pages"}],"about":[{"href":"https:\/\/scopslife.com\/tr\/wp-json\/wp\/v2\/types\/page"}],"author":[{"embeddable":true,"href":"https:\/\/scopslife.com\/tr\/wp-json\/wp\/v2\/users\/1"}],"replies":[{"embeddable":true,"href":"https:\/\/scopslife.com\/tr\/wp-json\/wp\/v2\/comments?post=9239"}],"version-history":[{"count":14,"href":"https:\/\/scopslife.com\/tr\/wp-json\/wp\/v2\/pages\/9239\/revisions"}],"predecessor-version":[{"id":12983,"href":"https:\/\/scopslife.com\/tr\/wp-json\/wp\/v2\/pages\/9239\/revisions\/12983"}],"wp:attachment":[{"href":"https:\/\/scopslife.com\/tr\/wp-json\/wp\/v2\/media?parent=9239"}],"curies":[{"name":"wp","href":"https:\/\/api.w.org\/{rel}","templated":true}]}}