{"id":9816,"date":"2025-03-27T14:12:49","date_gmt":"2025-03-27T14:12:49","guid":{"rendered":"https:\/\/scopslife.com\/?page_id=9816"},"modified":"2025-08-14T14:38:54","modified_gmt":"2025-08-14T11:38:54","slug":"gonderim","status":"publish","type":"page","link":"https:\/\/scopslife.com\/tr\/gonderim\/","title":{"rendered":"G\u00f6nderim"},"content":{"rendered":"\t\t<div data-elementor-type=\"wp-page\" data-elementor-id=\"9816\" class=\"elementor elementor-9816\" data-elementor-post-type=\"page\">\n\t\t\t\t<div class=\"elementor-element elementor-element-8ce3f0a e-flex e-con-boxed e-con e-parent\" data-id=\"8ce3f0a\" data-element_type=\"container\">\n\t\t\t\t\t<div class=\"e-con-inner\">\n\t\t\t\t<div class=\"elementor-element elementor-element-902b405 elementor-widget elementor-widget-text-editor\" data-id=\"902b405\" data-element_type=\"widget\" data-widget_type=\"text-editor.default\">\n\t\t\t\t\t\t\t\t\t<h2 data-start=\"60\" data-end=\"82\">Teslimat Bilgileri<\/h2><p data-start=\"84\" data-end=\"249\">Online ma\u011fazam\u0131zda bulunmayan \u00f6zel bir \u00fcr\u00fcn ar\u0131yorsan\u0131z veya SSS b\u00f6l\u00fcm\u00fcm\u00fczde yer almayan ba\u015fka sorular\u0131n\u0131z varsa, m\u00fc\u015fteri destek ekibimiz size yard\u0131mc\u0131 olmaya haz\u0131r!<\/p><p data-start=\"251\" data-end=\"400\">Bize +44 1372 677520 numaral\u0131 telefondan (Pazartesi-Cuma, 10:00 &#8211; 18:00 aras\u0131) ula\u015fabilir veya <a class=\"cursor-pointer\" rel=\"noopener\" data-start=\"346\" data-end=\"364\">info@scopslife.com<\/a>adresine e-posta g\u00f6nderebilirsiniz.<\/p><h3 data-start=\"402\" data-end=\"451\">H\u0131zl\u0131 ve G\u00fcvenilir Birle\u015fik Krall\u0131k Teslimat\u0131<\/h3><p data-start=\"453\" data-end=\"583\">\u2705 Pazartesi\u2019den Cuma\u2019ya saat 14:00\u2019e kadar verilen sipari\u015fler ayn\u0131 g\u00fcn kargoya verilir ve 1-5 i\u015f g\u00fcn\u00fc i\u00e7inde teslim edilir. (MNG Kargo)<\/p><p data-start=\"585\" data-end=\"684\">\u2705 Cuma g\u00fcn\u00fc saat 14:00\u2019ten sonra veya hafta sonu verilen sipari\u015fler Pazartesi g\u00fcn\u00fc kargoya verilir.<\/p><h3 data-start=\"686\" data-end=\"705\">Kargo \u00dccretleri<\/h3><p data-start=\"707\" data-end=\"748\"><strong data-start=\"707\" data-end=\"748\">Teslimat Se\u00e7enekleri<\/strong><\/p><p data-start=\"750\" data-end=\"974\">T\u00fcm sipari\u015flerde \u2192 \u00dccretsiz teslimat (MNG Kargo), teslimat s\u00fcresi en fazla 5 i\u015f g\u00fcn\u00fc<\/p><p data-start=\"976\" data-end=\"998\"><strong data-start=\"976\" data-end=\"998\">Uluslararas\u0131 Kargo<\/strong><\/p><p data-start=\"1000\" data-end=\"1100\">Uluslararas\u0131 g\u00f6nderimle ilgili sorular\u0131n\u0131z i\u00e7in l\u00fctfen <a class=\"cursor-pointer\" rel=\"noopener\" data-start=\"1055\" data-end=\"1073\">info@scopslife.com<\/a> adresine e-posta g\u00f6nderin.<\/p>\t\t\t\t\t\t\t\t<\/div>\n\t\t\t\t\t<\/div>\n\t\t\t\t<\/div>\n\t\t\t\t<\/div>\n\t\t","protected":false},"excerpt":{"rendered":"<p>Teslimat Bilgileri Online ma\u011fazam\u0131zda bulunmayan \u00f6zel bir \u00fcr\u00fcn ar\u0131yorsan\u0131z veya SSS b\u00f6l\u00fcm\u00fcm\u00fczde yer almayan ba\u015fka sorular\u0131n\u0131z varsa, m\u00fc\u015fteri destek ekibimiz size yard\u0131mc\u0131 olmaya haz\u0131r! Bize +44 1372 677520 numaral\u0131 telefondan (Pazartesi-Cuma, 10:00 &#8211; 18:00 aras\u0131) ula\u015fabilir veya info@scopslife.comadresine e-posta g\u00f6nderebilirsiniz. H\u0131zl\u0131 ve G\u00fcvenilir Birle\u015fik Krall\u0131k Teslimat\u0131 \u2705 Pazartesi\u2019den Cuma\u2019ya saat 14:00\u2019e kadar verilen sipari\u015fler ayn\u0131 [&hellip;]<\/p>\n","protected":false},"author":1,"featured_media":0,"parent":0,"menu_order":0,"comment_status":"closed","ping_status":"closed","template":"page-full-width.php","meta":{"footnotes":""},"class_list":["post-9816","page","type-page","status-publish","hentry"],"yoast_head":"<!-- This site is optimized with the Yoast SEO plugin v27.1.1 - https:\/\/yoast.com\/product\/yoast-seo-wordpress\/ -->\n<title>G\u00f6nderim ve Teslimat Bilgileri | Scops<\/title>\n<meta name=\"description\" content=\"Scops\u2019ta sipari\u015fleriniz h\u0131zl\u0131 ve g\u00fcvenli \u015fekilde kargoya verilir. G\u00f6nderim s\u00fcrecimizi ke\u015ffedin, \u00fcr\u00fcnlerinize en k\u0131sa s\u00fcrede ula\u015f\u0131n!\" \/>\n<meta name=\"robots\" content=\"index, follow, max-snippet:-1, max-image-preview:large, max-video-preview:-1\" \/>\n<link rel=\"canonical\" href=\"https:\/\/scopslife.com\/tr\/gonderim\/\" \/>\n<meta property=\"og:locale\" content=\"tr_TR\" \/>\n<meta property=\"og:type\" content=\"article\" \/>\n<meta property=\"og:title\" content=\"G\u00f6nderim ve Teslimat Bilgileri | Scops\" \/>\n<meta property=\"og:description\" content=\"Scops\u2019ta sipari\u015fleriniz h\u0131zl\u0131 ve g\u00fcvenli \u015fekilde kargoya verilir. G\u00f6nderim s\u00fcrecimizi ke\u015ffedin, \u00fcr\u00fcnlerinize en k\u0131sa s\u00fcrede ula\u015f\u0131n!\" \/>\n<meta property=\"og:url\" content=\"https:\/\/scopslife.com\/tr\/gonderim\/\" \/>\n<meta property=\"og:site_name\" content=\"Scops\" \/>\n<meta property=\"article:modified_time\" content=\"2025-08-14T11:38:54+00:00\" \/>\n<meta name=\"twitter:card\" content=\"summary_large_image\" \/>\n<meta name=\"twitter:label1\" content=\"Tahmini okuma s\u00fcresi\" \/>\n\t<meta name=\"twitter:data1\" content=\"1 dakika\" \/>\n<script type=\"application\/ld+json\" class=\"yoast-schema-graph\">{\"@context\":\"https:\/\/schema.org\",\"@graph\":[{\"@type\":\"WebPage\",\"@id\":\"https:\/\/scopslife.com\/tr\/gonderim\/\",\"url\":\"https:\/\/scopslife.com\/tr\/gonderim\/\",\"name\":\"G\u00f6nderim ve Teslimat Bilgileri | Scops\",\"isPartOf\":{\"@id\":\"https:\/\/scopslife.com\/tr\/#website\"},\"datePublished\":\"2025-03-27T14:12:49+00:00\",\"dateModified\":\"2025-08-14T11:38:54+00:00\",\"description\":\"Scops\u2019ta sipari\u015fleriniz h\u0131zl\u0131 ve g\u00fcvenli \u015fekilde kargoya verilir. G\u00f6nderim s\u00fcrecimizi ke\u015ffedin, \u00fcr\u00fcnlerinize en k\u0131sa s\u00fcrede ula\u015f\u0131n!\",\"breadcrumb\":{\"@id\":\"https:\/\/scopslife.com\/tr\/gonderim\/#breadcrumb\"},\"inLanguage\":\"tr\",\"potentialAction\":[{\"@type\":\"ReadAction\",\"target\":[\"https:\/\/scopslife.com\/tr\/gonderim\/\"]}]},{\"@type\":\"BreadcrumbList\",\"@id\":\"https:\/\/scopslife.com\/tr\/gonderim\/#breadcrumb\",\"itemListElement\":[{\"@type\":\"ListItem\",\"position\":1,\"name\":\"Anasayfa\",\"item\":\"https:\/\/scopslife.com\/tr\/\"},{\"@type\":\"ListItem\",\"position\":2,\"name\":\"G\u00f6nderim\"}]},{\"@type\":\"WebSite\",\"@id\":\"https:\/\/scopslife.com\/tr\/#website\",\"url\":\"https:\/\/scopslife.com\/tr\/\",\"name\":\"Scops\",\"description\":\"Elevate\",\"potentialAction\":[{\"@type\":\"SearchAction\",\"target\":{\"@type\":\"EntryPoint\",\"urlTemplate\":\"https:\/\/scopslife.com\/tr\/?s={search_term_string}\"},\"query-input\":{\"@type\":\"PropertyValueSpecification\",\"valueRequired\":true,\"valueName\":\"search_term_string\"}}],\"inLanguage\":\"tr\"}]}<\/script>\n<!-- \/ Yoast SEO plugin. -->","yoast_head_json":{"title":"G\u00f6nderim ve Teslimat Bilgileri | Scops","description":"Scops\u2019ta sipari\u015fleriniz h\u0131zl\u0131 ve g\u00fcvenli \u015fekilde kargoya verilir. G\u00f6nderim s\u00fcrecimizi ke\u015ffedin, \u00fcr\u00fcnlerinize en k\u0131sa s\u00fcrede ula\u015f\u0131n!","robots":{"index":"index","follow":"follow","max-snippet":"max-snippet:-1","max-image-preview":"max-image-preview:large","max-video-preview":"max-video-preview:-1"},"canonical":"https:\/\/scopslife.com\/tr\/gonderim\/","og_locale":"tr_TR","og_type":"article","og_title":"G\u00f6nderim ve Teslimat Bilgileri | Scops","og_description":"Scops\u2019ta sipari\u015fleriniz h\u0131zl\u0131 ve g\u00fcvenli \u015fekilde kargoya verilir. G\u00f6nderim s\u00fcrecimizi ke\u015ffedin, \u00fcr\u00fcnlerinize en k\u0131sa s\u00fcrede ula\u015f\u0131n!","og_url":"https:\/\/scopslife.com\/tr\/gonderim\/","og_site_name":"Scops","article_modified_time":"2025-08-14T11:38:54+00:00","twitter_card":"summary_large_image","twitter_misc":{"Tahmini okuma s\u00fcresi":"1 dakika"},"schema":{"@context":"https:\/\/schema.org","@graph":[{"@type":"WebPage","@id":"https:\/\/scopslife.com\/tr\/gonderim\/","url":"https:\/\/scopslife.com\/tr\/gonderim\/","name":"G\u00f6nderim ve Teslimat Bilgileri | Scops","isPartOf":{"@id":"https:\/\/scopslife.com\/tr\/#website"},"datePublished":"2025-03-27T14:12:49+00:00","dateModified":"2025-08-14T11:38:54+00:00","description":"Scops\u2019ta sipari\u015fleriniz h\u0131zl\u0131 ve g\u00fcvenli \u015fekilde kargoya verilir. G\u00f6nderim s\u00fcrecimizi ke\u015ffedin, \u00fcr\u00fcnlerinize en k\u0131sa s\u00fcrede ula\u015f\u0131n!","breadcrumb":{"@id":"https:\/\/scopslife.com\/tr\/gonderim\/#breadcrumb"},"inLanguage":"tr","potentialAction":[{"@type":"ReadAction","target":["https:\/\/scopslife.com\/tr\/gonderim\/"]}]},{"@type":"BreadcrumbList","@id":"https:\/\/scopslife.com\/tr\/gonderim\/#breadcrumb","itemListElement":[{"@type":"ListItem","position":1,"name":"Anasayfa","item":"https:\/\/scopslife.com\/tr\/"},{"@type":"ListItem","position":2,"name":"G\u00f6nderim"}]},{"@type":"WebSite","@id":"https:\/\/scopslife.com\/tr\/#website","url":"https:\/\/scopslife.com\/tr\/","name":"Scops","description":"Elevate","potentialAction":[{"@type":"SearchAction","target":{"@type":"EntryPoint","urlTemplate":"https:\/\/scopslife.com\/tr\/?s={search_term_string}"},"query-input":{"@type":"PropertyValueSpecification","valueRequired":true,"valueName":"search_term_string"}}],"inLanguage":"tr"}]}},"_links":{"self":[{"href":"https:\/\/scopslife.com\/tr\/wp-json\/wp\/v2\/pages\/9816","targetHints":{"allow":["GET"]}}],"collection":[{"href":"https:\/\/scopslife.com\/tr\/wp-json\/wp\/v2\/pages"}],"about":[{"href":"https:\/\/scopslife.com\/tr\/wp-json\/wp\/v2\/types\/page"}],"author":[{"embeddable":true,"href":"https:\/\/scopslife.com\/tr\/wp-json\/wp\/v2\/users\/1"}],"replies":[{"embeddable":true,"href":"https:\/\/scopslife.com\/tr\/wp-json\/wp\/v2\/comments?post=9816"}],"version-history":[{"count":19,"href":"https:\/\/scopslife.com\/tr\/wp-json\/wp\/v2\/pages\/9816\/revisions"}],"predecessor-version":[{"id":13052,"href":"https:\/\/scopslife.com\/tr\/wp-json\/wp\/v2\/pages\/9816\/revisions\/13052"}],"wp:attachment":[{"href":"https:\/\/scopslife.com\/tr\/wp-json\/wp\/v2\/media?parent=9816"}],"curies":[{"name":"wp","href":"https:\/\/api.w.org\/{rel}","templated":true}]}}