{"id":11754,"date":"2025-06-16T16:24:49","date_gmt":"2025-06-16T16:24:49","guid":{"rendered":"https:\/\/scopslife.com\/tr\/?post_type=product&#038;p=11754"},"modified":"2026-05-03T00:27:33","modified_gmt":"2026-05-02T21:27:33","slug":"longboard-kaykay-wild-lf195","status":"publish","type":"product","link":"https:\/\/scopslife.com\/tr\/urun\/longboard-kaykay-wild-lf195\/","title":{"rendered":"Lord Kong Longboard"},"content":{"rendered":"<div class=\"product-description\">\n<div id=\"model-response-message-contentr_5cea77dab2ef3e50\" class=\"markdown markdown-main-panel stronger enable-updated-hr-color\" dir=\"ltr\">\n<h3 data-sourcepos=\"3:1-3:50\">Scops Longboard: Ak\u0131c\u0131 ve Kontroll\u00fc S\u00fcr\u00fc\u015f Keyfi<\/h3>\n<p data-sourcepos=\"5:1-5:175\"><strong>95 cm uzunlu\u011fundaki Scops Longboard<\/strong>, \u015fehir i\u00e7i s\u00fcr\u00fc\u015fleriniz i\u00e7in ak\u0131c\u0131 ve konforlu bir deneyim sunar. Y\u00fcksek kontrol kabiliyeti sayesinde her an\u0131n tad\u0131n\u0131 \u00e7\u0131karabilirsiniz.<\/p>\n<h4 data-sourcepos=\"7:1-7:48\">\u00dcst\u00fcn Dayan\u0131kl\u0131l\u0131k ve \u00c7evre Dostu Malzemeler<\/h4>\n<p data-sourcepos=\"9:1-9:248\"><strong>8 katmanl\u0131 kay\u0131n, hu\u015f ve ak\u00e7aa\u011fa\u00e7 kontrplak kombinasyonuyla<\/strong> \u00fcretilen Scops Longboard, ideal a\u011f\u0131rl\u0131k, esneklik ve dayan\u0131kl\u0131l\u0131k dengesi sunar. <strong>%100 do\u011fal malzemelerden<\/strong> \u00fcretilmi\u015f olup, standart tahtalara g\u00f6re <strong>%15\u2019e kadar daha dayan\u0131kl\u0131d\u0131r<\/strong>.<\/p>\n<h4 data-sourcepos=\"11:1-11:35\">G\u00fcvenli ve Rahat S\u00fcr\u00fc\u015f Deneyimi<\/h4>\n<p data-sourcepos=\"13:1-13:252\"><strong>\u00d6zg\u00fcn kum kaplamas\u0131<\/strong> sayesinde y\u00fcksek kaymazl\u0131k sa\u011flarken, <strong>ABEC-9 rulmanlar<\/strong> ve <strong>78A yumu\u015fakl\u0131ktaki tekerlekler<\/strong> p\u00fcr\u00fczs\u00fcz ve g\u00fcvenli bir yol tutu\u015fu sunar. Bu yap\u0131, sert zeminlerdeki darbeleri azaltarak yorulmadan uzun s\u00fcr\u00fc\u015fler yapman\u0131z\u0131 sa\u011flar.<\/p>\n<h4 data-sourcepos=\"15:1-15:34\">Esneklik ve G\u00fcvenlik Garantisi<\/h4>\n<p data-sourcepos=\"17:1-17:262\">Esnek yap\u0131s\u0131, d\u00fc\u015f\u00fck h\u0131zlarda bile keskin d\u00f6n\u00fc\u015fler ve kolay kontrol imkan\u0131 sunar. Hem yeni ba\u015flayanlar hem de deneyimli s\u00fcr\u00fcc\u00fcler i\u00e7in uygun olan Scops Longboard&#8217;lar, \u00fcretim sonras\u0131 <strong>a\u011f\u0131r y\u00fck testlerinden ge\u00e7irilerek uzun \u00f6m\u00fcrl\u00fcl\u00fck ve g\u00fcvenlik<\/strong> garantisi verir.<\/p>\n<\/div>\n<p>&nbsp;<\/p>\n<\/div>\n<p><a href=\"https:\/\/scopslife.com\/tr\/wp-content\/uploads\/2025\/06\/1-2.webp\"><img loading=\"lazy\" decoding=\"async\" class=\"mobile-spec alignleft wp-image-10908 size-full\" src=\"https:\/\/scopslife.com\/tr\/wp-content\/uploads\/2025\/06\/1-2.webp\" alt=\"\" width=\"800\" height=\"800\" srcset=\"https:\/\/scopslife.com\/tr\/wp-content\/uploads\/2025\/06\/1-2.webp 800w, https:\/\/scopslife.com\/tr\/wp-content\/uploads\/2025\/06\/1-2-300x300.webp 300w, https:\/\/scopslife.com\/tr\/wp-content\/uploads\/2025\/06\/1-2-150x150.webp 150w, https:\/\/scopslife.com\/tr\/wp-content\/uploads\/2025\/06\/1-2-768x768.webp 768w, https:\/\/scopslife.com\/tr\/wp-content\/uploads\/2025\/06\/1-2-650x650.webp 650w, https:\/\/scopslife.com\/tr\/wp-content\/uploads\/2025\/06\/1-2-100x100.webp 100w\" sizes=\"auto, (max-width: 800px) 100vw, 800px\" \/><\/a> <a href=\"https:\/\/scopslife.com\/tr\/wp-content\/uploads\/2025\/06\/TR-Square-Brake-Intro-for-Website-1.webp\"><img loading=\"lazy\" decoding=\"async\" class=\"mobile-spec aligncenter wp-image-12241 size-full\" src=\"https:\/\/scopslife.com\/tr\/wp-content\/uploads\/2025\/06\/TR-Square-Brake-Intro-for-Website-1.webp\" alt=\"\" width=\"800\" height=\"800\" srcset=\"https:\/\/scopslife.com\/tr\/wp-content\/uploads\/2025\/06\/TR-Square-Brake-Intro-for-Website-1.webp 800w, https:\/\/scopslife.com\/tr\/wp-content\/uploads\/2025\/06\/TR-Square-Brake-Intro-for-Website-1-300x300.webp 300w, https:\/\/scopslife.com\/tr\/wp-content\/uploads\/2025\/06\/TR-Square-Brake-Intro-for-Website-1-150x150.webp 150w, https:\/\/scopslife.com\/tr\/wp-content\/uploads\/2025\/06\/TR-Square-Brake-Intro-for-Website-1-768x768.webp 768w, https:\/\/scopslife.com\/tr\/wp-content\/uploads\/2025\/06\/TR-Square-Brake-Intro-for-Website-1-650x650.webp 650w, https:\/\/scopslife.com\/tr\/wp-content\/uploads\/2025\/06\/TR-Square-Brake-Intro-for-Website-1-100x100.webp 100w\" sizes=\"auto, (max-width: 800px) 100vw, 800px\" \/><\/a><a href=\"https:\/\/scopslife.com\/tr\/wp-content\/uploads\/2025\/06\/1.webp\"><img loading=\"lazy\" decoding=\"async\" class=\"desktop-spec aligncenter wp-image-10905 size-full\" src=\"https:\/\/scopslife.com\/tr\/wp-content\/uploads\/2025\/06\/1.webp\" alt=\"\" width=\"1950\" height=\"468\" srcset=\"https:\/\/scopslife.com\/tr\/wp-content\/uploads\/2025\/06\/1.webp 1950w, https:\/\/scopslife.com\/tr\/wp-content\/uploads\/2025\/06\/1-300x72.webp 300w, https:\/\/scopslife.com\/tr\/wp-content\/uploads\/2025\/06\/1-1024x246.webp 1024w, https:\/\/scopslife.com\/tr\/wp-content\/uploads\/2025\/06\/1-768x184.webp 768w, https:\/\/scopslife.com\/tr\/wp-content\/uploads\/2025\/06\/1-1536x369.webp 1536w, https:\/\/scopslife.com\/tr\/wp-content\/uploads\/2025\/06\/1-1000x240.webp 1000w\" sizes=\"auto, (max-width: 1950px) 100vw, 1950px\" \/><\/a><a href=\"https:\/\/scopslife.com\/tr\/wp-content\/uploads\/2025\/06\/TR-Brake-Intro.webp\"><img loading=\"lazy\" decoding=\"async\" class=\"desktop-spec aligncenter wp-image-12242 size-full\" src=\"https:\/\/scopslife.com\/tr\/wp-content\/uploads\/2025\/06\/TR-Brake-Intro.webp\" alt=\"\" width=\"1920\" height=\"550\" srcset=\"https:\/\/scopslife.com\/tr\/wp-content\/uploads\/2025\/06\/TR-Brake-Intro.webp 1920w, https:\/\/scopslife.com\/tr\/wp-content\/uploads\/2025\/06\/TR-Brake-Intro-300x86.webp 300w, https:\/\/scopslife.com\/tr\/wp-content\/uploads\/2025\/06\/TR-Brake-Intro-1024x293.webp 1024w, https:\/\/scopslife.com\/tr\/wp-content\/uploads\/2025\/06\/TR-Brake-Intro-768x220.webp 768w, https:\/\/scopslife.com\/tr\/wp-content\/uploads\/2025\/06\/TR-Brake-Intro-1536x440.webp 1536w, https:\/\/scopslife.com\/tr\/wp-content\/uploads\/2025\/06\/TR-Brake-Intro-1000x286.webp 1000w\" sizes=\"auto, (max-width: 1920px) 100vw, 1920px\" \/><\/a><\/p>\n","protected":false},"excerpt":{"rendered":"<p>Freeride ve Cruising tarz\u0131 s\u00fcr\u00fc\u015fler i\u00e7in \u00f6zel olarak tasarlanan bu longboard, \u015fehir i\u00e7inde ula\u015f\u0131m veya uzun gezintilerde konfor ve kontrol sa\u011flar. Hem ba\u015flang\u0131\u00e7, hem de ileri s\u00fcr\u00fc\u015f i\u00e7in uygundur. Esnek ama dayan\u0131kl\u0131 yap\u0131s\u0131 sayesinde tepki kabiliyeti y\u00fcksek ve keyifli bir s\u00fcr\u00fc\u015f deneyimi sunar. Tahtas\u0131, SCOPS\u2019un devrim niteli\u011findeki kum kaplamas\u0131 ile kaplanm\u0131\u015ft\u0131r ve bu sayede tam y\u00fczey bask\u0131lar m\u00fcmk\u00fcn olurken kaymazl\u0131k performans\u0131ndan \u00f6d\u00fcn verilmez\u2014stil ve g\u00fcven bir arada.<br \/>\nFiyatlara KDV Dahildir.<\/p>\n","protected":false},"featured_media":12047,"comment_status":"closed","ping_status":"closed","template":"","meta":[],"product_brand":[],"product_cat":[74],"product_tag":[455,400],"class_list":{"0":"post-11754","1":"product","2":"type-product","3":"status-publish","4":"has-post-thumbnail","6":"product_cat-longboard","7":"product_tag-goril","8":"product_tag-hayvan-esintili","10":"first","11":"instock","12":"shipping-taxable","13":"purchasable","14":"product-type-variable"},"yoast_head":"<!-- This site is optimized with the Yoast SEO plugin v27.1.1 - https:\/\/yoast.com\/product\/yoast-seo-wordpress\/ -->\n<title>Lord Kong Longboard - LS195 | Scops<\/title>\n<meta name=\"description\" content=\"G\u00f6rkemli ve g\u00fc\u00e7l\u00fc tasar\u0131m\u0131yla Lord Kong Longboard LS195, adrenalin dolu s\u00fcr\u00fc\u015fler sunar. Scops kalitesiyle tarz\u0131n\u0131 yollara yans\u0131t!\" \/>\n<meta name=\"robots\" content=\"index, follow, max-snippet:-1, max-image-preview:large, max-video-preview:-1\" \/>\n<link rel=\"canonical\" href=\"https:\/\/scopslife.com\/tr\/urun\/longboard-kaykay-wild-lf195\/\" \/>\n<meta property=\"og:locale\" content=\"tr_TR\" \/>\n<meta property=\"og:type\" content=\"article\" \/>\n<meta property=\"og:title\" content=\"Lord Kong Longboard - LS195 | Scops\" \/>\n<meta property=\"og:description\" content=\"G\u00f6rkemli ve g\u00fc\u00e7l\u00fc tasar\u0131m\u0131yla Lord Kong Longboard LS195, adrenalin dolu s\u00fcr\u00fc\u015fler sunar. Scops kalitesiyle tarz\u0131n\u0131 yollara yans\u0131t!\" \/>\n<meta property=\"og:url\" content=\"https:\/\/scopslife.com\/tr\/urun\/longboard-kaykay-wild-lf195\/\" \/>\n<meta property=\"og:site_name\" content=\"Scops\" \/>\n<meta property=\"article:modified_time\" content=\"2026-05-02T21:27:33+00:00\" \/>\n<meta property=\"og:image\" content=\"https:\/\/scopslife.com\/tr\/wp-content\/uploads\/2025\/06\/1-60.jpg\" \/>\n\t<meta property=\"og:image:width\" content=\"524\" \/>\n\t<meta property=\"og:image:height\" content=\"786\" \/>\n\t<meta property=\"og:image:type\" content=\"image\/jpeg\" \/>\n<meta name=\"twitter:card\" content=\"summary_large_image\" \/>\n<meta name=\"twitter:label1\" content=\"Tahmini okuma s\u00fcresi\" \/>\n\t<meta name=\"twitter:data1\" content=\"2 dakika\" \/>\n<script type=\"application\/ld+json\" class=\"yoast-schema-graph\">{\"@context\":\"https:\/\/schema.org\",\"@graph\":[{\"@type\":[\"WebPage\",\"ItemPage\"],\"@id\":\"https:\/\/scopslife.com\/tr\/urun\/longboard-kaykay-wild-lf195\/\",\"url\":\"https:\/\/scopslife.com\/tr\/urun\/longboard-kaykay-wild-lf195\/\",\"name\":\"Lord Kong Longboard - LS195 | Scops\",\"isPartOf\":{\"@id\":\"https:\/\/scopslife.com\/tr\/#website\"},\"primaryImageOfPage\":{\"@id\":\"https:\/\/scopslife.com\/tr\/urun\/longboard-kaykay-wild-lf195\/#primaryimage\"},\"image\":{\"@id\":\"https:\/\/scopslife.com\/tr\/urun\/longboard-kaykay-wild-lf195\/#primaryimage\"},\"thumbnailUrl\":\"https:\/\/scopslife.com\/tr\/wp-content\/uploads\/2025\/06\/1-60.jpg\",\"datePublished\":\"2025-06-16T16:24:49+00:00\",\"dateModified\":\"2026-05-02T21:27:33+00:00\",\"description\":\"G\u00f6rkemli ve g\u00fc\u00e7l\u00fc tasar\u0131m\u0131yla Lord Kong Longboard LS195, adrenalin dolu s\u00fcr\u00fc\u015fler sunar. Scops kalitesiyle tarz\u0131n\u0131 yollara yans\u0131t!\",\"breadcrumb\":{\"@id\":\"https:\/\/scopslife.com\/tr\/urun\/longboard-kaykay-wild-lf195\/#breadcrumb\"},\"inLanguage\":\"tr\",\"potentialAction\":[{\"@type\":\"ReadAction\",\"target\":[\"https:\/\/scopslife.com\/tr\/urun\/longboard-kaykay-wild-lf195\/\"]}]},{\"@type\":\"ImageObject\",\"inLanguage\":\"tr\",\"@id\":\"https:\/\/scopslife.com\/tr\/urun\/longboard-kaykay-wild-lf195\/#primaryimage\",\"url\":\"https:\/\/scopslife.com\/tr\/wp-content\/uploads\/2025\/06\/1-60.jpg\",\"contentUrl\":\"https:\/\/scopslife.com\/tr\/wp-content\/uploads\/2025\/06\/1-60.jpg\",\"width\":524,\"height\":786},{\"@type\":\"BreadcrumbList\",\"@id\":\"https:\/\/scopslife.com\/tr\/urun\/longboard-kaykay-wild-lf195\/#breadcrumb\",\"itemListElement\":[{\"@type\":\"ListItem\",\"position\":1,\"name\":\"Anasayfa\",\"item\":\"https:\/\/scopslife.com\/tr\/\"},{\"@type\":\"ListItem\",\"position\":2,\"name\":\"Ma\u011faza\",\"item\":\"https:\/\/scopslife.com\/tr\/magaza\/\"},{\"@type\":\"ListItem\",\"position\":3,\"name\":\"Lord Kong Longboard\"}]},{\"@type\":\"WebSite\",\"@id\":\"https:\/\/scopslife.com\/tr\/#website\",\"url\":\"https:\/\/scopslife.com\/tr\/\",\"name\":\"Scops\",\"description\":\"Elevate\",\"potentialAction\":[{\"@type\":\"SearchAction\",\"target\":{\"@type\":\"EntryPoint\",\"urlTemplate\":\"https:\/\/scopslife.com\/tr\/?s={search_term_string}\"},\"query-input\":{\"@type\":\"PropertyValueSpecification\",\"valueRequired\":true,\"valueName\":\"search_term_string\"}}],\"inLanguage\":\"tr\"}]}<\/script>\n<!-- \/ Yoast SEO plugin. -->","yoast_head_json":{"title":"Lord Kong Longboard - LS195 | Scops","description":"G\u00f6rkemli ve g\u00fc\u00e7l\u00fc tasar\u0131m\u0131yla Lord Kong Longboard LS195, adrenalin dolu s\u00fcr\u00fc\u015fler sunar. Scops kalitesiyle tarz\u0131n\u0131 yollara yans\u0131t!","robots":{"index":"index","follow":"follow","max-snippet":"max-snippet:-1","max-image-preview":"max-image-preview:large","max-video-preview":"max-video-preview:-1"},"canonical":"https:\/\/scopslife.com\/tr\/urun\/longboard-kaykay-wild-lf195\/","og_locale":"tr_TR","og_type":"article","og_title":"Lord Kong Longboard - LS195 | Scops","og_description":"G\u00f6rkemli ve g\u00fc\u00e7l\u00fc tasar\u0131m\u0131yla Lord Kong Longboard LS195, adrenalin dolu s\u00fcr\u00fc\u015fler sunar. Scops kalitesiyle tarz\u0131n\u0131 yollara yans\u0131t!","og_url":"https:\/\/scopslife.com\/tr\/urun\/longboard-kaykay-wild-lf195\/","og_site_name":"Scops","article_modified_time":"2026-05-02T21:27:33+00:00","og_image":[{"width":524,"height":786,"url":"https:\/\/scopslife.com\/tr\/wp-content\/uploads\/2025\/06\/1-60.jpg","type":"image\/jpeg"}],"twitter_card":"summary_large_image","twitter_misc":{"Tahmini okuma s\u00fcresi":"2 dakika"},"schema":{"@context":"https:\/\/schema.org","@graph":[{"@type":["WebPage","ItemPage"],"@id":"https:\/\/scopslife.com\/tr\/urun\/longboard-kaykay-wild-lf195\/","url":"https:\/\/scopslife.com\/tr\/urun\/longboard-kaykay-wild-lf195\/","name":"Lord Kong Longboard - LS195 | Scops","isPartOf":{"@id":"https:\/\/scopslife.com\/tr\/#website"},"primaryImageOfPage":{"@id":"https:\/\/scopslife.com\/tr\/urun\/longboard-kaykay-wild-lf195\/#primaryimage"},"image":{"@id":"https:\/\/scopslife.com\/tr\/urun\/longboard-kaykay-wild-lf195\/#primaryimage"},"thumbnailUrl":"https:\/\/scopslife.com\/tr\/wp-content\/uploads\/2025\/06\/1-60.jpg","datePublished":"2025-06-16T16:24:49+00:00","dateModified":"2026-05-02T21:27:33+00:00","description":"G\u00f6rkemli ve g\u00fc\u00e7l\u00fc tasar\u0131m\u0131yla Lord Kong Longboard LS195, adrenalin dolu s\u00fcr\u00fc\u015fler sunar. Scops kalitesiyle tarz\u0131n\u0131 yollara yans\u0131t!","breadcrumb":{"@id":"https:\/\/scopslife.com\/tr\/urun\/longboard-kaykay-wild-lf195\/#breadcrumb"},"inLanguage":"tr","potentialAction":[{"@type":"ReadAction","target":["https:\/\/scopslife.com\/tr\/urun\/longboard-kaykay-wild-lf195\/"]}]},{"@type":"ImageObject","inLanguage":"tr","@id":"https:\/\/scopslife.com\/tr\/urun\/longboard-kaykay-wild-lf195\/#primaryimage","url":"https:\/\/scopslife.com\/tr\/wp-content\/uploads\/2025\/06\/1-60.jpg","contentUrl":"https:\/\/scopslife.com\/tr\/wp-content\/uploads\/2025\/06\/1-60.jpg","width":524,"height":786},{"@type":"BreadcrumbList","@id":"https:\/\/scopslife.com\/tr\/urun\/longboard-kaykay-wild-lf195\/#breadcrumb","itemListElement":[{"@type":"ListItem","position":1,"name":"Anasayfa","item":"https:\/\/scopslife.com\/tr\/"},{"@type":"ListItem","position":2,"name":"Ma\u011faza","item":"https:\/\/scopslife.com\/tr\/magaza\/"},{"@type":"ListItem","position":3,"name":"Lord Kong Longboard"}]},{"@type":"WebSite","@id":"https:\/\/scopslife.com\/tr\/#website","url":"https:\/\/scopslife.com\/tr\/","name":"Scops","description":"Elevate","potentialAction":[{"@type":"SearchAction","target":{"@type":"EntryPoint","urlTemplate":"https:\/\/scopslife.com\/tr\/?s={search_term_string}"},"query-input":{"@type":"PropertyValueSpecification","valueRequired":true,"valueName":"search_term_string"}}],"inLanguage":"tr"}]}},"_links":{"self":[{"href":"https:\/\/scopslife.com\/tr\/wp-json\/wp\/v2\/product\/11754","targetHints":{"allow":["GET"]}}],"collection":[{"href":"https:\/\/scopslife.com\/tr\/wp-json\/wp\/v2\/product"}],"about":[{"href":"https:\/\/scopslife.com\/tr\/wp-json\/wp\/v2\/types\/product"}],"replies":[{"embeddable":true,"href":"https:\/\/scopslife.com\/tr\/wp-json\/wp\/v2\/comments?post=11754"}],"wp:featuredmedia":[{"embeddable":true,"href":"https:\/\/scopslife.com\/tr\/wp-json\/wp\/v2\/media\/12047"}],"wp:attachment":[{"href":"https:\/\/scopslife.com\/tr\/wp-json\/wp\/v2\/media?parent=11754"}],"wp:term":[{"taxonomy":"product_brand","embeddable":true,"href":"https:\/\/scopslife.com\/tr\/wp-json\/wp\/v2\/product_brand?post=11754"},{"taxonomy":"product_cat","embeddable":true,"href":"https:\/\/scopslife.com\/tr\/wp-json\/wp\/v2\/product_cat?post=11754"},{"taxonomy":"product_tag","embeddable":true,"href":"https:\/\/scopslife.com\/tr\/wp-json\/wp\/v2\/product_tag?post=11754"}],"curies":[{"name":"wp","href":"https:\/\/api.w.org\/{rel}","templated":true}]}}