{"id":11775,"date":"2025-06-16T19:25:01","date_gmt":"2025-06-16T16:25:01","guid":{"rendered":"https:\/\/scopslife.com\/tr\/?post_type=product&#038;p=11775"},"modified":"2026-05-02T22:45:11","modified_gmt":"2026-05-02T19:45:11","slug":"balance","status":"publish","type":"product","link":"https:\/\/scopslife.com\/tr\/urun\/balance\/","title":{"rendered":"CruiseX Shortboard &#8211; Balance"},"content":{"rendered":"<h2 data-sourcepos=\"5:1-5:45\">Scops Cruise X: \u015eehirde \u00c7evik ve \u015e\u0131k \u00c7\u00f6z\u00fcm<\/h2>\n<p data-sourcepos=\"7:1-7:256\"><strong>67 cm uzunlu\u011fundaki Scops Cruise X<\/strong>, k\u0131sa mesafeli \u015fehir i\u00e7i s\u00fcr\u00fc\u015fler i\u00e7in tasarland\u0131. <strong>Kompakt yap\u0131s\u0131<\/strong> sayesinde <strong>ola\u011fan\u00fcst\u00fc manevra kabiliyeti ve esneklik<\/strong> sunar. Dar ve yo\u011fun kentsel ortamlarda bile <strong>kolay kontrol ve \u00e7evik performans<\/strong> sergiler.<\/p>\n<h3 data-sourcepos=\"9:1-9:27\">Tasar\u0131m ve Dayan\u0131kl\u0131l\u0131k<\/h3>\n<p data-sourcepos=\"11:1-11:413\"><strong>Scops\u2019un \u00f6zg\u00fcn bask\u0131l\u0131 150C grip kaplamas\u0131<\/strong>, estetik g\u00f6r\u00fcn\u00fcm\u00fcyle birlikte <strong>y\u00fcksek kaymazl\u0131k<\/strong> sa\u011flayarak g\u00fcvenli\u011fi art\u0131r\u0131r. Cruise X&#8217;in yap\u0131s\u0131, <strong>8 katmanl\u0131 kay\u0131n, hu\u015f ve ak\u00e7aa\u011fa\u00e7 kontrplaktan<\/strong>, y\u00fcksek mukavemetli yap\u0131\u015ft\u0131r\u0131c\u0131larla preslenerek \u00fcretilmi\u015ftir. <strong>Kompozit malzeme i\u00e7ermez<\/strong>, bu da onu <strong>%100 organik, hafif, esnek ve dayan\u0131kl\u0131<\/strong> k\u0131lar. Standart tahtalara g\u00f6re <strong>%15\u2019e kadar daha uzun \u00f6m\u00fcrl\u00fcd\u00fcr<\/strong>.<\/p>\n<h3 data-sourcepos=\"13:1-13:18\">S\u00fcr\u00fc\u015f Deneyimi<\/h3>\n<p data-sourcepos=\"15:1-15:256\"><strong>78A yumu\u015fak tekerlekler<\/strong>, p\u00fcr\u00fczl\u00fc zeminlerde dahi <strong>yol tutu\u015funu art\u0131r\u0131r<\/strong>, titre\u015fimi ve darbeleri emer. <strong>ABEC-9 y\u00fcksek performansl\u0131 rulmanlar<\/strong> p\u00fcr\u00fczs\u00fcz bir s\u00fcr\u00fc\u015f sunarken, <strong>esnek yap\u0131s\u0131<\/strong> dar d\u00f6n\u00fc\u015flerde kontrol\u00fc art\u0131r\u0131r ve g\u00fcvenli manevralar sa\u011flar.<\/p>\n<p data-sourcepos=\"17:1-17:201\">Her Scops \u00fcr\u00fcn\u00fc gibi Cruise X de kapsaml\u0131 testlerden ge\u00e7er: <strong>180 kg y\u00fckle 1.500 defa ve 350 kg ile 10 defa y\u00fcksek stres testinden<\/strong> ge\u00e7irilerek <strong>uzun \u00f6m\u00fcrl\u00fc ve g\u00fcvenli<\/strong> oldu\u011fu garanti alt\u0131na al\u0131n\u0131r.<\/p>\n<p>&nbsp;<\/p>\n<p data-start=\"123\" data-end=\"401\"><a href=\"https:\/\/scopslife.com\/tr\/wp-content\/uploads\/2025\/06\/3-1.webp\"><img decoding=\"async\" class=\"alignnone size-medium wp-image-10002 desktop-spec\" src=\"https:\/\/scopslife.com\/tr\/wp-content\/uploads\/2025\/06\/3-1.webp\" alt=\"\" \/><\/a><\/p>\n<p data-start=\"123\" data-end=\"401\"><a href=\"https:\/\/scopslife.com\/tr\/wp-content\/uploads\/2025\/06\/3-2.webp\"><img loading=\"lazy\" decoding=\"async\" class=\"alignleft size-full wp-image-10476 mobile-spec\" src=\"https:\/\/scopslife.com\/tr\/wp-content\/uploads\/2025\/06\/3-2.webp\" alt=\"\" width=\"800\" height=\"800\" \/><\/a><\/p>\n","protected":false},"excerpt":{"rendered":"<p class=\"\" data-start=\"122\" data-end=\"454\">Hafif yap\u0131s\u0131 ve kompakt g\u00f6vdesiyle <strong>Cruise X<\/strong>, \u015fehirde \u00e7evik ve konforlu s\u00fcr\u00fc\u015fler sunar. Esnek tahtas\u0131, yeni ba\u015flayanlara denge deste\u011fi sa\u011flarken, deneyimli s\u00fcr\u00fcc\u00fcler i\u00e7in y\u00fcksek manevra kabiliyeti ve kontrol sunar. SCOPS\u2019un \u00f6zel bask\u0131l\u0131 kaymaz kaplamas\u0131yla tarz ve g\u00fcvenli\u011fi bir arada ya\u015fay\u0131n.<\/p>\n","protected":false},"featured_media":11964,"comment_status":"closed","ping_status":"closed","template":"","meta":[],"product_brand":[],"product_cat":[75],"product_tag":[389,390,388,194,387],"class_list":{"0":"post-11775","1":"product","2":"type-product","3":"status-publish","4":"has-post-thumbnail","6":"product_cat-cruise-x","7":"product_tag-balik","8":"product_tag-denge","9":"product_tag-japon-kulturu","10":"product_tag-koi","11":"product_tag-uzakdogu","13":"first","14":"outofstock","15":"shipping-taxable","16":"purchasable","17":"product-type-simple"},"yoast_head":"<!-- This site is optimized with the Yoast SEO plugin v27.1.1 - https:\/\/yoast.com\/product\/yoast-seo-wordpress\/ -->\n<title>CruiseX Shortboard - Balance | Scops<\/title>\n<meta name=\"description\" content=\"Denge ve \u00e7evikli\u011fi bir araya getiren CruiseX Shortboard Balance modeliyle keyifli s\u00fcr\u00fc\u015fler yap. Scops kalitesiyle her an kontrol sende!\" \/>\n<meta name=\"robots\" content=\"index, follow, max-snippet:-1, max-image-preview:large, max-video-preview:-1\" \/>\n<link rel=\"canonical\" href=\"https:\/\/scopslife.com\/tr\/urun\/balance\/\" \/>\n<meta property=\"og:locale\" content=\"tr_TR\" \/>\n<meta property=\"og:type\" content=\"article\" \/>\n<meta property=\"og:title\" content=\"CruiseX Shortboard - Balance | Scops\" \/>\n<meta property=\"og:description\" content=\"Denge ve \u00e7evikli\u011fi bir araya getiren CruiseX Shortboard Balance modeliyle keyifli s\u00fcr\u00fc\u015fler yap. Scops kalitesiyle her an kontrol sende!\" \/>\n<meta property=\"og:url\" content=\"https:\/\/scopslife.com\/tr\/urun\/balance\/\" \/>\n<meta property=\"og:site_name\" content=\"Scops\" \/>\n<meta property=\"article:modified_time\" content=\"2026-05-02T19:45:11+00:00\" \/>\n<meta property=\"og:image\" content=\"https:\/\/scopslife.com\/tr\/wp-content\/uploads\/2025\/06\/1-24.jpg\" \/>\n\t<meta property=\"og:image:width\" content=\"524\" \/>\n\t<meta property=\"og:image:height\" content=\"786\" \/>\n\t<meta property=\"og:image:type\" content=\"image\/jpeg\" \/>\n<meta name=\"twitter:card\" content=\"summary_large_image\" \/>\n<meta name=\"twitter:label1\" content=\"Tahmini okuma s\u00fcresi\" \/>\n\t<meta name=\"twitter:data1\" content=\"2 dakika\" \/>\n<script type=\"application\/ld+json\" class=\"yoast-schema-graph\">{\"@context\":\"https:\/\/schema.org\",\"@graph\":[{\"@type\":[\"WebPage\",\"ItemPage\"],\"@id\":\"https:\/\/scopslife.com\/tr\/urun\/balance\/\",\"url\":\"https:\/\/scopslife.com\/tr\/urun\/balance\/\",\"name\":\"CruiseX Shortboard - Balance | Scops\",\"isPartOf\":{\"@id\":\"https:\/\/scopslife.com\/tr\/#website\"},\"primaryImageOfPage\":{\"@id\":\"https:\/\/scopslife.com\/tr\/urun\/balance\/#primaryimage\"},\"image\":{\"@id\":\"https:\/\/scopslife.com\/tr\/urun\/balance\/#primaryimage\"},\"thumbnailUrl\":\"https:\/\/scopslife.com\/tr\/wp-content\/uploads\/2025\/06\/1-24.jpg\",\"datePublished\":\"2025-06-16T16:25:01+00:00\",\"dateModified\":\"2026-05-02T19:45:11+00:00\",\"description\":\"Denge ve \u00e7evikli\u011fi bir araya getiren CruiseX Shortboard Balance modeliyle keyifli s\u00fcr\u00fc\u015fler yap. Scops kalitesiyle her an kontrol sende!\",\"breadcrumb\":{\"@id\":\"https:\/\/scopslife.com\/tr\/urun\/balance\/#breadcrumb\"},\"inLanguage\":\"tr\",\"potentialAction\":[{\"@type\":\"ReadAction\",\"target\":[\"https:\/\/scopslife.com\/tr\/urun\/balance\/\"]}]},{\"@type\":\"ImageObject\",\"inLanguage\":\"tr\",\"@id\":\"https:\/\/scopslife.com\/tr\/urun\/balance\/#primaryimage\",\"url\":\"https:\/\/scopslife.com\/tr\/wp-content\/uploads\/2025\/06\/1-24.jpg\",\"contentUrl\":\"https:\/\/scopslife.com\/tr\/wp-content\/uploads\/2025\/06\/1-24.jpg\",\"width\":524,\"height\":786},{\"@type\":\"BreadcrumbList\",\"@id\":\"https:\/\/scopslife.com\/tr\/urun\/balance\/#breadcrumb\",\"itemListElement\":[{\"@type\":\"ListItem\",\"position\":1,\"name\":\"Anasayfa\",\"item\":\"https:\/\/scopslife.com\/tr\/\"},{\"@type\":\"ListItem\",\"position\":2,\"name\":\"Ma\u011faza\",\"item\":\"https:\/\/scopslife.com\/tr\/magaza\/\"},{\"@type\":\"ListItem\",\"position\":3,\"name\":\"CruiseX Shortboard &#8211; Balance\"}]},{\"@type\":\"WebSite\",\"@id\":\"https:\/\/scopslife.com\/tr\/#website\",\"url\":\"https:\/\/scopslife.com\/tr\/\",\"name\":\"Scops\",\"description\":\"Elevate\",\"potentialAction\":[{\"@type\":\"SearchAction\",\"target\":{\"@type\":\"EntryPoint\",\"urlTemplate\":\"https:\/\/scopslife.com\/tr\/?s={search_term_string}\"},\"query-input\":{\"@type\":\"PropertyValueSpecification\",\"valueRequired\":true,\"valueName\":\"search_term_string\"}}],\"inLanguage\":\"tr\"}]}<\/script>\n<!-- \/ Yoast SEO plugin. -->","yoast_head_json":{"title":"CruiseX Shortboard - Balance | Scops","description":"Denge ve \u00e7evikli\u011fi bir araya getiren CruiseX Shortboard Balance modeliyle keyifli s\u00fcr\u00fc\u015fler yap. Scops kalitesiyle her an kontrol sende!","robots":{"index":"index","follow":"follow","max-snippet":"max-snippet:-1","max-image-preview":"max-image-preview:large","max-video-preview":"max-video-preview:-1"},"canonical":"https:\/\/scopslife.com\/tr\/urun\/balance\/","og_locale":"tr_TR","og_type":"article","og_title":"CruiseX Shortboard - Balance | Scops","og_description":"Denge ve \u00e7evikli\u011fi bir araya getiren CruiseX Shortboard Balance modeliyle keyifli s\u00fcr\u00fc\u015fler yap. Scops kalitesiyle her an kontrol sende!","og_url":"https:\/\/scopslife.com\/tr\/urun\/balance\/","og_site_name":"Scops","article_modified_time":"2026-05-02T19:45:11+00:00","og_image":[{"width":524,"height":786,"url":"https:\/\/scopslife.com\/tr\/wp-content\/uploads\/2025\/06\/1-24.jpg","type":"image\/jpeg"}],"twitter_card":"summary_large_image","twitter_misc":{"Tahmini okuma s\u00fcresi":"2 dakika"},"schema":{"@context":"https:\/\/schema.org","@graph":[{"@type":["WebPage","ItemPage"],"@id":"https:\/\/scopslife.com\/tr\/urun\/balance\/","url":"https:\/\/scopslife.com\/tr\/urun\/balance\/","name":"CruiseX Shortboard - Balance | Scops","isPartOf":{"@id":"https:\/\/scopslife.com\/tr\/#website"},"primaryImageOfPage":{"@id":"https:\/\/scopslife.com\/tr\/urun\/balance\/#primaryimage"},"image":{"@id":"https:\/\/scopslife.com\/tr\/urun\/balance\/#primaryimage"},"thumbnailUrl":"https:\/\/scopslife.com\/tr\/wp-content\/uploads\/2025\/06\/1-24.jpg","datePublished":"2025-06-16T16:25:01+00:00","dateModified":"2026-05-02T19:45:11+00:00","description":"Denge ve \u00e7evikli\u011fi bir araya getiren CruiseX Shortboard Balance modeliyle keyifli s\u00fcr\u00fc\u015fler yap. Scops kalitesiyle her an kontrol sende!","breadcrumb":{"@id":"https:\/\/scopslife.com\/tr\/urun\/balance\/#breadcrumb"},"inLanguage":"tr","potentialAction":[{"@type":"ReadAction","target":["https:\/\/scopslife.com\/tr\/urun\/balance\/"]}]},{"@type":"ImageObject","inLanguage":"tr","@id":"https:\/\/scopslife.com\/tr\/urun\/balance\/#primaryimage","url":"https:\/\/scopslife.com\/tr\/wp-content\/uploads\/2025\/06\/1-24.jpg","contentUrl":"https:\/\/scopslife.com\/tr\/wp-content\/uploads\/2025\/06\/1-24.jpg","width":524,"height":786},{"@type":"BreadcrumbList","@id":"https:\/\/scopslife.com\/tr\/urun\/balance\/#breadcrumb","itemListElement":[{"@type":"ListItem","position":1,"name":"Anasayfa","item":"https:\/\/scopslife.com\/tr\/"},{"@type":"ListItem","position":2,"name":"Ma\u011faza","item":"https:\/\/scopslife.com\/tr\/magaza\/"},{"@type":"ListItem","position":3,"name":"CruiseX Shortboard &#8211; Balance"}]},{"@type":"WebSite","@id":"https:\/\/scopslife.com\/tr\/#website","url":"https:\/\/scopslife.com\/tr\/","name":"Scops","description":"Elevate","potentialAction":[{"@type":"SearchAction","target":{"@type":"EntryPoint","urlTemplate":"https:\/\/scopslife.com\/tr\/?s={search_term_string}"},"query-input":{"@type":"PropertyValueSpecification","valueRequired":true,"valueName":"search_term_string"}}],"inLanguage":"tr"}]}},"_links":{"self":[{"href":"https:\/\/scopslife.com\/tr\/wp-json\/wp\/v2\/product\/11775","targetHints":{"allow":["GET"]}}],"collection":[{"href":"https:\/\/scopslife.com\/tr\/wp-json\/wp\/v2\/product"}],"about":[{"href":"https:\/\/scopslife.com\/tr\/wp-json\/wp\/v2\/types\/product"}],"replies":[{"embeddable":true,"href":"https:\/\/scopslife.com\/tr\/wp-json\/wp\/v2\/comments?post=11775"}],"wp:featuredmedia":[{"embeddable":true,"href":"https:\/\/scopslife.com\/tr\/wp-json\/wp\/v2\/media\/11964"}],"wp:attachment":[{"href":"https:\/\/scopslife.com\/tr\/wp-json\/wp\/v2\/media?parent=11775"}],"wp:term":[{"taxonomy":"product_brand","embeddable":true,"href":"https:\/\/scopslife.com\/tr\/wp-json\/wp\/v2\/product_brand?post=11775"},{"taxonomy":"product_cat","embeddable":true,"href":"https:\/\/scopslife.com\/tr\/wp-json\/wp\/v2\/product_cat?post=11775"},{"taxonomy":"product_tag","embeddable":true,"href":"https:\/\/scopslife.com\/tr\/wp-json\/wp\/v2\/product_tag?post=11775"}],"curies":[{"name":"wp","href":"https:\/\/api.w.org\/{rel}","templated":true}]}}