{"id":11780,"date":"2025-06-16T19:25:01","date_gmt":"2025-06-16T16:25:01","guid":{"rendered":"https:\/\/scopslife.com\/tr\/?post_type=product&#038;p=11780"},"modified":"2026-05-02T22:42:54","modified_gmt":"2026-05-02T19:42:54","slug":"kitty-gang","status":"publish","type":"product","link":"https:\/\/scopslife.com\/tr\/urun\/kitty-gang\/","title":{"rendered":"CruiseX Shortboard &#8211; Kitty Gang"},"content":{"rendered":"<p data-start=\"126\" data-end=\"301\"><strong data-start=\"126\" data-end=\"164\">67 cm uzunlu\u011fundaki SCOPS Cruise X<\/strong>, k\u0131sa mesafeli \u015fehir i\u00e7i s\u00fcr\u00fc\u015fler i\u00e7in \u00f6zel olarak tasarland\u0131. Kompakt yap\u0131s\u0131 sayesinde ola\u011fan\u00fcst\u00fc manevra kabiliyeti ve esneklik sunar.<\/p>\n<p data-start=\"303\" data-end=\"454\"><strong data-start=\"303\" data-end=\"349\">SCOPS\u2019un \u00f6zg\u00fcn bask\u0131l\u0131 150C grip kaplamas\u0131<\/strong>, tam y\u00fczey tasar\u0131m\u0131yla estetik bir g\u00f6r\u00fcn\u00fcm kazand\u0131r\u0131rken, y\u00fcksek kaymazl\u0131k sa\u011flayarak g\u00fcvenli\u011fi art\u0131r\u0131r.<\/p>\n<p data-start=\"456\" data-end=\"611\">Cruise X, dar alanlarda ve yo\u011fun kentsel ortamlarda bile kolay kontrol ve \u00e7evik performans sunar\u2014ister yeni ba\u015fl\u0131yor olun, ister deneyimli bir s\u00fcr\u00fcc\u00fc olun.<\/p>\n<p data-start=\"613\" data-end=\"866\"><strong data-start=\"613\" data-end=\"660\">8 katmanl\u0131 kay\u0131n, hu\u015f ve ak\u00e7aa\u011fa\u00e7 kontrplak<\/strong> kullan\u0131larak, y\u00fcksek mukavemetli yap\u0131\u015ft\u0131r\u0131c\u0131larla preslenmi\u015ftir. Kompozit malzeme i\u00e7ermez; bu da onu %100 organik, hafif, esnek ve dayan\u0131kl\u0131 k\u0131lar. Standart tahtalara g\u00f6re %15\u2019e kadar daha uzun \u00f6m\u00fcrl\u00fcd\u00fcr.*<\/p>\n<p data-start=\"1080\" data-end=\"1214\"><strong data-start=\"1080\" data-end=\"1107\">78A yumu\u015fak tekerlekler<\/strong>, p\u00fcr\u00fczl\u00fc zeminlerde dahi yol tutu\u015funu art\u0131r\u0131r, titre\u015fimi ve darbeleri emer, d\u00fc\u015f\u00fck h\u0131zlarda dengeyi sa\u011flar.<\/p>\n<p data-start=\"1216\" data-end=\"1303\"><strong data-start=\"1216\" data-end=\"1256\">ABEC-9 y\u00fcksek performansl\u0131 rulmanlar<\/strong>, p\u00fcr\u00fczs\u00fcz ve verimli bir s\u00fcr\u00fc\u015f deneyimi sunar.<\/p>\n<p data-start=\"1305\" data-end=\"1398\">Esnek yap\u0131s\u0131, dar d\u00f6n\u00fc\u015flerde kaymay\u0131 \u00f6nleyerek kontrol\u00fc art\u0131r\u0131r ve g\u00fcvenli manevralar sa\u011flar.<\/p>\n<p>&nbsp;<\/p>\n<p>SCOPS Longboard\u2019lar, \u00fcretim sonras\u0131 <strong>180 kg y\u00fckle 1.500 defa<\/strong> ve <strong>350 kg ile 10 defa<\/strong><\/p>\n<p>y\u00fcksek stres testinden ge\u00e7irilir. B\u00f6ylece her \u00fcr\u00fcn\u00fcn uzun \u00f6m\u00fcrl\u00fc ve g\u00fcvenli oldu\u011fu garanti alt\u0131na al\u0131n\u0131r.<\/p>\n<p>&nbsp;<\/p>\n<p data-start=\"123\" data-end=\"401\"><a href=\"https:\/\/scopslife.com\/tr\/wp-content\/uploads\/2025\/06\/3-1.webp\"><img decoding=\"async\" class=\"alignnone size-medium wp-image-10002 desktop-spec\" src=\"https:\/\/scopslife.com\/tr\/wp-content\/uploads\/2025\/06\/3-1.webp\" alt=\"\" \/><\/a><\/p>\n<p data-start=\"123\" data-end=\"401\"><a href=\"https:\/\/scopslife.com\/tr\/wp-content\/uploads\/2025\/06\/3-2.webp\"><img loading=\"lazy\" decoding=\"async\" class=\"alignleft size-full wp-image-10476 mobile-spec\" src=\"https:\/\/scopslife.com\/tr\/wp-content\/uploads\/2025\/06\/3-2.webp\" alt=\"\" width=\"800\" height=\"800\" \/><\/a><\/p>\n","protected":false},"excerpt":{"rendered":"<p class=\"\" data-start=\"122\" data-end=\"454\">Hafif yap\u0131s\u0131 ve kompakt g\u00f6vdesiyle <strong>Cruise X<\/strong>, \u015fehirde \u00e7evik ve konforlu s\u00fcr\u00fc\u015fler sunar. Esnek tahtas\u0131, yeni ba\u015flayanlara denge deste\u011fi sa\u011flarken, deneyimli s\u00fcr\u00fcc\u00fcler i\u00e7in y\u00fcksek manevra kabiliyeti ve kontrol sunar. SCOPS\u2019un \u00f6zel bask\u0131l\u0131 kaymaz kaplamas\u0131yla tarz ve g\u00fcvenli\u011fi bir arada ya\u015fay\u0131n.<\/p>\n","protected":false},"featured_media":11990,"comment_status":"closed","ping_status":"closed","template":"","meta":[],"product_brand":[],"product_cat":[75],"product_tag":[382,381,376,369,372,383],"class_list":{"0":"post-11780","1":"product","2":"type-product","3":"status-publish","4":"has-post-thumbnail","6":"product_cat-cruise-x","7":"product_tag-cizgi-film-tatli-eglenceli","8":"product_tag-desenli","9":"product_tag-mutlu","10":"product_tag-pop-art","11":"product_tag-rahat","12":"product_tag-retro-vintage","14":"first","15":"outofstock","16":"shipping-taxable","17":"purchasable","18":"product-type-simple"},"yoast_head":"<!-- This site is optimized with the Yoast SEO plugin v27.1.1 - https:\/\/yoast.com\/product\/yoast-seo-wordpress\/ -->\n<title>CruiseX Shortboard - Kitty Gang - Scops<\/title>\n<meta name=\"robots\" content=\"index, follow, max-snippet:-1, max-image-preview:large, max-video-preview:-1\" \/>\n<link rel=\"canonical\" href=\"https:\/\/scopslife.com\/tr\/urun\/kitty-gang\/\" \/>\n<meta property=\"og:locale\" content=\"tr_TR\" \/>\n<meta property=\"og:type\" content=\"article\" \/>\n<meta property=\"og:title\" content=\"CruiseX Shortboard - Kitty Gang - Scops\" \/>\n<meta property=\"og:description\" content=\"Hafif yap\u0131s\u0131 ve kompakt g\u00f6vdesiyle Cruise X, \u015fehirde \u00e7evik ve konforlu s\u00fcr\u00fc\u015fler sunar. Esnek tahtas\u0131, yeni ba\u015flayanlara denge deste\u011fi sa\u011flarken, deneyimli s\u00fcr\u00fcc\u00fcler i\u00e7in y\u00fcksek manevra kabiliyeti ve kontrol sunar. SCOPS\u2019un \u00f6zel bask\u0131l\u0131 kaymaz kaplamas\u0131yla tarz ve g\u00fcvenli\u011fi bir arada ya\u015fay\u0131n.\" \/>\n<meta property=\"og:url\" content=\"https:\/\/scopslife.com\/tr\/urun\/kitty-gang\/\" \/>\n<meta property=\"og:site_name\" content=\"Scops\" \/>\n<meta property=\"article:modified_time\" content=\"2026-05-02T19:42:54+00:00\" \/>\n<meta property=\"og:image\" content=\"https:\/\/scopslife.com\/tr\/wp-content\/uploads\/2025\/06\/1-29.jpg\" \/>\n\t<meta property=\"og:image:width\" content=\"524\" \/>\n\t<meta property=\"og:image:height\" content=\"786\" \/>\n\t<meta property=\"og:image:type\" content=\"image\/jpeg\" \/>\n<meta name=\"twitter:card\" content=\"summary_large_image\" \/>\n<meta name=\"twitter:label1\" content=\"Tahmini okuma s\u00fcresi\" \/>\n\t<meta name=\"twitter:data1\" content=\"2 dakika\" \/>\n<script type=\"application\/ld+json\" class=\"yoast-schema-graph\">{\"@context\":\"https:\/\/schema.org\",\"@graph\":[{\"@type\":[\"WebPage\",\"ItemPage\"],\"@id\":\"https:\/\/scopslife.com\/tr\/urun\/kitty-gang\/\",\"url\":\"https:\/\/scopslife.com\/tr\/urun\/kitty-gang\/\",\"name\":\"CruiseX Shortboard - Kitty Gang - Scops\",\"isPartOf\":{\"@id\":\"https:\/\/scopslife.com\/tr\/#website\"},\"primaryImageOfPage\":{\"@id\":\"https:\/\/scopslife.com\/tr\/urun\/kitty-gang\/#primaryimage\"},\"image\":{\"@id\":\"https:\/\/scopslife.com\/tr\/urun\/kitty-gang\/#primaryimage\"},\"thumbnailUrl\":\"https:\/\/scopslife.com\/tr\/wp-content\/uploads\/2025\/06\/1-29.jpg\",\"datePublished\":\"2025-06-16T16:25:01+00:00\",\"dateModified\":\"2026-05-02T19:42:54+00:00\",\"breadcrumb\":{\"@id\":\"https:\/\/scopslife.com\/tr\/urun\/kitty-gang\/#breadcrumb\"},\"inLanguage\":\"tr\",\"potentialAction\":[{\"@type\":\"ReadAction\",\"target\":[\"https:\/\/scopslife.com\/tr\/urun\/kitty-gang\/\"]}]},{\"@type\":\"ImageObject\",\"inLanguage\":\"tr\",\"@id\":\"https:\/\/scopslife.com\/tr\/urun\/kitty-gang\/#primaryimage\",\"url\":\"https:\/\/scopslife.com\/tr\/wp-content\/uploads\/2025\/06\/1-29.jpg\",\"contentUrl\":\"https:\/\/scopslife.com\/tr\/wp-content\/uploads\/2025\/06\/1-29.jpg\",\"width\":524,\"height\":786},{\"@type\":\"BreadcrumbList\",\"@id\":\"https:\/\/scopslife.com\/tr\/urun\/kitty-gang\/#breadcrumb\",\"itemListElement\":[{\"@type\":\"ListItem\",\"position\":1,\"name\":\"Anasayfa\",\"item\":\"https:\/\/scopslife.com\/tr\/\"},{\"@type\":\"ListItem\",\"position\":2,\"name\":\"Ma\u011faza\",\"item\":\"https:\/\/scopslife.com\/tr\/magaza\/\"},{\"@type\":\"ListItem\",\"position\":3,\"name\":\"CruiseX Shortboard &#8211; Kitty Gang\"}]},{\"@type\":\"WebSite\",\"@id\":\"https:\/\/scopslife.com\/tr\/#website\",\"url\":\"https:\/\/scopslife.com\/tr\/\",\"name\":\"Scops\",\"description\":\"Elevate\",\"potentialAction\":[{\"@type\":\"SearchAction\",\"target\":{\"@type\":\"EntryPoint\",\"urlTemplate\":\"https:\/\/scopslife.com\/tr\/?s={search_term_string}\"},\"query-input\":{\"@type\":\"PropertyValueSpecification\",\"valueRequired\":true,\"valueName\":\"search_term_string\"}}],\"inLanguage\":\"tr\"}]}<\/script>\n<!-- \/ Yoast SEO plugin. -->","yoast_head_json":{"title":"CruiseX Shortboard - Kitty Gang - Scops","robots":{"index":"index","follow":"follow","max-snippet":"max-snippet:-1","max-image-preview":"max-image-preview:large","max-video-preview":"max-video-preview:-1"},"canonical":"https:\/\/scopslife.com\/tr\/urun\/kitty-gang\/","og_locale":"tr_TR","og_type":"article","og_title":"CruiseX Shortboard - Kitty Gang - Scops","og_description":"Hafif yap\u0131s\u0131 ve kompakt g\u00f6vdesiyle Cruise X, \u015fehirde \u00e7evik ve konforlu s\u00fcr\u00fc\u015fler sunar. Esnek tahtas\u0131, yeni ba\u015flayanlara denge deste\u011fi sa\u011flarken, deneyimli s\u00fcr\u00fcc\u00fcler i\u00e7in y\u00fcksek manevra kabiliyeti ve kontrol sunar. SCOPS\u2019un \u00f6zel bask\u0131l\u0131 kaymaz kaplamas\u0131yla tarz ve g\u00fcvenli\u011fi bir arada ya\u015fay\u0131n.","og_url":"https:\/\/scopslife.com\/tr\/urun\/kitty-gang\/","og_site_name":"Scops","article_modified_time":"2026-05-02T19:42:54+00:00","og_image":[{"width":524,"height":786,"url":"https:\/\/scopslife.com\/tr\/wp-content\/uploads\/2025\/06\/1-29.jpg","type":"image\/jpeg"}],"twitter_card":"summary_large_image","twitter_misc":{"Tahmini okuma s\u00fcresi":"2 dakika"},"schema":{"@context":"https:\/\/schema.org","@graph":[{"@type":["WebPage","ItemPage"],"@id":"https:\/\/scopslife.com\/tr\/urun\/kitty-gang\/","url":"https:\/\/scopslife.com\/tr\/urun\/kitty-gang\/","name":"CruiseX Shortboard - Kitty Gang - Scops","isPartOf":{"@id":"https:\/\/scopslife.com\/tr\/#website"},"primaryImageOfPage":{"@id":"https:\/\/scopslife.com\/tr\/urun\/kitty-gang\/#primaryimage"},"image":{"@id":"https:\/\/scopslife.com\/tr\/urun\/kitty-gang\/#primaryimage"},"thumbnailUrl":"https:\/\/scopslife.com\/tr\/wp-content\/uploads\/2025\/06\/1-29.jpg","datePublished":"2025-06-16T16:25:01+00:00","dateModified":"2026-05-02T19:42:54+00:00","breadcrumb":{"@id":"https:\/\/scopslife.com\/tr\/urun\/kitty-gang\/#breadcrumb"},"inLanguage":"tr","potentialAction":[{"@type":"ReadAction","target":["https:\/\/scopslife.com\/tr\/urun\/kitty-gang\/"]}]},{"@type":"ImageObject","inLanguage":"tr","@id":"https:\/\/scopslife.com\/tr\/urun\/kitty-gang\/#primaryimage","url":"https:\/\/scopslife.com\/tr\/wp-content\/uploads\/2025\/06\/1-29.jpg","contentUrl":"https:\/\/scopslife.com\/tr\/wp-content\/uploads\/2025\/06\/1-29.jpg","width":524,"height":786},{"@type":"BreadcrumbList","@id":"https:\/\/scopslife.com\/tr\/urun\/kitty-gang\/#breadcrumb","itemListElement":[{"@type":"ListItem","position":1,"name":"Anasayfa","item":"https:\/\/scopslife.com\/tr\/"},{"@type":"ListItem","position":2,"name":"Ma\u011faza","item":"https:\/\/scopslife.com\/tr\/magaza\/"},{"@type":"ListItem","position":3,"name":"CruiseX Shortboard &#8211; Kitty Gang"}]},{"@type":"WebSite","@id":"https:\/\/scopslife.com\/tr\/#website","url":"https:\/\/scopslife.com\/tr\/","name":"Scops","description":"Elevate","potentialAction":[{"@type":"SearchAction","target":{"@type":"EntryPoint","urlTemplate":"https:\/\/scopslife.com\/tr\/?s={search_term_string}"},"query-input":{"@type":"PropertyValueSpecification","valueRequired":true,"valueName":"search_term_string"}}],"inLanguage":"tr"}]}},"_links":{"self":[{"href":"https:\/\/scopslife.com\/tr\/wp-json\/wp\/v2\/product\/11780","targetHints":{"allow":["GET"]}}],"collection":[{"href":"https:\/\/scopslife.com\/tr\/wp-json\/wp\/v2\/product"}],"about":[{"href":"https:\/\/scopslife.com\/tr\/wp-json\/wp\/v2\/types\/product"}],"replies":[{"embeddable":true,"href":"https:\/\/scopslife.com\/tr\/wp-json\/wp\/v2\/comments?post=11780"}],"wp:featuredmedia":[{"embeddable":true,"href":"https:\/\/scopslife.com\/tr\/wp-json\/wp\/v2\/media\/11990"}],"wp:attachment":[{"href":"https:\/\/scopslife.com\/tr\/wp-json\/wp\/v2\/media?parent=11780"}],"wp:term":[{"taxonomy":"product_brand","embeddable":true,"href":"https:\/\/scopslife.com\/tr\/wp-json\/wp\/v2\/product_brand?post=11780"},{"taxonomy":"product_cat","embeddable":true,"href":"https:\/\/scopslife.com\/tr\/wp-json\/wp\/v2\/product_cat?post=11780"},{"taxonomy":"product_tag","embeddable":true,"href":"https:\/\/scopslife.com\/tr\/wp-json\/wp\/v2\/product_tag?post=11780"}],"curies":[{"name":"wp","href":"https:\/\/api.w.org\/{rel}","templated":true}]}}