{"id":11816,"date":"2025-06-16T19:25:14","date_gmt":"2025-06-16T16:25:14","guid":{"rendered":"https:\/\/scopslife.com\/tr\/?post_type=product&#038;p=11816"},"modified":"2025-10-13T14:15:49","modified_gmt":"2025-10-13T11:15:49","slug":"koi-crop-turuncu-t-shirt","status":"publish","type":"product","link":"https:\/\/scopslife.com\/tr\/urun\/koi-crop-turuncu-t-shirt\/","title":{"rendered":"Koi Crop Ti\u015f\u00f6rt"},"content":{"rendered":"<h4 data-sourcepos=\"14:1-14:19\">Beden Bilgileri<\/h4>\n<p data-sourcepos=\"16:1-16:127\">Ti\u015f\u00f6rt <strong>Standart Beden<\/strong> olarak sunulmaktad\u0131r. Model \u00fczerindeki duru\u015funu daha iyi anlaman\u0131z i\u00e7in model \u00f6l\u00e7\u00fcleri \u015fu \u015fekildedir:<\/p>\n<ul data-sourcepos=\"18:1-21:0\">\n<li data-sourcepos=\"18:1-18:14\">Boy: 1.71 cm<\/li>\n<li data-sourcepos=\"19:1-19:12\">Bel: 59 cm<\/li>\n<li data-sourcepos=\"20:1-21:0\">G\u00f6\u011f\u00fcs: 82 cm<\/li>\n<\/ul>\n<h4 data-sourcepos=\"11:1-11:19\">Y\u0131kama Talimat\u0131<\/h4>\n<p data-sourcepos=\"13:1-13:39\">Ti\u015f\u00f6rt\u00fcn\u00fcz\u00fc uzun \u00f6m\u00fcrl\u00fc kullanmak i\u00e7in:<\/p>\n<ul data-sourcepos=\"15:1-17:0\">\n<li data-sourcepos=\"15:1-15:28\"><strong>30 derecede y\u0131kay\u0131n\u0131z.<\/strong><\/li>\n<li data-sourcepos=\"16:1-17:0\"><strong>Kurutma i\u015flemi uygulamay\u0131n\u0131z.<\/strong> (Makinede kurutmak yerine asarak kurutmak, kuma\u015f\u0131n formunu ve nak\u0131\u015f\u0131n bozulmamas\u0131n\u0131 sa\u011flayacakt\u0131r.)<\/li>\n<\/ul>\n","protected":false},"excerpt":{"rendered":"<p>Ti\u015f\u00f6rt, <strong>%95 Pamuk ve %15 Likra<\/strong> kar\u0131\u015f\u0131m\u0131ndan \u00fcretilmi\u015ftir. Bu \u00f6zel kuma\u015f yap\u0131s\u0131 sayesinde hem nefes alabilen ve yumu\u015fak bir dokuya sahiptir hem de likra i\u00e7eri\u011fi sayesinde esneklik ve rahat bir kullan\u0131m sunar.<\/p>\n","protected":false},"featured_media":11930,"comment_status":"closed","ping_status":"closed","template":"","meta":[],"product_brand":[],"product_cat":[303,312],"product_tag":[],"class_list":{"0":"post-11816","1":"product","2":"type-product","3":"status-publish","4":"has-post-thumbnail","6":"product_cat-giyim","7":"product_cat-tisort","9":"first","10":"instock","11":"shipping-taxable","12":"purchasable","13":"product-type-variable"},"yoast_head":"<!-- This site is optimized with the Yoast SEO plugin v27.1.1 - https:\/\/yoast.com\/product\/yoast-seo-wordpress\/ -->\n<title>Koi Crop Turuncu T-shirt | Scops<\/title>\n<meta name=\"description\" content=\"Japon k\u00fclt\u00fcr\u00fcnden ilham alan Koi bal\u0131\u011f\u0131 desenli turuncu crop ti\u015f\u00f6rt ile stilini tamamla. ScopsLife kalitesiyle \u00fcretilmi\u015f, rahat ve \u015f\u0131k.\" \/>\n<meta name=\"robots\" content=\"index, follow, max-snippet:-1, max-image-preview:large, max-video-preview:-1\" \/>\n<link rel=\"canonical\" href=\"https:\/\/scopslife.com\/tr\/urun\/koi-crop-turuncu-t-shirt\/\" \/>\n<meta property=\"og:locale\" content=\"tr_TR\" \/>\n<meta property=\"og:type\" content=\"article\" \/>\n<meta property=\"og:title\" content=\"Koi Crop Turuncu T-shirt | Scops\" \/>\n<meta property=\"og:description\" content=\"Japon k\u00fclt\u00fcr\u00fcnden ilham alan Koi bal\u0131\u011f\u0131 desenli turuncu crop ti\u015f\u00f6rt ile stilini tamamla. ScopsLife kalitesiyle \u00fcretilmi\u015f, rahat ve \u015f\u0131k.\" \/>\n<meta property=\"og:url\" content=\"https:\/\/scopslife.com\/tr\/urun\/koi-crop-turuncu-t-shirt\/\" \/>\n<meta property=\"og:site_name\" content=\"Scops\" \/>\n<meta property=\"article:modified_time\" content=\"2025-10-13T11:15:49+00:00\" \/>\n<meta property=\"og:image\" content=\"https:\/\/scopslife.com\/tr\/wp-content\/uploads\/2025\/06\/1-2.jpg\" \/>\n\t<meta property=\"og:image:width\" content=\"524\" \/>\n\t<meta property=\"og:image:height\" content=\"786\" \/>\n\t<meta property=\"og:image:type\" content=\"image\/jpeg\" \/>\n<meta name=\"twitter:card\" content=\"summary_large_image\" \/>\n<meta name=\"twitter:label1\" content=\"Tahmini okuma s\u00fcresi\" \/>\n\t<meta name=\"twitter:data1\" content=\"1 dakika\" \/>\n<script type=\"application\/ld+json\" class=\"yoast-schema-graph\">{\"@context\":\"https:\/\/schema.org\",\"@graph\":[{\"@type\":[\"WebPage\",\"ItemPage\"],\"@id\":\"https:\/\/scopslife.com\/tr\/urun\/koi-crop-turuncu-t-shirt\/\",\"url\":\"https:\/\/scopslife.com\/tr\/urun\/koi-crop-turuncu-t-shirt\/\",\"name\":\"Koi Crop Turuncu T-shirt | Scops\",\"isPartOf\":{\"@id\":\"https:\/\/scopslife.com\/tr\/#website\"},\"primaryImageOfPage\":{\"@id\":\"https:\/\/scopslife.com\/tr\/urun\/koi-crop-turuncu-t-shirt\/#primaryimage\"},\"image\":{\"@id\":\"https:\/\/scopslife.com\/tr\/urun\/koi-crop-turuncu-t-shirt\/#primaryimage\"},\"thumbnailUrl\":\"https:\/\/scopslife.com\/tr\/wp-content\/uploads\/2025\/06\/1-2.jpg\",\"datePublished\":\"2025-06-16T16:25:14+00:00\",\"dateModified\":\"2025-10-13T11:15:49+00:00\",\"description\":\"Japon k\u00fclt\u00fcr\u00fcnden ilham alan Koi bal\u0131\u011f\u0131 desenli turuncu crop ti\u015f\u00f6rt ile stilini tamamla. ScopsLife kalitesiyle \u00fcretilmi\u015f, rahat ve \u015f\u0131k.\",\"breadcrumb\":{\"@id\":\"https:\/\/scopslife.com\/tr\/urun\/koi-crop-turuncu-t-shirt\/#breadcrumb\"},\"inLanguage\":\"tr\",\"potentialAction\":[{\"@type\":\"ReadAction\",\"target\":[\"https:\/\/scopslife.com\/tr\/urun\/koi-crop-turuncu-t-shirt\/\"]}]},{\"@type\":\"ImageObject\",\"inLanguage\":\"tr\",\"@id\":\"https:\/\/scopslife.com\/tr\/urun\/koi-crop-turuncu-t-shirt\/#primaryimage\",\"url\":\"https:\/\/scopslife.com\/tr\/wp-content\/uploads\/2025\/06\/1-2.jpg\",\"contentUrl\":\"https:\/\/scopslife.com\/tr\/wp-content\/uploads\/2025\/06\/1-2.jpg\",\"width\":524,\"height\":786},{\"@type\":\"BreadcrumbList\",\"@id\":\"https:\/\/scopslife.com\/tr\/urun\/koi-crop-turuncu-t-shirt\/#breadcrumb\",\"itemListElement\":[{\"@type\":\"ListItem\",\"position\":1,\"name\":\"Anasayfa\",\"item\":\"https:\/\/scopslife.com\/tr\/\"},{\"@type\":\"ListItem\",\"position\":2,\"name\":\"Ma\u011faza\",\"item\":\"https:\/\/scopslife.com\/tr\/magaza\/\"},{\"@type\":\"ListItem\",\"position\":3,\"name\":\"Koi Crop Ti\u015f\u00f6rt\"}]},{\"@type\":\"WebSite\",\"@id\":\"https:\/\/scopslife.com\/tr\/#website\",\"url\":\"https:\/\/scopslife.com\/tr\/\",\"name\":\"Scops\",\"description\":\"Elevate\",\"potentialAction\":[{\"@type\":\"SearchAction\",\"target\":{\"@type\":\"EntryPoint\",\"urlTemplate\":\"https:\/\/scopslife.com\/tr\/?s={search_term_string}\"},\"query-input\":{\"@type\":\"PropertyValueSpecification\",\"valueRequired\":true,\"valueName\":\"search_term_string\"}}],\"inLanguage\":\"tr\"}]}<\/script>\n<!-- \/ Yoast SEO plugin. -->","yoast_head_json":{"title":"Koi Crop Turuncu T-shirt | Scops","description":"Japon k\u00fclt\u00fcr\u00fcnden ilham alan Koi bal\u0131\u011f\u0131 desenli turuncu crop ti\u015f\u00f6rt ile stilini tamamla. ScopsLife kalitesiyle \u00fcretilmi\u015f, rahat ve \u015f\u0131k.","robots":{"index":"index","follow":"follow","max-snippet":"max-snippet:-1","max-image-preview":"max-image-preview:large","max-video-preview":"max-video-preview:-1"},"canonical":"https:\/\/scopslife.com\/tr\/urun\/koi-crop-turuncu-t-shirt\/","og_locale":"tr_TR","og_type":"article","og_title":"Koi Crop Turuncu T-shirt | Scops","og_description":"Japon k\u00fclt\u00fcr\u00fcnden ilham alan Koi bal\u0131\u011f\u0131 desenli turuncu crop ti\u015f\u00f6rt ile stilini tamamla. ScopsLife kalitesiyle \u00fcretilmi\u015f, rahat ve \u015f\u0131k.","og_url":"https:\/\/scopslife.com\/tr\/urun\/koi-crop-turuncu-t-shirt\/","og_site_name":"Scops","article_modified_time":"2025-10-13T11:15:49+00:00","og_image":[{"width":524,"height":786,"url":"https:\/\/scopslife.com\/tr\/wp-content\/uploads\/2025\/06\/1-2.jpg","type":"image\/jpeg"}],"twitter_card":"summary_large_image","twitter_misc":{"Tahmini okuma s\u00fcresi":"1 dakika"},"schema":{"@context":"https:\/\/schema.org","@graph":[{"@type":["WebPage","ItemPage"],"@id":"https:\/\/scopslife.com\/tr\/urun\/koi-crop-turuncu-t-shirt\/","url":"https:\/\/scopslife.com\/tr\/urun\/koi-crop-turuncu-t-shirt\/","name":"Koi Crop Turuncu T-shirt | Scops","isPartOf":{"@id":"https:\/\/scopslife.com\/tr\/#website"},"primaryImageOfPage":{"@id":"https:\/\/scopslife.com\/tr\/urun\/koi-crop-turuncu-t-shirt\/#primaryimage"},"image":{"@id":"https:\/\/scopslife.com\/tr\/urun\/koi-crop-turuncu-t-shirt\/#primaryimage"},"thumbnailUrl":"https:\/\/scopslife.com\/tr\/wp-content\/uploads\/2025\/06\/1-2.jpg","datePublished":"2025-06-16T16:25:14+00:00","dateModified":"2025-10-13T11:15:49+00:00","description":"Japon k\u00fclt\u00fcr\u00fcnden ilham alan Koi bal\u0131\u011f\u0131 desenli turuncu crop ti\u015f\u00f6rt ile stilini tamamla. ScopsLife kalitesiyle \u00fcretilmi\u015f, rahat ve \u015f\u0131k.","breadcrumb":{"@id":"https:\/\/scopslife.com\/tr\/urun\/koi-crop-turuncu-t-shirt\/#breadcrumb"},"inLanguage":"tr","potentialAction":[{"@type":"ReadAction","target":["https:\/\/scopslife.com\/tr\/urun\/koi-crop-turuncu-t-shirt\/"]}]},{"@type":"ImageObject","inLanguage":"tr","@id":"https:\/\/scopslife.com\/tr\/urun\/koi-crop-turuncu-t-shirt\/#primaryimage","url":"https:\/\/scopslife.com\/tr\/wp-content\/uploads\/2025\/06\/1-2.jpg","contentUrl":"https:\/\/scopslife.com\/tr\/wp-content\/uploads\/2025\/06\/1-2.jpg","width":524,"height":786},{"@type":"BreadcrumbList","@id":"https:\/\/scopslife.com\/tr\/urun\/koi-crop-turuncu-t-shirt\/#breadcrumb","itemListElement":[{"@type":"ListItem","position":1,"name":"Anasayfa","item":"https:\/\/scopslife.com\/tr\/"},{"@type":"ListItem","position":2,"name":"Ma\u011faza","item":"https:\/\/scopslife.com\/tr\/magaza\/"},{"@type":"ListItem","position":3,"name":"Koi Crop Ti\u015f\u00f6rt"}]},{"@type":"WebSite","@id":"https:\/\/scopslife.com\/tr\/#website","url":"https:\/\/scopslife.com\/tr\/","name":"Scops","description":"Elevate","potentialAction":[{"@type":"SearchAction","target":{"@type":"EntryPoint","urlTemplate":"https:\/\/scopslife.com\/tr\/?s={search_term_string}"},"query-input":{"@type":"PropertyValueSpecification","valueRequired":true,"valueName":"search_term_string"}}],"inLanguage":"tr"}]}},"_links":{"self":[{"href":"https:\/\/scopslife.com\/tr\/wp-json\/wp\/v2\/product\/11816","targetHints":{"allow":["GET"]}}],"collection":[{"href":"https:\/\/scopslife.com\/tr\/wp-json\/wp\/v2\/product"}],"about":[{"href":"https:\/\/scopslife.com\/tr\/wp-json\/wp\/v2\/types\/product"}],"replies":[{"embeddable":true,"href":"https:\/\/scopslife.com\/tr\/wp-json\/wp\/v2\/comments?post=11816"}],"wp:featuredmedia":[{"embeddable":true,"href":"https:\/\/scopslife.com\/tr\/wp-json\/wp\/v2\/media\/11930"}],"wp:attachment":[{"href":"https:\/\/scopslife.com\/tr\/wp-json\/wp\/v2\/media?parent=11816"}],"wp:term":[{"taxonomy":"product_brand","embeddable":true,"href":"https:\/\/scopslife.com\/tr\/wp-json\/wp\/v2\/product_brand?post=11816"},{"taxonomy":"product_cat","embeddable":true,"href":"https:\/\/scopslife.com\/tr\/wp-json\/wp\/v2\/product_cat?post=11816"},{"taxonomy":"product_tag","embeddable":true,"href":"https:\/\/scopslife.com\/tr\/wp-json\/wp\/v2\/product_tag?post=11816"}],"curies":[{"name":"wp","href":"https:\/\/api.w.org\/{rel}","templated":true}]}}