{"id":11819,"date":"2025-06-16T19:25:14","date_gmt":"2025-06-16T16:25:14","guid":{"rendered":"https:\/\/scopslife.com\/tr\/?post_type=product&#038;p=11819"},"modified":"2025-10-13T14:23:35","modified_gmt":"2025-10-13T11:23:35","slug":"snake-krem-hoodie","status":"publish","type":"product","link":"https:\/\/scopslife.com\/tr\/urun\/snake-krem-hoodie\/","title":{"rendered":"Snake Hoodie"},"content":{"rendered":"<h4 data-sourcepos=\"15:1-15:22\">Y\u0131kama Talimatlar\u0131<\/h4>\n<p data-sourcepos=\"17:1-17:64\">\u00dcr\u00fcn\u00fcn\u00fcz\u00fc uzun \u00f6m\u00fcrl\u00fc kullanmak i\u00e7in a\u015fa\u011f\u0131daki talimatlara uyun:<\/p>\n<ul data-sourcepos=\"19:1-22:0\">\n<li data-sourcepos=\"19:1-19:26\"><strong>30 derecede y\u0131kay\u0131n.<\/strong><\/li>\n<li data-sourcepos=\"20:1-20:31\"><strong>Benzer renklerle y\u0131kay\u0131n.<\/strong><\/li>\n<li data-sourcepos=\"21:1-22:0\"><strong>Kurutma i\u015flemi uygulamay\u0131n.<\/strong> (\u00dcr\u00fcn\u00fc asarak veya sererek kurutmak, kuma\u015f\u0131n ve nak\u0131\u015f\u0131n formunu korumas\u0131na yard\u0131mc\u0131 olur.)<\/li>\n<\/ul>\n","protected":false},"excerpt":{"rendered":"<p data-sourcepos=\"7:1-7:107\">Bu \u00fcr\u00fcn, hem <strong>unisex<\/strong> hem de <strong>oversize<\/strong> kal\u0131plar\u0131yla dikkat \u00e7ekiyor ve <strong>s\u0131n\u0131rl\u0131 say\u0131da<\/strong> \u00fcretilmi\u015ftir.<\/p>\n<p data-sourcepos=\"11:1-11:166\">\u00dcr\u00fcn, <strong>%70 Pamuk, %15 Polyester ve %15 Elastan<\/strong> kar\u0131\u015f\u0131m\u0131ndan olu\u015fan \u00f6zel bir kuma\u015fa sahiptir. Bu bile\u015fim, \u00fcr\u00fcne <strong>yumu\u015fakl\u0131k, esneklik ve dayan\u0131kl\u0131l\u0131k<\/strong> kazand\u0131r\u0131r.<\/p>\n<p data-sourcepos=\"13:1-13:162\">\u00dcr\u00fcn\u00fcn \u00fczerinde yer alan <strong>\u00f6zel tasar\u0131m nak\u0131\u015f<\/strong>, \u00fcr\u00fcne benzersiz ve ki\u015fiselle\u015ftirilmi\u015f bir dokunu\u015f katmaktad\u0131r. Bu detay, \u00fcr\u00fcn\u00fc daha dikkat \u00e7ekici ve \u00f6zg\u00fcn k\u0131lar.<\/p>\n","protected":false},"featured_media":12640,"comment_status":"closed","ping_status":"closed","template":"","meta":[],"product_brand":[],"product_cat":[303,316],"product_tag":[],"class_list":{"0":"post-11819","1":"product","2":"type-product","3":"status-publish","4":"has-post-thumbnail","6":"product_cat-giyim","7":"product_cat-sweat","9":"first","10":"instock","11":"shipping-taxable","12":"purchasable","13":"product-type-variable"},"yoast_head":"<!-- This site is optimized with the Yoast SEO plugin v27.1.1 - https:\/\/yoast.com\/product\/yoast-seo-wordpress\/ -->\n<title>Snake Hoodie - Scops<\/title>\n<meta name=\"robots\" content=\"index, follow, max-snippet:-1, max-image-preview:large, max-video-preview:-1\" \/>\n<link rel=\"canonical\" href=\"https:\/\/scopslife.com\/tr\/urun\/snake-krem-hoodie\/\" \/>\n<meta property=\"og:locale\" content=\"tr_TR\" \/>\n<meta property=\"og:type\" content=\"article\" \/>\n<meta property=\"og:title\" content=\"Snake Hoodie - Scops\" \/>\n<meta property=\"og:description\" content=\"Bu \u00fcr\u00fcn, hem unisex hem de oversize kal\u0131plar\u0131yla dikkat \u00e7ekiyor ve s\u0131n\u0131rl\u0131 say\u0131da \u00fcretilmi\u015ftir. \u00dcr\u00fcn, %70 Pamuk, %15 Polyester ve %15 Elastan kar\u0131\u015f\u0131m\u0131ndan olu\u015fan \u00f6zel bir kuma\u015fa sahiptir. Bu bile\u015fim, \u00fcr\u00fcne yumu\u015fakl\u0131k, esneklik ve dayan\u0131kl\u0131l\u0131k kazand\u0131r\u0131r. \u00dcr\u00fcn\u00fcn \u00fczerinde yer alan \u00f6zel tasar\u0131m nak\u0131\u015f, \u00fcr\u00fcne benzersiz ve ki\u015fiselle\u015ftirilmi\u015f bir dokunu\u015f katmaktad\u0131r. Bu detay, \u00fcr\u00fcn\u00fc daha dikkat \u00e7ekici ve \u00f6zg\u00fcn k\u0131lar.\" \/>\n<meta property=\"og:url\" content=\"https:\/\/scopslife.com\/tr\/urun\/snake-krem-hoodie\/\" \/>\n<meta property=\"og:site_name\" content=\"Scops\" \/>\n<meta property=\"article:modified_time\" content=\"2025-10-13T11:23:35+00:00\" \/>\n<meta property=\"og:image\" content=\"https:\/\/scopslife.com\/tr\/wp-content\/uploads\/2025\/06\/16.webp\" \/>\n\t<meta property=\"og:image:width\" content=\"524\" \/>\n\t<meta property=\"og:image:height\" content=\"786\" \/>\n\t<meta property=\"og:image:type\" content=\"image\/webp\" \/>\n<meta name=\"twitter:card\" content=\"summary_large_image\" \/>\n<script type=\"application\/ld+json\" class=\"yoast-schema-graph\">{\"@context\":\"https:\/\/schema.org\",\"@graph\":[{\"@type\":[\"WebPage\",\"ItemPage\"],\"@id\":\"https:\/\/scopslife.com\/tr\/urun\/snake-krem-hoodie\/\",\"url\":\"https:\/\/scopslife.com\/tr\/urun\/snake-krem-hoodie\/\",\"name\":\"Snake Hoodie - Scops\",\"isPartOf\":{\"@id\":\"https:\/\/scopslife.com\/tr\/#website\"},\"primaryImageOfPage\":{\"@id\":\"https:\/\/scopslife.com\/tr\/urun\/snake-krem-hoodie\/#primaryimage\"},\"image\":{\"@id\":\"https:\/\/scopslife.com\/tr\/urun\/snake-krem-hoodie\/#primaryimage\"},\"thumbnailUrl\":\"https:\/\/scopslife.com\/tr\/wp-content\/uploads\/2025\/06\/16.webp\",\"datePublished\":\"2025-06-16T16:25:14+00:00\",\"dateModified\":\"2025-10-13T11:23:35+00:00\",\"breadcrumb\":{\"@id\":\"https:\/\/scopslife.com\/tr\/urun\/snake-krem-hoodie\/#breadcrumb\"},\"inLanguage\":\"tr\",\"potentialAction\":[{\"@type\":\"ReadAction\",\"target\":[\"https:\/\/scopslife.com\/tr\/urun\/snake-krem-hoodie\/\"]}]},{\"@type\":\"ImageObject\",\"inLanguage\":\"tr\",\"@id\":\"https:\/\/scopslife.com\/tr\/urun\/snake-krem-hoodie\/#primaryimage\",\"url\":\"https:\/\/scopslife.com\/tr\/wp-content\/uploads\/2025\/06\/16.webp\",\"contentUrl\":\"https:\/\/scopslife.com\/tr\/wp-content\/uploads\/2025\/06\/16.webp\",\"width\":524,\"height\":786},{\"@type\":\"BreadcrumbList\",\"@id\":\"https:\/\/scopslife.com\/tr\/urun\/snake-krem-hoodie\/#breadcrumb\",\"itemListElement\":[{\"@type\":\"ListItem\",\"position\":1,\"name\":\"Anasayfa\",\"item\":\"https:\/\/scopslife.com\/tr\/\"},{\"@type\":\"ListItem\",\"position\":2,\"name\":\"Ma\u011faza\",\"item\":\"https:\/\/scopslife.com\/tr\/magaza\/\"},{\"@type\":\"ListItem\",\"position\":3,\"name\":\"Snake Hoodie\"}]},{\"@type\":\"WebSite\",\"@id\":\"https:\/\/scopslife.com\/tr\/#website\",\"url\":\"https:\/\/scopslife.com\/tr\/\",\"name\":\"Scops\",\"description\":\"Elevate\",\"potentialAction\":[{\"@type\":\"SearchAction\",\"target\":{\"@type\":\"EntryPoint\",\"urlTemplate\":\"https:\/\/scopslife.com\/tr\/?s={search_term_string}\"},\"query-input\":{\"@type\":\"PropertyValueSpecification\",\"valueRequired\":true,\"valueName\":\"search_term_string\"}}],\"inLanguage\":\"tr\"}]}<\/script>\n<!-- \/ Yoast SEO plugin. -->","yoast_head_json":{"title":"Snake Hoodie - Scops","robots":{"index":"index","follow":"follow","max-snippet":"max-snippet:-1","max-image-preview":"max-image-preview:large","max-video-preview":"max-video-preview:-1"},"canonical":"https:\/\/scopslife.com\/tr\/urun\/snake-krem-hoodie\/","og_locale":"tr_TR","og_type":"article","og_title":"Snake Hoodie - Scops","og_description":"Bu \u00fcr\u00fcn, hem unisex hem de oversize kal\u0131plar\u0131yla dikkat \u00e7ekiyor ve s\u0131n\u0131rl\u0131 say\u0131da \u00fcretilmi\u015ftir. \u00dcr\u00fcn, %70 Pamuk, %15 Polyester ve %15 Elastan kar\u0131\u015f\u0131m\u0131ndan olu\u015fan \u00f6zel bir kuma\u015fa sahiptir. Bu bile\u015fim, \u00fcr\u00fcne yumu\u015fakl\u0131k, esneklik ve dayan\u0131kl\u0131l\u0131k kazand\u0131r\u0131r. \u00dcr\u00fcn\u00fcn \u00fczerinde yer alan \u00f6zel tasar\u0131m nak\u0131\u015f, \u00fcr\u00fcne benzersiz ve ki\u015fiselle\u015ftirilmi\u015f bir dokunu\u015f katmaktad\u0131r. Bu detay, \u00fcr\u00fcn\u00fc daha dikkat \u00e7ekici ve \u00f6zg\u00fcn k\u0131lar.","og_url":"https:\/\/scopslife.com\/tr\/urun\/snake-krem-hoodie\/","og_site_name":"Scops","article_modified_time":"2025-10-13T11:23:35+00:00","og_image":[{"width":524,"height":786,"url":"https:\/\/scopslife.com\/tr\/wp-content\/uploads\/2025\/06\/16.webp","type":"image\/webp"}],"twitter_card":"summary_large_image","schema":{"@context":"https:\/\/schema.org","@graph":[{"@type":["WebPage","ItemPage"],"@id":"https:\/\/scopslife.com\/tr\/urun\/snake-krem-hoodie\/","url":"https:\/\/scopslife.com\/tr\/urun\/snake-krem-hoodie\/","name":"Snake Hoodie - Scops","isPartOf":{"@id":"https:\/\/scopslife.com\/tr\/#website"},"primaryImageOfPage":{"@id":"https:\/\/scopslife.com\/tr\/urun\/snake-krem-hoodie\/#primaryimage"},"image":{"@id":"https:\/\/scopslife.com\/tr\/urun\/snake-krem-hoodie\/#primaryimage"},"thumbnailUrl":"https:\/\/scopslife.com\/tr\/wp-content\/uploads\/2025\/06\/16.webp","datePublished":"2025-06-16T16:25:14+00:00","dateModified":"2025-10-13T11:23:35+00:00","breadcrumb":{"@id":"https:\/\/scopslife.com\/tr\/urun\/snake-krem-hoodie\/#breadcrumb"},"inLanguage":"tr","potentialAction":[{"@type":"ReadAction","target":["https:\/\/scopslife.com\/tr\/urun\/snake-krem-hoodie\/"]}]},{"@type":"ImageObject","inLanguage":"tr","@id":"https:\/\/scopslife.com\/tr\/urun\/snake-krem-hoodie\/#primaryimage","url":"https:\/\/scopslife.com\/tr\/wp-content\/uploads\/2025\/06\/16.webp","contentUrl":"https:\/\/scopslife.com\/tr\/wp-content\/uploads\/2025\/06\/16.webp","width":524,"height":786},{"@type":"BreadcrumbList","@id":"https:\/\/scopslife.com\/tr\/urun\/snake-krem-hoodie\/#breadcrumb","itemListElement":[{"@type":"ListItem","position":1,"name":"Anasayfa","item":"https:\/\/scopslife.com\/tr\/"},{"@type":"ListItem","position":2,"name":"Ma\u011faza","item":"https:\/\/scopslife.com\/tr\/magaza\/"},{"@type":"ListItem","position":3,"name":"Snake Hoodie"}]},{"@type":"WebSite","@id":"https:\/\/scopslife.com\/tr\/#website","url":"https:\/\/scopslife.com\/tr\/","name":"Scops","description":"Elevate","potentialAction":[{"@type":"SearchAction","target":{"@type":"EntryPoint","urlTemplate":"https:\/\/scopslife.com\/tr\/?s={search_term_string}"},"query-input":{"@type":"PropertyValueSpecification","valueRequired":true,"valueName":"search_term_string"}}],"inLanguage":"tr"}]}},"_links":{"self":[{"href":"https:\/\/scopslife.com\/tr\/wp-json\/wp\/v2\/product\/11819","targetHints":{"allow":["GET"]}}],"collection":[{"href":"https:\/\/scopslife.com\/tr\/wp-json\/wp\/v2\/product"}],"about":[{"href":"https:\/\/scopslife.com\/tr\/wp-json\/wp\/v2\/types\/product"}],"replies":[{"embeddable":true,"href":"https:\/\/scopslife.com\/tr\/wp-json\/wp\/v2\/comments?post=11819"}],"wp:featuredmedia":[{"embeddable":true,"href":"https:\/\/scopslife.com\/tr\/wp-json\/wp\/v2\/media\/12640"}],"wp:attachment":[{"href":"https:\/\/scopslife.com\/tr\/wp-json\/wp\/v2\/media?parent=11819"}],"wp:term":[{"taxonomy":"product_brand","embeddable":true,"href":"https:\/\/scopslife.com\/tr\/wp-json\/wp\/v2\/product_brand?post=11819"},{"taxonomy":"product_cat","embeddable":true,"href":"https:\/\/scopslife.com\/tr\/wp-json\/wp\/v2\/product_cat?post=11819"},{"taxonomy":"product_tag","embeddable":true,"href":"https:\/\/scopslife.com\/tr\/wp-json\/wp\/v2\/product_tag?post=11819"}],"curies":[{"name":"wp","href":"https:\/\/api.w.org\/{rel}","templated":true}]}}