{"id":11822,"date":"2025-06-16T19:25:14","date_gmt":"2025-06-16T16:25:14","guid":{"rendered":"https:\/\/scopslife.com\/tr\/?post_type=product&#038;p=11822"},"modified":"2025-10-13T14:13:10","modified_gmt":"2025-10-13T11:13:10","slug":"gothic-pembe-hoodie","status":"publish","type":"product","link":"https:\/\/scopslife.com\/tr\/urun\/gothic-pembe-hoodie\/","title":{"rendered":"Gothic Hoodie"},"content":{"rendered":"<h4 data-sourcepos=\"17:1-17:22\">Y\u0131kama Talimatlar\u0131<\/h4>\n<p data-sourcepos=\"19:1-19:81\">\u00dcr\u00fcn\u00fcn\u00fcz\u00fc en iyi \u015fekilde korumak i\u00e7in a\u015fa\u011f\u0131daki y\u0131kama talimatlar\u0131na dikkat edin:<\/p>\n<ul data-sourcepos=\"21:1-24:0\">\n<li data-sourcepos=\"21:1-21:26\"><strong>30 derecede y\u0131kay\u0131n.<\/strong><\/li>\n<li data-sourcepos=\"22:1-22:40\"><strong>Benzer renklerle birlikte y\u0131kay\u0131n.<\/strong><\/li>\n<li data-sourcepos=\"23:1-24:0\"><strong>Kurutma i\u015flemi uygulamay\u0131n.<\/strong> (Makinede kurutma yerine asarak veya sererek kurutmak, kuma\u015f\u0131n yap\u0131s\u0131n\u0131 ve bask\u0131n\u0131n dayan\u0131kl\u0131l\u0131\u011f\u0131n\u0131 korumas\u0131na yard\u0131mc\u0131 olacakt\u0131r.)<\/li>\n<\/ul>\n","protected":false},"excerpt":{"rendered":"<p>Bu <strong>kap\u00fc\u015fonlu hoodie<\/strong>, <strong>unisex<\/strong> ve <strong>oversize<\/strong> kal\u0131plar\u0131yla rahat ve modern bir stil sunuyor. Koleksiyonda yer alan t\u00fcm \u00fcr\u00fcnler gibi, bu hoodie de <strong>s\u0131n\u0131rl\u0131 say\u0131da<\/strong> \u00fcretilmi\u015ftir.<\/p>\n<p>&nbsp;<\/p>\n<p data-sourcepos=\"13:1-13:239\">Hoodie, <strong>%70 Pamuk ve %30 Polyester<\/strong> kar\u0131\u015f\u0131m\u0131ndan olu\u015fan \u00f6zel bir kuma\u015fa sahiptir. Bu kar\u0131\u015f\u0131m, \u00fcr\u00fcne hem <strong>yumu\u015fakl\u0131k ve nefes alabilirlik<\/strong> katarken (%70 Pamuk), hem de <strong>dayan\u0131kl\u0131l\u0131k ve formunu koruma<\/strong> \u00f6zelli\u011fi sa\u011flar (%30 Polyester).<\/p>\n","protected":false},"featured_media":12629,"comment_status":"closed","ping_status":"closed","template":"","meta":[],"product_brand":[],"product_cat":[303,314],"product_tag":[],"class_list":{"0":"post-11822","1":"product","2":"type-product","3":"status-publish","4":"has-post-thumbnail","6":"product_cat-giyim","7":"product_cat-kapusonlu-sweat","9":"first","10":"instock","11":"shipping-taxable","12":"purchasable","13":"product-type-variable"},"yoast_head":"<!-- This site is optimized with the Yoast SEO plugin v27.1.1 - https:\/\/yoast.com\/product\/yoast-seo-wordpress\/ -->\n<title>Gothic Pembe Hoodie | Scops<\/title>\n<meta name=\"description\" content=\"Tarz sahibi tasar\u0131m\u0131 ve rahat kesimiyle Gothic Pembe Hoodie, g\u00fcnl\u00fck \u015f\u0131kl\u0131k ve konforu bir arada sunar. Scops ile stilini yans\u0131t!\" \/>\n<meta name=\"robots\" content=\"index, follow, max-snippet:-1, max-image-preview:large, max-video-preview:-1\" \/>\n<link rel=\"canonical\" href=\"https:\/\/scopslife.com\/tr\/urun\/gothic-pembe-hoodie\/\" \/>\n<meta property=\"og:locale\" content=\"tr_TR\" \/>\n<meta property=\"og:type\" content=\"article\" \/>\n<meta property=\"og:title\" content=\"Gothic Pembe Hoodie | Scops\" \/>\n<meta property=\"og:description\" content=\"Tarz sahibi tasar\u0131m\u0131 ve rahat kesimiyle Gothic Pembe Hoodie, g\u00fcnl\u00fck \u015f\u0131kl\u0131k ve konforu bir arada sunar. Scops ile stilini yans\u0131t!\" \/>\n<meta property=\"og:url\" content=\"https:\/\/scopslife.com\/tr\/urun\/gothic-pembe-hoodie\/\" \/>\n<meta property=\"og:site_name\" content=\"Scops\" \/>\n<meta property=\"article:modified_time\" content=\"2025-10-13T11:13:10+00:00\" \/>\n<meta property=\"og:image\" content=\"https:\/\/scopslife.com\/tr\/wp-content\/uploads\/2025\/06\/7-1.webp\" \/>\n\t<meta property=\"og:image:width\" content=\"524\" \/>\n\t<meta property=\"og:image:height\" content=\"786\" \/>\n\t<meta property=\"og:image:type\" content=\"image\/webp\" \/>\n<meta name=\"twitter:card\" content=\"summary_large_image\" \/>\n<meta name=\"twitter:label1\" content=\"Tahmini okuma s\u00fcresi\" \/>\n\t<meta name=\"twitter:data1\" content=\"1 dakika\" \/>\n<script type=\"application\/ld+json\" class=\"yoast-schema-graph\">{\"@context\":\"https:\/\/schema.org\",\"@graph\":[{\"@type\":[\"WebPage\",\"ItemPage\"],\"@id\":\"https:\/\/scopslife.com\/tr\/urun\/gothic-pembe-hoodie\/\",\"url\":\"https:\/\/scopslife.com\/tr\/urun\/gothic-pembe-hoodie\/\",\"name\":\"Gothic Pembe Hoodie | Scops\",\"isPartOf\":{\"@id\":\"https:\/\/scopslife.com\/tr\/#website\"},\"primaryImageOfPage\":{\"@id\":\"https:\/\/scopslife.com\/tr\/urun\/gothic-pembe-hoodie\/#primaryimage\"},\"image\":{\"@id\":\"https:\/\/scopslife.com\/tr\/urun\/gothic-pembe-hoodie\/#primaryimage\"},\"thumbnailUrl\":\"https:\/\/scopslife.com\/tr\/wp-content\/uploads\/2025\/06\/7-1.webp\",\"datePublished\":\"2025-06-16T16:25:14+00:00\",\"dateModified\":\"2025-10-13T11:13:10+00:00\",\"description\":\"Tarz sahibi tasar\u0131m\u0131 ve rahat kesimiyle Gothic Pembe Hoodie, g\u00fcnl\u00fck \u015f\u0131kl\u0131k ve konforu bir arada sunar. Scops ile stilini yans\u0131t!\",\"breadcrumb\":{\"@id\":\"https:\/\/scopslife.com\/tr\/urun\/gothic-pembe-hoodie\/#breadcrumb\"},\"inLanguage\":\"tr\",\"potentialAction\":[{\"@type\":\"ReadAction\",\"target\":[\"https:\/\/scopslife.com\/tr\/urun\/gothic-pembe-hoodie\/\"]}]},{\"@type\":\"ImageObject\",\"inLanguage\":\"tr\",\"@id\":\"https:\/\/scopslife.com\/tr\/urun\/gothic-pembe-hoodie\/#primaryimage\",\"url\":\"https:\/\/scopslife.com\/tr\/wp-content\/uploads\/2025\/06\/7-1.webp\",\"contentUrl\":\"https:\/\/scopslife.com\/tr\/wp-content\/uploads\/2025\/06\/7-1.webp\",\"width\":524,\"height\":786},{\"@type\":\"BreadcrumbList\",\"@id\":\"https:\/\/scopslife.com\/tr\/urun\/gothic-pembe-hoodie\/#breadcrumb\",\"itemListElement\":[{\"@type\":\"ListItem\",\"position\":1,\"name\":\"Anasayfa\",\"item\":\"https:\/\/scopslife.com\/tr\/\"},{\"@type\":\"ListItem\",\"position\":2,\"name\":\"Ma\u011faza\",\"item\":\"https:\/\/scopslife.com\/tr\/magaza\/\"},{\"@type\":\"ListItem\",\"position\":3,\"name\":\"Gothic Hoodie\"}]},{\"@type\":\"WebSite\",\"@id\":\"https:\/\/scopslife.com\/tr\/#website\",\"url\":\"https:\/\/scopslife.com\/tr\/\",\"name\":\"Scops\",\"description\":\"Elevate\",\"potentialAction\":[{\"@type\":\"SearchAction\",\"target\":{\"@type\":\"EntryPoint\",\"urlTemplate\":\"https:\/\/scopslife.com\/tr\/?s={search_term_string}\"},\"query-input\":{\"@type\":\"PropertyValueSpecification\",\"valueRequired\":true,\"valueName\":\"search_term_string\"}}],\"inLanguage\":\"tr\"}]}<\/script>\n<!-- \/ Yoast SEO plugin. -->","yoast_head_json":{"title":"Gothic Pembe Hoodie | Scops","description":"Tarz sahibi tasar\u0131m\u0131 ve rahat kesimiyle Gothic Pembe Hoodie, g\u00fcnl\u00fck \u015f\u0131kl\u0131k ve konforu bir arada sunar. Scops ile stilini yans\u0131t!","robots":{"index":"index","follow":"follow","max-snippet":"max-snippet:-1","max-image-preview":"max-image-preview:large","max-video-preview":"max-video-preview:-1"},"canonical":"https:\/\/scopslife.com\/tr\/urun\/gothic-pembe-hoodie\/","og_locale":"tr_TR","og_type":"article","og_title":"Gothic Pembe Hoodie | Scops","og_description":"Tarz sahibi tasar\u0131m\u0131 ve rahat kesimiyle Gothic Pembe Hoodie, g\u00fcnl\u00fck \u015f\u0131kl\u0131k ve konforu bir arada sunar. Scops ile stilini yans\u0131t!","og_url":"https:\/\/scopslife.com\/tr\/urun\/gothic-pembe-hoodie\/","og_site_name":"Scops","article_modified_time":"2025-10-13T11:13:10+00:00","og_image":[{"width":524,"height":786,"url":"https:\/\/scopslife.com\/tr\/wp-content\/uploads\/2025\/06\/7-1.webp","type":"image\/webp"}],"twitter_card":"summary_large_image","twitter_misc":{"Tahmini okuma s\u00fcresi":"1 dakika"},"schema":{"@context":"https:\/\/schema.org","@graph":[{"@type":["WebPage","ItemPage"],"@id":"https:\/\/scopslife.com\/tr\/urun\/gothic-pembe-hoodie\/","url":"https:\/\/scopslife.com\/tr\/urun\/gothic-pembe-hoodie\/","name":"Gothic Pembe Hoodie | Scops","isPartOf":{"@id":"https:\/\/scopslife.com\/tr\/#website"},"primaryImageOfPage":{"@id":"https:\/\/scopslife.com\/tr\/urun\/gothic-pembe-hoodie\/#primaryimage"},"image":{"@id":"https:\/\/scopslife.com\/tr\/urun\/gothic-pembe-hoodie\/#primaryimage"},"thumbnailUrl":"https:\/\/scopslife.com\/tr\/wp-content\/uploads\/2025\/06\/7-1.webp","datePublished":"2025-06-16T16:25:14+00:00","dateModified":"2025-10-13T11:13:10+00:00","description":"Tarz sahibi tasar\u0131m\u0131 ve rahat kesimiyle Gothic Pembe Hoodie, g\u00fcnl\u00fck \u015f\u0131kl\u0131k ve konforu bir arada sunar. Scops ile stilini yans\u0131t!","breadcrumb":{"@id":"https:\/\/scopslife.com\/tr\/urun\/gothic-pembe-hoodie\/#breadcrumb"},"inLanguage":"tr","potentialAction":[{"@type":"ReadAction","target":["https:\/\/scopslife.com\/tr\/urun\/gothic-pembe-hoodie\/"]}]},{"@type":"ImageObject","inLanguage":"tr","@id":"https:\/\/scopslife.com\/tr\/urun\/gothic-pembe-hoodie\/#primaryimage","url":"https:\/\/scopslife.com\/tr\/wp-content\/uploads\/2025\/06\/7-1.webp","contentUrl":"https:\/\/scopslife.com\/tr\/wp-content\/uploads\/2025\/06\/7-1.webp","width":524,"height":786},{"@type":"BreadcrumbList","@id":"https:\/\/scopslife.com\/tr\/urun\/gothic-pembe-hoodie\/#breadcrumb","itemListElement":[{"@type":"ListItem","position":1,"name":"Anasayfa","item":"https:\/\/scopslife.com\/tr\/"},{"@type":"ListItem","position":2,"name":"Ma\u011faza","item":"https:\/\/scopslife.com\/tr\/magaza\/"},{"@type":"ListItem","position":3,"name":"Gothic Hoodie"}]},{"@type":"WebSite","@id":"https:\/\/scopslife.com\/tr\/#website","url":"https:\/\/scopslife.com\/tr\/","name":"Scops","description":"Elevate","potentialAction":[{"@type":"SearchAction","target":{"@type":"EntryPoint","urlTemplate":"https:\/\/scopslife.com\/tr\/?s={search_term_string}"},"query-input":{"@type":"PropertyValueSpecification","valueRequired":true,"valueName":"search_term_string"}}],"inLanguage":"tr"}]}},"_links":{"self":[{"href":"https:\/\/scopslife.com\/tr\/wp-json\/wp\/v2\/product\/11822","targetHints":{"allow":["GET"]}}],"collection":[{"href":"https:\/\/scopslife.com\/tr\/wp-json\/wp\/v2\/product"}],"about":[{"href":"https:\/\/scopslife.com\/tr\/wp-json\/wp\/v2\/types\/product"}],"replies":[{"embeddable":true,"href":"https:\/\/scopslife.com\/tr\/wp-json\/wp\/v2\/comments?post=11822"}],"wp:featuredmedia":[{"embeddable":true,"href":"https:\/\/scopslife.com\/tr\/wp-json\/wp\/v2\/media\/12629"}],"wp:attachment":[{"href":"https:\/\/scopslife.com\/tr\/wp-json\/wp\/v2\/media?parent=11822"}],"wp:term":[{"taxonomy":"product_brand","embeddable":true,"href":"https:\/\/scopslife.com\/tr\/wp-json\/wp\/v2\/product_brand?post=11822"},{"taxonomy":"product_cat","embeddable":true,"href":"https:\/\/scopslife.com\/tr\/wp-json\/wp\/v2\/product_cat?post=11822"},{"taxonomy":"product_tag","embeddable":true,"href":"https:\/\/scopslife.com\/tr\/wp-json\/wp\/v2\/product_tag?post=11822"}],"curies":[{"name":"wp","href":"https:\/\/api.w.org\/{rel}","templated":true}]}}