{"id":11826,"date":"2025-06-16T19:25:24","date_gmt":"2025-06-16T16:25:24","guid":{"rendered":"https:\/\/scopslife.com\/tr\/?post_type=product&#038;p=11826"},"modified":"2025-11-19T12:12:30","modified_gmt":"2025-11-19T09:12:30","slug":"scops-x-sevdrus-pelus-mont","status":"publish","type":"product","link":"https:\/\/scopslife.com\/tr\/urun\/scops-x-sevdrus-pelus-mont\/","title":{"rendered":"Scops x Sevdrus Pelu\u015f Mont"},"content":{"rendered":"<h3 data-sourcepos=\"5:1-5:18\"><\/h3>\n<h4 data-sourcepos=\"13:1-13:28\">Beden ve Kal\u0131p Bilgileri<\/h4>\n<p data-sourcepos=\"15:1-15:345\">Ceket, <strong>unisex<\/strong> ve <strong>oversize geni\u015f kesim<\/strong> olarak \u00f6zel bir kal\u0131pla tasarlanm\u0131\u015ft\u0131r. Bu kal\u0131p, v\u00fccut hatlar\u0131n\u0131 belli etmeyen, daha bol ve d\u00f6k\u00fcml\u00fc bir duru\u015f sa\u011flar. \u0130\u00e7 astar\u0131 mavi pamuk satenden yap\u0131lm\u0131\u015f olup, metal siyah fermuarlar\u0131yla tamamlanm\u0131\u015ft\u0131r. Oversize kal\u0131p, kendi bedeninizde tercih edildi\u011finde bile rahat ve modern bir g\u00f6r\u00fcn\u00fcm sunar.<\/p>\n<hr data-sourcepos=\"17:1-17:3\" \/>\n<h4 data-sourcepos=\"19:1-19:22\">Y\u0131kama Talimatlar\u0131<\/h4>\n<p data-sourcepos=\"21:1-21:75\">\u00dcr\u00fcn\u00fcn uzun \u00f6m\u00fcrl\u00fc olmas\u0131 i\u00e7in y\u0131kama talimatlar\u0131na dikkat etmek \u00f6nemlidir:<\/p>\n<ul data-sourcepos=\"23:1-27:0\">\n<li data-sourcepos=\"23:1-23:42\">\u0130lk y\u0131kamadan sonra t\u00fcylenme yapmaz. \u0130lk kullan\u0131mdan \u00f6nce y\u0131kaman\u0131z t\u00fcylenmeyi \u00f6nlemek a\u00e7\u0131s\u0131ndan \u00f6nerilir.<\/li>\n<li data-sourcepos=\"24:1-24:81\">30 derecede elde y\u0131kama program\u0131 veya hassas programda so\u011fuk y\u0131kay\u0131n\u0131z.<\/li>\n<li data-sourcepos=\"25:1-25:33\">Benzer renklerle y\u0131kay\u0131n\u0131z.<\/li>\n<li data-sourcepos=\"26:1-27:0\">Kurutma i\u015flemi uygulanmaz. (Pelu\u015f ceketler genellikle makinede kurutmaya uygun de\u011fildir; bu, kuma\u015f\u0131n yap\u0131s\u0131n\u0131 bozabilir ve t\u00fcylenmeye neden olabilir.)<\/li>\n<\/ul>\n<p><a href=\"https:\/\/scopslife.com\/tr\/wp-content\/uploads\/2025\/06\/Turkish-2.webp\"><img loading=\"lazy\" decoding=\"async\" class=\"mobile-spec aligncenter wp-image-10906 size-full\" src=\"https:\/\/scopslife.com\/tr\/wp-content\/uploads\/2025\/06\/Turkish-2.webp\" alt=\"\" width=\"800\" height=\"800\" srcset=\"https:\/\/scopslife.com\/tr\/wp-content\/uploads\/2025\/06\/Turkish-2.webp 800w, https:\/\/scopslife.com\/tr\/wp-content\/uploads\/2025\/06\/Turkish-2-300x300.webp 300w, https:\/\/scopslife.com\/tr\/wp-content\/uploads\/2025\/06\/Turkish-2-150x150.webp 150w, https:\/\/scopslife.com\/tr\/wp-content\/uploads\/2025\/06\/Turkish-2-768x768.webp 768w, https:\/\/scopslife.com\/tr\/wp-content\/uploads\/2025\/06\/Turkish-2-650x650.webp 650w, https:\/\/scopslife.com\/tr\/wp-content\/uploads\/2025\/06\/Turkish-2-100x100.webp 100w\" sizes=\"auto, (max-width: 800px) 100vw, 800px\" \/><\/a> <a href=\"https:\/\/scopslife.com\/tr\/wp-content\/uploads\/2025\/06\/Turkish2.webp\"><img loading=\"lazy\" decoding=\"async\" class=\"desktop-spec aligncenter wp-image-10903 size-full\" src=\"https:\/\/scopslife.com\/tr\/wp-content\/uploads\/2025\/06\/Turkish2.webp\" alt=\"\" width=\"1950\" height=\"468\" srcset=\"https:\/\/scopslife.com\/tr\/wp-content\/uploads\/2025\/06\/Turkish2.webp 1950w, https:\/\/scopslife.com\/tr\/wp-content\/uploads\/2025\/06\/Turkish2-300x72.webp 300w, https:\/\/scopslife.com\/tr\/wp-content\/uploads\/2025\/06\/Turkish2-1024x246.webp 1024w, https:\/\/scopslife.com\/tr\/wp-content\/uploads\/2025\/06\/Turkish2-768x184.webp 768w, https:\/\/scopslife.com\/tr\/wp-content\/uploads\/2025\/06\/Turkish2-1536x369.webp 1536w, https:\/\/scopslife.com\/tr\/wp-content\/uploads\/2025\/06\/Turkish2-1000x240.webp 1000w\" sizes=\"auto, (max-width: 1950px) 100vw, 1950px\" \/><\/a><\/p>\n","protected":false},"excerpt":{"rendered":"<p data-sourcepos=\"7:1-7:200\">SCOPS x SEVDRUS &#8220;DO NOT DISTURB&#8221; kaps\u00fcl koleksiyonu, hem <strong>unisex<\/strong> hem de <strong>oversize<\/strong> kal\u0131plar\u0131yla dikkat \u00e7ekiyor ve <strong>s\u0131n\u0131rl\u0131 say\u0131da<\/strong> \u00fcretilmi\u015ftir.<\/p>\n<p data-sourcepos=\"7:1-7:200\">Bu \u00f6zel koleksiyonun \u00f6ne \u00e7\u0131kan par\u00e7as\u0131 olan krem rengi pelu\u015f ceket, <strong>T\u00fcrkiye&#8217;de \u00f6r\u00fclm\u00fc\u015f<\/strong> \u00f6zel bir kuma\u015fa sahiptir. Ceketin i\u00e7 astar\u0131 <strong>mavi renktedir<\/strong>, bu da d\u0131\u015f y\u00fczeyle ho\u015f bir kontrast olu\u015fturur.<\/p>\n<p data-sourcepos=\"9:1-9:218\"><strong>Nak\u0131\u015f tekni\u011fi<\/strong>yle \u00f6ne \u00e7\u0131kan ceket, sol kolunun tamam\u0131nda Scops x Sevdrus koleksiyonuna \u00f6zel ikonik detaylara sahiptir. <strong>Fermuarl\u0131<\/strong> tasar\u0131m\u0131, <strong>i\u00e7 cepleri<\/strong> ve <strong>dik yakas\u0131yla<\/strong> kullan\u0131\u015fl\u0131 ve \u015f\u0131k bir g\u00f6r\u00fcn\u00fcm sunar.<\/p>\n","protected":false},"featured_media":8928,"comment_status":"closed","ping_status":"closed","template":"","meta":[],"product_brand":[],"product_cat":[315,303],"product_tag":[],"class_list":{"0":"post-11826","1":"product","2":"type-product","3":"status-publish","4":"has-post-thumbnail","6":"product_cat-ceket","7":"product_cat-giyim","9":"first","10":"instock","11":"featured","12":"shipping-taxable","13":"purchasable","14":"product-type-variable"},"yoast_head":"<!-- This site is optimized with the Yoast SEO plugin v27.1.1 - https:\/\/yoast.com\/product\/yoast-seo-wordpress\/ -->\n<title>Scops x Sevdrus Pelu\u015f Mont | Scops<\/title>\n<meta name=\"description\" content=\"S\u0131cak tutan yumu\u015fak dokusuyla Scops x Sevdrus pelu\u015f mont, k\u0131\u015f stiline \u015f\u0131kl\u0131k katar. Scops kalitesiyle konforu ve tarz\u0131 bir arada ya\u015fa!\" \/>\n<meta name=\"robots\" content=\"index, follow, max-snippet:-1, max-image-preview:large, max-video-preview:-1\" \/>\n<link rel=\"canonical\" href=\"https:\/\/scopslife.com\/tr\/urun\/scops-x-sevdrus-pelus-mont\/\" \/>\n<meta property=\"og:locale\" content=\"tr_TR\" \/>\n<meta property=\"og:type\" content=\"article\" \/>\n<meta property=\"og:title\" content=\"Scops x Sevdrus Pelu\u015f Mont | Scops\" \/>\n<meta property=\"og:description\" content=\"S\u0131cak tutan yumu\u015fak dokusuyla Scops x Sevdrus pelu\u015f mont, k\u0131\u015f stiline \u015f\u0131kl\u0131k katar. Scops kalitesiyle konforu ve tarz\u0131 bir arada ya\u015fa!\" \/>\n<meta property=\"og:url\" content=\"https:\/\/scopslife.com\/tr\/urun\/scops-x-sevdrus-pelus-mont\/\" \/>\n<meta property=\"og:site_name\" content=\"Scops\" \/>\n<meta property=\"article:modified_time\" content=\"2025-11-19T09:12:30+00:00\" \/>\n<meta property=\"og:image\" content=\"https:\/\/scopslife.com\/tr\/wp-content\/uploads\/2024\/12\/1mv2.webp\" \/>\n\t<meta property=\"og:image:width\" content=\"565\" \/>\n\t<meta property=\"og:image:height\" content=\"786\" \/>\n\t<meta property=\"og:image:type\" content=\"image\/webp\" \/>\n<meta name=\"twitter:card\" content=\"summary_large_image\" \/>\n<meta name=\"twitter:label1\" content=\"Tahmini okuma s\u00fcresi\" \/>\n\t<meta name=\"twitter:data1\" content=\"2 dakika\" \/>\n<script type=\"application\/ld+json\" class=\"yoast-schema-graph\">{\"@context\":\"https:\/\/schema.org\",\"@graph\":[{\"@type\":[\"WebPage\",\"ItemPage\"],\"@id\":\"https:\/\/scopslife.com\/tr\/urun\/scops-x-sevdrus-pelus-mont\/\",\"url\":\"https:\/\/scopslife.com\/tr\/urun\/scops-x-sevdrus-pelus-mont\/\",\"name\":\"Scops x Sevdrus Pelu\u015f Mont | Scops\",\"isPartOf\":{\"@id\":\"https:\/\/scopslife.com\/tr\/#website\"},\"primaryImageOfPage\":{\"@id\":\"https:\/\/scopslife.com\/tr\/urun\/scops-x-sevdrus-pelus-mont\/#primaryimage\"},\"image\":{\"@id\":\"https:\/\/scopslife.com\/tr\/urun\/scops-x-sevdrus-pelus-mont\/#primaryimage\"},\"thumbnailUrl\":\"https:\/\/scopslife.com\/tr\/wp-content\/uploads\/2024\/12\/1mv2.webp\",\"datePublished\":\"2025-06-16T16:25:24+00:00\",\"dateModified\":\"2025-11-19T09:12:30+00:00\",\"description\":\"S\u0131cak tutan yumu\u015fak dokusuyla Scops x Sevdrus pelu\u015f mont, k\u0131\u015f stiline \u015f\u0131kl\u0131k katar. Scops kalitesiyle konforu ve tarz\u0131 bir arada ya\u015fa!\",\"breadcrumb\":{\"@id\":\"https:\/\/scopslife.com\/tr\/urun\/scops-x-sevdrus-pelus-mont\/#breadcrumb\"},\"inLanguage\":\"tr\",\"potentialAction\":[{\"@type\":\"ReadAction\",\"target\":[\"https:\/\/scopslife.com\/tr\/urun\/scops-x-sevdrus-pelus-mont\/\"]}]},{\"@type\":\"ImageObject\",\"inLanguage\":\"tr\",\"@id\":\"https:\/\/scopslife.com\/tr\/urun\/scops-x-sevdrus-pelus-mont\/#primaryimage\",\"url\":\"https:\/\/scopslife.com\/tr\/wp-content\/uploads\/2024\/12\/1mv2.webp\",\"contentUrl\":\"https:\/\/scopslife.com\/tr\/wp-content\/uploads\/2024\/12\/1mv2.webp\",\"width\":565,\"height\":786},{\"@type\":\"BreadcrumbList\",\"@id\":\"https:\/\/scopslife.com\/tr\/urun\/scops-x-sevdrus-pelus-mont\/#breadcrumb\",\"itemListElement\":[{\"@type\":\"ListItem\",\"position\":1,\"name\":\"Anasayfa\",\"item\":\"https:\/\/scopslife.com\/tr\/\"},{\"@type\":\"ListItem\",\"position\":2,\"name\":\"Ma\u011faza\",\"item\":\"https:\/\/scopslife.com\/tr\/magaza\/\"},{\"@type\":\"ListItem\",\"position\":3,\"name\":\"Scops x Sevdrus Pelu\u015f Mont\"}]},{\"@type\":\"WebSite\",\"@id\":\"https:\/\/scopslife.com\/tr\/#website\",\"url\":\"https:\/\/scopslife.com\/tr\/\",\"name\":\"Scops\",\"description\":\"Elevate\",\"potentialAction\":[{\"@type\":\"SearchAction\",\"target\":{\"@type\":\"EntryPoint\",\"urlTemplate\":\"https:\/\/scopslife.com\/tr\/?s={search_term_string}\"},\"query-input\":{\"@type\":\"PropertyValueSpecification\",\"valueRequired\":true,\"valueName\":\"search_term_string\"}}],\"inLanguage\":\"tr\"}]}<\/script>\n<!-- \/ Yoast SEO plugin. -->","yoast_head_json":{"title":"Scops x Sevdrus Pelu\u015f Mont | Scops","description":"S\u0131cak tutan yumu\u015fak dokusuyla Scops x Sevdrus pelu\u015f mont, k\u0131\u015f stiline \u015f\u0131kl\u0131k katar. Scops kalitesiyle konforu ve tarz\u0131 bir arada ya\u015fa!","robots":{"index":"index","follow":"follow","max-snippet":"max-snippet:-1","max-image-preview":"max-image-preview:large","max-video-preview":"max-video-preview:-1"},"canonical":"https:\/\/scopslife.com\/tr\/urun\/scops-x-sevdrus-pelus-mont\/","og_locale":"tr_TR","og_type":"article","og_title":"Scops x Sevdrus Pelu\u015f Mont | Scops","og_description":"S\u0131cak tutan yumu\u015fak dokusuyla Scops x Sevdrus pelu\u015f mont, k\u0131\u015f stiline \u015f\u0131kl\u0131k katar. Scops kalitesiyle konforu ve tarz\u0131 bir arada ya\u015fa!","og_url":"https:\/\/scopslife.com\/tr\/urun\/scops-x-sevdrus-pelus-mont\/","og_site_name":"Scops","article_modified_time":"2025-11-19T09:12:30+00:00","og_image":[{"width":565,"height":786,"url":"https:\/\/scopslife.com\/tr\/wp-content\/uploads\/2024\/12\/1mv2.webp","type":"image\/webp"}],"twitter_card":"summary_large_image","twitter_misc":{"Tahmini okuma s\u00fcresi":"2 dakika"},"schema":{"@context":"https:\/\/schema.org","@graph":[{"@type":["WebPage","ItemPage"],"@id":"https:\/\/scopslife.com\/tr\/urun\/scops-x-sevdrus-pelus-mont\/","url":"https:\/\/scopslife.com\/tr\/urun\/scops-x-sevdrus-pelus-mont\/","name":"Scops x Sevdrus Pelu\u015f Mont | Scops","isPartOf":{"@id":"https:\/\/scopslife.com\/tr\/#website"},"primaryImageOfPage":{"@id":"https:\/\/scopslife.com\/tr\/urun\/scops-x-sevdrus-pelus-mont\/#primaryimage"},"image":{"@id":"https:\/\/scopslife.com\/tr\/urun\/scops-x-sevdrus-pelus-mont\/#primaryimage"},"thumbnailUrl":"https:\/\/scopslife.com\/tr\/wp-content\/uploads\/2024\/12\/1mv2.webp","datePublished":"2025-06-16T16:25:24+00:00","dateModified":"2025-11-19T09:12:30+00:00","description":"S\u0131cak tutan yumu\u015fak dokusuyla Scops x Sevdrus pelu\u015f mont, k\u0131\u015f stiline \u015f\u0131kl\u0131k katar. Scops kalitesiyle konforu ve tarz\u0131 bir arada ya\u015fa!","breadcrumb":{"@id":"https:\/\/scopslife.com\/tr\/urun\/scops-x-sevdrus-pelus-mont\/#breadcrumb"},"inLanguage":"tr","potentialAction":[{"@type":"ReadAction","target":["https:\/\/scopslife.com\/tr\/urun\/scops-x-sevdrus-pelus-mont\/"]}]},{"@type":"ImageObject","inLanguage":"tr","@id":"https:\/\/scopslife.com\/tr\/urun\/scops-x-sevdrus-pelus-mont\/#primaryimage","url":"https:\/\/scopslife.com\/tr\/wp-content\/uploads\/2024\/12\/1mv2.webp","contentUrl":"https:\/\/scopslife.com\/tr\/wp-content\/uploads\/2024\/12\/1mv2.webp","width":565,"height":786},{"@type":"BreadcrumbList","@id":"https:\/\/scopslife.com\/tr\/urun\/scops-x-sevdrus-pelus-mont\/#breadcrumb","itemListElement":[{"@type":"ListItem","position":1,"name":"Anasayfa","item":"https:\/\/scopslife.com\/tr\/"},{"@type":"ListItem","position":2,"name":"Ma\u011faza","item":"https:\/\/scopslife.com\/tr\/magaza\/"},{"@type":"ListItem","position":3,"name":"Scops x Sevdrus Pelu\u015f Mont"}]},{"@type":"WebSite","@id":"https:\/\/scopslife.com\/tr\/#website","url":"https:\/\/scopslife.com\/tr\/","name":"Scops","description":"Elevate","potentialAction":[{"@type":"SearchAction","target":{"@type":"EntryPoint","urlTemplate":"https:\/\/scopslife.com\/tr\/?s={search_term_string}"},"query-input":{"@type":"PropertyValueSpecification","valueRequired":true,"valueName":"search_term_string"}}],"inLanguage":"tr"}]}},"_links":{"self":[{"href":"https:\/\/scopslife.com\/tr\/wp-json\/wp\/v2\/product\/11826","targetHints":{"allow":["GET"]}}],"collection":[{"href":"https:\/\/scopslife.com\/tr\/wp-json\/wp\/v2\/product"}],"about":[{"href":"https:\/\/scopslife.com\/tr\/wp-json\/wp\/v2\/types\/product"}],"replies":[{"embeddable":true,"href":"https:\/\/scopslife.com\/tr\/wp-json\/wp\/v2\/comments?post=11826"}],"wp:featuredmedia":[{"embeddable":true,"href":"https:\/\/scopslife.com\/tr\/wp-json\/wp\/v2\/media\/8928"}],"wp:attachment":[{"href":"https:\/\/scopslife.com\/tr\/wp-json\/wp\/v2\/media?parent=11826"}],"wp:term":[{"taxonomy":"product_brand","embeddable":true,"href":"https:\/\/scopslife.com\/tr\/wp-json\/wp\/v2\/product_brand?post=11826"},{"taxonomy":"product_cat","embeddable":true,"href":"https:\/\/scopslife.com\/tr\/wp-json\/wp\/v2\/product_cat?post=11826"},{"taxonomy":"product_tag","embeddable":true,"href":"https:\/\/scopslife.com\/tr\/wp-json\/wp\/v2\/product_tag?post=11826"}],"curies":[{"name":"wp","href":"https:\/\/api.w.org\/{rel}","templated":true}]}}