{"id":11827,"date":"2025-06-16T19:25:24","date_gmt":"2025-06-16T16:25:24","guid":{"rendered":"https:\/\/scopslife.com\/tr\/?post_type=product&#038;p=11827"},"modified":"2025-11-19T12:11:16","modified_gmt":"2025-11-19T09:11:16","slug":"scops-x-sevdrus-nakisli-tulum","status":"publish","type":"product","link":"https:\/\/scopslife.com\/tr\/urun\/scops-x-sevdrus-nakisli-tulum\/","title":{"rendered":"Scops x Sevdrus Nak\u0131\u015fl\u0131 Tulum"},"content":{"rendered":"<h4 data-sourcepos=\"21:1-21:410\">Tasar\u0131m Detaylar\u0131 ve Kal\u0131p<\/h4>\n<p data-sourcepos=\"21:1-21:410\">Tulum, <strong>unisex<\/strong> ve <strong>oversize geni\u015f kesim<\/strong> bir kal\u0131pla \u00f6zel olarak tasarlanm\u0131\u015ft\u0131r. Bu kesim, rahat ve modern bir siluet sunarken, her v\u00fccut tipine uyum sa\u011flar. <strong>Ayakl\u0131 yakas\u0131<\/strong>, <strong>metal fermuarl\u0131<\/strong> \u00f6n k\u0131sm\u0131, <strong>kullan\u0131\u015fl\u0131 cepleri<\/strong> ve <strong>ayarlanabilir kemeriyle<\/strong> hem \u015f\u0131k hem de fonksiyonel bir tasar\u0131ma sahiptir. Ayr\u0131ca, <strong>t\u00fcm modele nak\u0131\u015f uygulamalar\u0131<\/strong> tulumun her detay\u0131nda markan\u0131n \u00f6zg\u00fcnl\u00fc\u011f\u00fcn\u00fc yans\u0131t\u0131r.<\/p>\n<hr data-sourcepos=\"23:1-23:3\" \/>\n<h4 data-sourcepos=\"25:1-25:22\">Y\u0131kama Talimatlar\u0131<\/h4>\n<p data-sourcepos=\"27:1-27:99\">Tulumunuzun formunu ve nak\u0131\u015f detaylar\u0131n\u0131 korumak i\u00e7in a\u015fa\u011f\u0131daki y\u0131kama talimatlar\u0131na dikkat ediniz:<\/p>\n<ul data-sourcepos=\"29:1-32:0\">\n<li data-sourcepos=\"29:1-29:81\"><strong>30 derecede elde y\u0131kama program\u0131<\/strong> veya <strong>hassas programda so\u011fuk y\u0131kay\u0131n\u0131z.<\/strong><\/li>\n<li data-sourcepos=\"30:1-30:33\"><strong>Benzer renklerle y\u0131kay\u0131n\u0131z.<\/strong><\/li>\n<li data-sourcepos=\"31:1-32:0\"><strong>Kurutma i\u015flemi uygulamay\u0131n\u0131z.<\/strong> (Tulumu asarak kurutmak en iyi y\u00f6ntem olacakt\u0131r, bu sayede kuma\u015f\u0131n yap\u0131s\u0131 ve nak\u0131\u015flar korunur.)<\/li>\n<\/ul>\n<p><a href=\"https:\/\/scopslife.com\/tr\/wp-content\/uploads\/2025\/06\/Turkish-2.webp\"><img loading=\"lazy\" decoding=\"async\" class=\"mobile-spec aligncenter wp-image-10906 size-full\" src=\"https:\/\/scopslife.com\/tr\/wp-content\/uploads\/2025\/06\/Turkish-2.webp\" alt=\"\" width=\"800\" height=\"800\" srcset=\"https:\/\/scopslife.com\/tr\/wp-content\/uploads\/2025\/06\/Turkish-2.webp 800w, https:\/\/scopslife.com\/tr\/wp-content\/uploads\/2025\/06\/Turkish-2-300x300.webp 300w, https:\/\/scopslife.com\/tr\/wp-content\/uploads\/2025\/06\/Turkish-2-150x150.webp 150w, https:\/\/scopslife.com\/tr\/wp-content\/uploads\/2025\/06\/Turkish-2-768x768.webp 768w, https:\/\/scopslife.com\/tr\/wp-content\/uploads\/2025\/06\/Turkish-2-650x650.webp 650w, https:\/\/scopslife.com\/tr\/wp-content\/uploads\/2025\/06\/Turkish-2-100x100.webp 100w\" sizes=\"auto, (max-width: 800px) 100vw, 800px\" \/><\/a> <a href=\"https:\/\/scopslife.com\/tr\/wp-content\/uploads\/2025\/06\/Turkish2.webp\"><img loading=\"lazy\" decoding=\"async\" class=\"desktop-spec aligncenter wp-image-10903 size-full\" src=\"https:\/\/scopslife.com\/tr\/wp-content\/uploads\/2025\/06\/Turkish2.webp\" alt=\"\" width=\"1950\" height=\"468\" srcset=\"https:\/\/scopslife.com\/tr\/wp-content\/uploads\/2025\/06\/Turkish2.webp 1950w, https:\/\/scopslife.com\/tr\/wp-content\/uploads\/2025\/06\/Turkish2-300x72.webp 300w, https:\/\/scopslife.com\/tr\/wp-content\/uploads\/2025\/06\/Turkish2-1024x246.webp 1024w, https:\/\/scopslife.com\/tr\/wp-content\/uploads\/2025\/06\/Turkish2-768x184.webp 768w, https:\/\/scopslife.com\/tr\/wp-content\/uploads\/2025\/06\/Turkish2-1536x369.webp 1536w, https:\/\/scopslife.com\/tr\/wp-content\/uploads\/2025\/06\/Turkish2-1000x240.webp 1000w\" sizes=\"auto, (max-width: 1950px) 100vw, 1950px\" \/><\/a><\/p>\n","protected":false},"excerpt":{"rendered":"<p>SCOPS x SEVDRUS &#8220;DO NOT DISTURB&#8221; kaps\u00fcl koleksiyonunun bu \u00f6zel tulumu, <strong>unisex<\/strong> ve <strong>oversize<\/strong> kal\u0131plar\u0131yla fark yarat\u0131r. Her zaman oldu\u011fu gibi, bu par\u00e7alar da <strong>s\u0131n\u0131rl\u0131 say\u0131da<\/strong> \u00fcretilmi\u015ftir.<\/p>\n<p data-sourcepos=\"13:1-13:325\">Bu tulum, <strong>T\u00fcrkiye&#8217;de \u00f6r\u00fclm\u00fc\u015f krem rengi, gramajl\u0131 dokuma kuma\u015f<\/strong> kullan\u0131larak \u00fcretilmi\u015ftir. &#8220;Gramajl\u0131 dokuma kuma\u015f,&#8221; kuma\u015f\u0131n metrekare ba\u015f\u0131na a\u011f\u0131rl\u0131\u011f\u0131 anlam\u0131na gelir ve genellikle daha <strong>kal\u0131n, dayan\u0131kl\u0131<\/strong> ve <strong>i\u00e7 g\u00f6stermeyen<\/strong> bir yap\u0131ya sahip oldu\u011funu ifade eder. Bu sayede hem rahatl\u0131k hem de g\u00fcvenli bir kullan\u0131m sunar.<\/p>\n<p data-sourcepos=\"15:1-15:194\">Tulumun en \u00e7arp\u0131c\u0131 \u00f6zelli\u011fi, <strong>Scops x Sevdrus koleksiyonuna \u00f6zel ikonlar\u0131n tulumun her yerine nak\u0131\u015f tekni\u011fiyle<\/strong> uygulanm\u0131\u015f olmas\u0131d\u0131r. Bu detaylar, \u00fcr\u00fcne e\u015fsiz ve sanatsal bir hava katmaktad\u0131r.<\/p>\n","protected":false},"featured_media":11881,"comment_status":"closed","ping_status":"closed","template":"","meta":[],"product_brand":[],"product_cat":[303,311],"product_tag":[],"class_list":{"0":"post-11827","1":"product","2":"type-product","3":"status-publish","4":"has-post-thumbnail","6":"product_cat-giyim","7":"product_cat-tulum","9":"first","10":"instock","11":"featured","12":"shipping-taxable","13":"purchasable","14":"product-type-variable"},"yoast_head":"<!-- This site is optimized with the Yoast SEO plugin v27.1.1 - https:\/\/yoast.com\/product\/yoast-seo-wordpress\/ -->\n<title>Scops x Sevdrus Nak\u0131\u015fl\u0131 Tulum | Scops<\/title>\n<meta name=\"description\" content=\"\u00d6zel tasar\u0131m\u0131yla Scops x Sevdrus nak\u0131\u015fl\u0131 tulum, \u015f\u0131kl\u0131k ve rahatl\u0131\u011f\u0131 bir araya getirir. Scops kalitesiyle tarz\u0131n\u0131 \u00f6zg\u00fcn bir \u015fekilde yans\u0131t!\" \/>\n<meta name=\"robots\" content=\"index, follow, max-snippet:-1, max-image-preview:large, max-video-preview:-1\" \/>\n<link rel=\"canonical\" href=\"https:\/\/scopslife.com\/tr\/urun\/scops-x-sevdrus-nakisli-tulum\/\" \/>\n<meta property=\"og:locale\" content=\"tr_TR\" \/>\n<meta property=\"og:type\" content=\"article\" \/>\n<meta property=\"og:title\" content=\"Scops x Sevdrus Nak\u0131\u015fl\u0131 Tulum | Scops\" \/>\n<meta property=\"og:description\" content=\"\u00d6zel tasar\u0131m\u0131yla Scops x Sevdrus nak\u0131\u015fl\u0131 tulum, \u015f\u0131kl\u0131k ve rahatl\u0131\u011f\u0131 bir araya getirir. Scops kalitesiyle tarz\u0131n\u0131 \u00f6zg\u00fcn bir \u015fekilde yans\u0131t!\" \/>\n<meta property=\"og:url\" content=\"https:\/\/scopslife.com\/tr\/urun\/scops-x-sevdrus-nakisli-tulum\/\" \/>\n<meta property=\"og:site_name\" content=\"Scops\" \/>\n<meta property=\"article:modified_time\" content=\"2025-11-19T09:11:16+00:00\" \/>\n<meta property=\"og:image\" content=\"https:\/\/scopslife.com\/tr\/wp-content\/uploads\/2025\/06\/7f6742_1993595dbc68400593f3b35999e4f2dbmv2.webp\" \/>\n\t<meta property=\"og:image:width\" content=\"383\" \/>\n\t<meta property=\"og:image:height\" content=\"532\" \/>\n\t<meta property=\"og:image:type\" content=\"image\/webp\" \/>\n<meta name=\"twitter:card\" content=\"summary_large_image\" \/>\n<meta name=\"twitter:label1\" content=\"Tahmini okuma s\u00fcresi\" \/>\n\t<meta name=\"twitter:data1\" content=\"2 dakika\" \/>\n<script type=\"application\/ld+json\" class=\"yoast-schema-graph\">{\"@context\":\"https:\/\/schema.org\",\"@graph\":[{\"@type\":[\"WebPage\",\"ItemPage\"],\"@id\":\"https:\/\/scopslife.com\/tr\/urun\/scops-x-sevdrus-nakisli-tulum\/\",\"url\":\"https:\/\/scopslife.com\/tr\/urun\/scops-x-sevdrus-nakisli-tulum\/\",\"name\":\"Scops x Sevdrus Nak\u0131\u015fl\u0131 Tulum | Scops\",\"isPartOf\":{\"@id\":\"https:\/\/scopslife.com\/tr\/#website\"},\"primaryImageOfPage\":{\"@id\":\"https:\/\/scopslife.com\/tr\/urun\/scops-x-sevdrus-nakisli-tulum\/#primaryimage\"},\"image\":{\"@id\":\"https:\/\/scopslife.com\/tr\/urun\/scops-x-sevdrus-nakisli-tulum\/#primaryimage\"},\"thumbnailUrl\":\"https:\/\/scopslife.com\/tr\/wp-content\/uploads\/2025\/06\/7f6742_1993595dbc68400593f3b35999e4f2dbmv2.webp\",\"datePublished\":\"2025-06-16T16:25:24+00:00\",\"dateModified\":\"2025-11-19T09:11:16+00:00\",\"description\":\"\u00d6zel tasar\u0131m\u0131yla Scops x Sevdrus nak\u0131\u015fl\u0131 tulum, \u015f\u0131kl\u0131k ve rahatl\u0131\u011f\u0131 bir araya getirir. Scops kalitesiyle tarz\u0131n\u0131 \u00f6zg\u00fcn bir \u015fekilde yans\u0131t!\",\"breadcrumb\":{\"@id\":\"https:\/\/scopslife.com\/tr\/urun\/scops-x-sevdrus-nakisli-tulum\/#breadcrumb\"},\"inLanguage\":\"tr\",\"potentialAction\":[{\"@type\":\"ReadAction\",\"target\":[\"https:\/\/scopslife.com\/tr\/urun\/scops-x-sevdrus-nakisli-tulum\/\"]}]},{\"@type\":\"ImageObject\",\"inLanguage\":\"tr\",\"@id\":\"https:\/\/scopslife.com\/tr\/urun\/scops-x-sevdrus-nakisli-tulum\/#primaryimage\",\"url\":\"https:\/\/scopslife.com\/tr\/wp-content\/uploads\/2025\/06\/7f6742_1993595dbc68400593f3b35999e4f2dbmv2.webp\",\"contentUrl\":\"https:\/\/scopslife.com\/tr\/wp-content\/uploads\/2025\/06\/7f6742_1993595dbc68400593f3b35999e4f2dbmv2.webp\",\"width\":383,\"height\":532},{\"@type\":\"BreadcrumbList\",\"@id\":\"https:\/\/scopslife.com\/tr\/urun\/scops-x-sevdrus-nakisli-tulum\/#breadcrumb\",\"itemListElement\":[{\"@type\":\"ListItem\",\"position\":1,\"name\":\"Anasayfa\",\"item\":\"https:\/\/scopslife.com\/tr\/\"},{\"@type\":\"ListItem\",\"position\":2,\"name\":\"Ma\u011faza\",\"item\":\"https:\/\/scopslife.com\/tr\/magaza\/\"},{\"@type\":\"ListItem\",\"position\":3,\"name\":\"Scops x Sevdrus Nak\u0131\u015fl\u0131 Tulum\"}]},{\"@type\":\"WebSite\",\"@id\":\"https:\/\/scopslife.com\/tr\/#website\",\"url\":\"https:\/\/scopslife.com\/tr\/\",\"name\":\"Scops\",\"description\":\"Elevate\",\"potentialAction\":[{\"@type\":\"SearchAction\",\"target\":{\"@type\":\"EntryPoint\",\"urlTemplate\":\"https:\/\/scopslife.com\/tr\/?s={search_term_string}\"},\"query-input\":{\"@type\":\"PropertyValueSpecification\",\"valueRequired\":true,\"valueName\":\"search_term_string\"}}],\"inLanguage\":\"tr\"}]}<\/script>\n<!-- \/ Yoast SEO plugin. -->","yoast_head_json":{"title":"Scops x Sevdrus Nak\u0131\u015fl\u0131 Tulum | Scops","description":"\u00d6zel tasar\u0131m\u0131yla Scops x Sevdrus nak\u0131\u015fl\u0131 tulum, \u015f\u0131kl\u0131k ve rahatl\u0131\u011f\u0131 bir araya getirir. Scops kalitesiyle tarz\u0131n\u0131 \u00f6zg\u00fcn bir \u015fekilde yans\u0131t!","robots":{"index":"index","follow":"follow","max-snippet":"max-snippet:-1","max-image-preview":"max-image-preview:large","max-video-preview":"max-video-preview:-1"},"canonical":"https:\/\/scopslife.com\/tr\/urun\/scops-x-sevdrus-nakisli-tulum\/","og_locale":"tr_TR","og_type":"article","og_title":"Scops x Sevdrus Nak\u0131\u015fl\u0131 Tulum | Scops","og_description":"\u00d6zel tasar\u0131m\u0131yla Scops x Sevdrus nak\u0131\u015fl\u0131 tulum, \u015f\u0131kl\u0131k ve rahatl\u0131\u011f\u0131 bir araya getirir. Scops kalitesiyle tarz\u0131n\u0131 \u00f6zg\u00fcn bir \u015fekilde yans\u0131t!","og_url":"https:\/\/scopslife.com\/tr\/urun\/scops-x-sevdrus-nakisli-tulum\/","og_site_name":"Scops","article_modified_time":"2025-11-19T09:11:16+00:00","og_image":[{"width":383,"height":532,"url":"https:\/\/scopslife.com\/tr\/wp-content\/uploads\/2025\/06\/7f6742_1993595dbc68400593f3b35999e4f2dbmv2.webp","type":"image\/webp"}],"twitter_card":"summary_large_image","twitter_misc":{"Tahmini okuma s\u00fcresi":"2 dakika"},"schema":{"@context":"https:\/\/schema.org","@graph":[{"@type":["WebPage","ItemPage"],"@id":"https:\/\/scopslife.com\/tr\/urun\/scops-x-sevdrus-nakisli-tulum\/","url":"https:\/\/scopslife.com\/tr\/urun\/scops-x-sevdrus-nakisli-tulum\/","name":"Scops x Sevdrus Nak\u0131\u015fl\u0131 Tulum | Scops","isPartOf":{"@id":"https:\/\/scopslife.com\/tr\/#website"},"primaryImageOfPage":{"@id":"https:\/\/scopslife.com\/tr\/urun\/scops-x-sevdrus-nakisli-tulum\/#primaryimage"},"image":{"@id":"https:\/\/scopslife.com\/tr\/urun\/scops-x-sevdrus-nakisli-tulum\/#primaryimage"},"thumbnailUrl":"https:\/\/scopslife.com\/tr\/wp-content\/uploads\/2025\/06\/7f6742_1993595dbc68400593f3b35999e4f2dbmv2.webp","datePublished":"2025-06-16T16:25:24+00:00","dateModified":"2025-11-19T09:11:16+00:00","description":"\u00d6zel tasar\u0131m\u0131yla Scops x Sevdrus nak\u0131\u015fl\u0131 tulum, \u015f\u0131kl\u0131k ve rahatl\u0131\u011f\u0131 bir araya getirir. Scops kalitesiyle tarz\u0131n\u0131 \u00f6zg\u00fcn bir \u015fekilde yans\u0131t!","breadcrumb":{"@id":"https:\/\/scopslife.com\/tr\/urun\/scops-x-sevdrus-nakisli-tulum\/#breadcrumb"},"inLanguage":"tr","potentialAction":[{"@type":"ReadAction","target":["https:\/\/scopslife.com\/tr\/urun\/scops-x-sevdrus-nakisli-tulum\/"]}]},{"@type":"ImageObject","inLanguage":"tr","@id":"https:\/\/scopslife.com\/tr\/urun\/scops-x-sevdrus-nakisli-tulum\/#primaryimage","url":"https:\/\/scopslife.com\/tr\/wp-content\/uploads\/2025\/06\/7f6742_1993595dbc68400593f3b35999e4f2dbmv2.webp","contentUrl":"https:\/\/scopslife.com\/tr\/wp-content\/uploads\/2025\/06\/7f6742_1993595dbc68400593f3b35999e4f2dbmv2.webp","width":383,"height":532},{"@type":"BreadcrumbList","@id":"https:\/\/scopslife.com\/tr\/urun\/scops-x-sevdrus-nakisli-tulum\/#breadcrumb","itemListElement":[{"@type":"ListItem","position":1,"name":"Anasayfa","item":"https:\/\/scopslife.com\/tr\/"},{"@type":"ListItem","position":2,"name":"Ma\u011faza","item":"https:\/\/scopslife.com\/tr\/magaza\/"},{"@type":"ListItem","position":3,"name":"Scops x Sevdrus Nak\u0131\u015fl\u0131 Tulum"}]},{"@type":"WebSite","@id":"https:\/\/scopslife.com\/tr\/#website","url":"https:\/\/scopslife.com\/tr\/","name":"Scops","description":"Elevate","potentialAction":[{"@type":"SearchAction","target":{"@type":"EntryPoint","urlTemplate":"https:\/\/scopslife.com\/tr\/?s={search_term_string}"},"query-input":{"@type":"PropertyValueSpecification","valueRequired":true,"valueName":"search_term_string"}}],"inLanguage":"tr"}]}},"_links":{"self":[{"href":"https:\/\/scopslife.com\/tr\/wp-json\/wp\/v2\/product\/11827","targetHints":{"allow":["GET"]}}],"collection":[{"href":"https:\/\/scopslife.com\/tr\/wp-json\/wp\/v2\/product"}],"about":[{"href":"https:\/\/scopslife.com\/tr\/wp-json\/wp\/v2\/types\/product"}],"replies":[{"embeddable":true,"href":"https:\/\/scopslife.com\/tr\/wp-json\/wp\/v2\/comments?post=11827"}],"wp:featuredmedia":[{"embeddable":true,"href":"https:\/\/scopslife.com\/tr\/wp-json\/wp\/v2\/media\/11881"}],"wp:attachment":[{"href":"https:\/\/scopslife.com\/tr\/wp-json\/wp\/v2\/media?parent=11827"}],"wp:term":[{"taxonomy":"product_brand","embeddable":true,"href":"https:\/\/scopslife.com\/tr\/wp-json\/wp\/v2\/product_brand?post=11827"},{"taxonomy":"product_cat","embeddable":true,"href":"https:\/\/scopslife.com\/tr\/wp-json\/wp\/v2\/product_cat?post=11827"},{"taxonomy":"product_tag","embeddable":true,"href":"https:\/\/scopslife.com\/tr\/wp-json\/wp\/v2\/product_tag?post=11827"}],"curies":[{"name":"wp","href":"https:\/\/api.w.org\/{rel}","templated":true}]}}