{"id":11829,"date":"2025-06-16T19:25:24","date_gmt":"2025-06-16T16:25:24","guid":{"rendered":"https:\/\/scopslife.com\/tr\/?post_type=product&#038;p=11829"},"modified":"2025-10-13T14:18:49","modified_gmt":"2025-10-13T11:18:49","slug":"scops-x-sevdrus-mavi-ceket","status":"publish","type":"product","link":"https:\/\/scopslife.com\/tr\/urun\/scops-x-sevdrus-mavi-ceket\/","title":{"rendered":"Scops x Sevdrus Ceket"},"content":{"rendered":"<h4 data-sourcepos=\"19:1-19:30\">Tasar\u0131m Detaylar\u0131 ve Kal\u0131p<\/h4>\n<p data-sourcepos=\"21:1-21:360\">Bu ceket, <strong>oversize geni\u015f kesim<\/strong> koleksiyona \u00f6zel tasarlanm\u0131\u015f bir kal\u0131ba sahiptir. Bu kesim, rahat ve modern bir siluet sunar. Cekette <strong>klasik ceket yakas\u0131<\/strong> bulunurken, \u00f6n k\u0131s\u0131mda <strong>gizli d\u00fc\u011fmeler<\/strong> kullan\u0131larak temiz ve minimal bir g\u00f6r\u00fcn\u00fcm sa\u011flanm\u0131\u015ft\u0131r. Ayr\u0131ca, <strong>i\u00e7 astarl\u0131<\/strong> ve <strong>i\u00e7 cepli<\/strong> olmas\u0131, ceketin hem konforunu hem de kullan\u0131\u015fl\u0131l\u0131\u011f\u0131n\u0131 art\u0131r\u0131r.<\/p>\n<hr data-sourcepos=\"23:1-23:3\" \/>\n<h4 data-sourcepos=\"25:1-25:22\">Y\u0131kama Talimatlar\u0131<\/h4>\n<p data-sourcepos=\"27:1-27:85\">Ceketinizi uzun s\u00fcre ilk g\u00fcnk\u00fc gibi korumak i\u00e7in a\u015fa\u011f\u0131daki y\u0131kama talimatlar\u0131na uyun:<\/p>\n<ul data-sourcepos=\"29:1-32:0\">\n<li data-sourcepos=\"29:1-29:81\"><strong>30 derecede elde y\u0131kama program\u0131<\/strong> veya <strong>hassas programda so\u011fuk y\u0131kay\u0131n\u0131z.<\/strong><\/li>\n<li data-sourcepos=\"30:1-30:33\"><strong>Benzer renklerle y\u0131kay\u0131n\u0131z.<\/strong><\/li>\n<li data-sourcepos=\"31:1-32:0\"><strong>Kurutma i\u015flemi uygulamay\u0131n\u0131z.<\/strong> (Ceketi asarak kurutmak, kuma\u015f\u0131n formunu ve nak\u0131\u015flar\u0131n bozulmamas\u0131n\u0131 sa\u011flayacakt\u0131r.)<\/li>\n<\/ul>\n<p><a href=\"https:\/\/scopslife.com\/tr\/wp-content\/uploads\/2025\/06\/Turkish-2.webp\"><img loading=\"lazy\" decoding=\"async\" class=\"mobile-spec aligncenter wp-image-10906 size-full\" src=\"https:\/\/scopslife.com\/tr\/wp-content\/uploads\/2025\/06\/Turkish-2.webp\" alt=\"\" width=\"800\" height=\"800\" srcset=\"https:\/\/scopslife.com\/tr\/wp-content\/uploads\/2025\/06\/Turkish-2.webp 800w, https:\/\/scopslife.com\/tr\/wp-content\/uploads\/2025\/06\/Turkish-2-300x300.webp 300w, https:\/\/scopslife.com\/tr\/wp-content\/uploads\/2025\/06\/Turkish-2-150x150.webp 150w, https:\/\/scopslife.com\/tr\/wp-content\/uploads\/2025\/06\/Turkish-2-768x768.webp 768w, https:\/\/scopslife.com\/tr\/wp-content\/uploads\/2025\/06\/Turkish-2-650x650.webp 650w, https:\/\/scopslife.com\/tr\/wp-content\/uploads\/2025\/06\/Turkish-2-100x100.webp 100w\" sizes=\"auto, (max-width: 800px) 100vw, 800px\" \/><\/a> <a href=\"https:\/\/scopslife.com\/tr\/wp-content\/uploads\/2025\/06\/Turkish2.webp\"><img loading=\"lazy\" decoding=\"async\" class=\"desktop-spec aligncenter wp-image-10903 size-full\" src=\"https:\/\/scopslife.com\/tr\/wp-content\/uploads\/2025\/06\/Turkish2.webp\" alt=\"\" width=\"1950\" height=\"468\" srcset=\"https:\/\/scopslife.com\/tr\/wp-content\/uploads\/2025\/06\/Turkish2.webp 1950w, https:\/\/scopslife.com\/tr\/wp-content\/uploads\/2025\/06\/Turkish2-300x72.webp 300w, https:\/\/scopslife.com\/tr\/wp-content\/uploads\/2025\/06\/Turkish2-1024x246.webp 1024w, https:\/\/scopslife.com\/tr\/wp-content\/uploads\/2025\/06\/Turkish2-768x184.webp 768w, https:\/\/scopslife.com\/tr\/wp-content\/uploads\/2025\/06\/Turkish2-1536x369.webp 1536w, https:\/\/scopslife.com\/tr\/wp-content\/uploads\/2025\/06\/Turkish2-1000x240.webp 1000w\" sizes=\"auto, (max-width: 1950px) 100vw, 1950px\" \/><\/a><\/p>\n","protected":false},"excerpt":{"rendered":"<p>SCOPS x SEVDRUS &#8220;DO NOT DISTURB&#8221; kaps\u00fcl koleksiyonunun bir par\u00e7as\u0131 olan bu ceket, <strong>unisex<\/strong> ve <strong>oversize<\/strong> kal\u0131plar\u0131yla \u00f6ne \u00e7\u0131k\u0131yor. T\u00fcm koleksiyonda oldu\u011fu gibi, bu par\u00e7a da <strong>s\u0131n\u0131rl\u0131 say\u0131da<\/strong> \u00fcretilmi\u015ftir.<\/p>\n<p data-sourcepos=\"13:1-13:274\">Ceketin kuma\u015f\u0131 <strong>T\u00fcrkiye&#8217;de \u00f6r\u00fclm\u00fc\u015ft\u00fcr<\/strong> ve koleksiyona \u00f6zel olarak se\u00e7ilen <strong>mavi renktedir<\/strong>. Bu &#8220;koleksiyona \u00f6zel&#8221; renk ifadesi, rengin markan\u0131n belirledi\u011fi bir tema veya sezona \u00f6zg\u00fc oldu\u011funu ve standart renk paletlerinden farkl\u0131, dikkat \u00e7ekici bir ton oldu\u011funu belirtir.<\/p>\n<p data-sourcepos=\"15:1-15:313\"><strong>Nak\u0131\u015f tekni\u011fi<\/strong>yle kolda bulunan Scops x Sevdrus logosu, <strong>toni ton<\/strong> mavi renkte i\u015flenmi\u015ftir. &#8220;Toni ton&#8221; (tone-on-tone) nak\u0131\u015f, nak\u0131\u015f ipli\u011finin renginin kuma\u015f\u0131n rengiyle ayn\u0131 veya \u00e7ok benzer bir tonda olmas\u0131 anlam\u0131na gelir. Bu teknik, logoyu daha <strong>minimalist, \u015f\u0131k<\/strong> ve <strong>g\u00f6z yormayan<\/strong> bir \u015fekilde \u00f6ne \u00e7\u0131kar\u0131r.<\/p>\n","protected":false},"featured_media":12635,"comment_status":"closed","ping_status":"closed","template":"","meta":[],"product_brand":[],"product_cat":[315,303],"product_tag":[],"class_list":{"0":"post-11829","1":"product","2":"type-product","3":"status-publish","4":"has-post-thumbnail","6":"product_cat-ceket","7":"product_cat-giyim","9":"first","10":"instock","11":"shipping-taxable","12":"purchasable","13":"product-type-variable","14":"has-default-attributes"},"yoast_head":"<!-- This site is optimized with the Yoast SEO plugin v27.1.1 - https:\/\/yoast.com\/product\/yoast-seo-wordpress\/ -->\n<title>Scops x Sevdrus Ceket - \u00d6zel Tasar\u0131m | Scops<\/title>\n<meta name=\"description\" content=\"Scops ve Sevdrus i\u015f birli\u011fiyle tasarlanan mavi ceket ile tarz\u0131n\u0131 \u00f6ne \u00e7\u0131kar. S\u0131n\u0131rl\u0131 say\u0131da \u00fcretilen bu \u00f6zel koleksiyon par\u00e7as\u0131n\u0131 ka\u00e7\u0131rma.\" \/>\n<meta name=\"robots\" content=\"index, follow, max-snippet:-1, max-image-preview:large, max-video-preview:-1\" \/>\n<link rel=\"canonical\" href=\"https:\/\/scopslife.com\/tr\/urun\/scops-x-sevdrus-mavi-ceket\/\" \/>\n<meta property=\"og:locale\" content=\"tr_TR\" \/>\n<meta property=\"og:type\" content=\"article\" \/>\n<meta property=\"og:title\" content=\"Scops x Sevdrus Ceket - \u00d6zel Tasar\u0131m | Scops\" \/>\n<meta property=\"og:description\" content=\"Scops ve Sevdrus i\u015f birli\u011fiyle tasarlanan mavi ceket ile tarz\u0131n\u0131 \u00f6ne \u00e7\u0131kar. S\u0131n\u0131rl\u0131 say\u0131da \u00fcretilen bu \u00f6zel koleksiyon par\u00e7as\u0131n\u0131 ka\u00e7\u0131rma.\" \/>\n<meta property=\"og:url\" content=\"https:\/\/scopslife.com\/tr\/urun\/scops-x-sevdrus-mavi-ceket\/\" \/>\n<meta property=\"og:site_name\" content=\"Scops\" \/>\n<meta property=\"article:modified_time\" content=\"2025-10-13T11:18:49+00:00\" \/>\n<meta property=\"og:image\" content=\"https:\/\/scopslife.com\/tr\/wp-content\/uploads\/2025\/06\/12.webp\" \/>\n\t<meta property=\"og:image:width\" content=\"524\" \/>\n\t<meta property=\"og:image:height\" content=\"786\" \/>\n\t<meta property=\"og:image:type\" content=\"image\/webp\" \/>\n<meta name=\"twitter:card\" content=\"summary_large_image\" \/>\n<meta name=\"twitter:label1\" content=\"Tahmini okuma s\u00fcresi\" \/>\n\t<meta name=\"twitter:data1\" content=\"2 dakika\" \/>\n<script type=\"application\/ld+json\" class=\"yoast-schema-graph\">{\"@context\":\"https:\/\/schema.org\",\"@graph\":[{\"@type\":[\"WebPage\",\"ItemPage\"],\"@id\":\"https:\/\/scopslife.com\/tr\/urun\/scops-x-sevdrus-mavi-ceket\/\",\"url\":\"https:\/\/scopslife.com\/tr\/urun\/scops-x-sevdrus-mavi-ceket\/\",\"name\":\"Scops x Sevdrus Ceket - \u00d6zel Tasar\u0131m | Scops\",\"isPartOf\":{\"@id\":\"https:\/\/scopslife.com\/tr\/#website\"},\"primaryImageOfPage\":{\"@id\":\"https:\/\/scopslife.com\/tr\/urun\/scops-x-sevdrus-mavi-ceket\/#primaryimage\"},\"image\":{\"@id\":\"https:\/\/scopslife.com\/tr\/urun\/scops-x-sevdrus-mavi-ceket\/#primaryimage\"},\"thumbnailUrl\":\"https:\/\/scopslife.com\/tr\/wp-content\/uploads\/2025\/06\/12.webp\",\"datePublished\":\"2025-06-16T16:25:24+00:00\",\"dateModified\":\"2025-10-13T11:18:49+00:00\",\"description\":\"Scops ve Sevdrus i\u015f birli\u011fiyle tasarlanan mavi ceket ile tarz\u0131n\u0131 \u00f6ne \u00e7\u0131kar. S\u0131n\u0131rl\u0131 say\u0131da \u00fcretilen bu \u00f6zel koleksiyon par\u00e7as\u0131n\u0131 ka\u00e7\u0131rma.\",\"breadcrumb\":{\"@id\":\"https:\/\/scopslife.com\/tr\/urun\/scops-x-sevdrus-mavi-ceket\/#breadcrumb\"},\"inLanguage\":\"tr\",\"potentialAction\":[{\"@type\":\"ReadAction\",\"target\":[\"https:\/\/scopslife.com\/tr\/urun\/scops-x-sevdrus-mavi-ceket\/\"]}]},{\"@type\":\"ImageObject\",\"inLanguage\":\"tr\",\"@id\":\"https:\/\/scopslife.com\/tr\/urun\/scops-x-sevdrus-mavi-ceket\/#primaryimage\",\"url\":\"https:\/\/scopslife.com\/tr\/wp-content\/uploads\/2025\/06\/12.webp\",\"contentUrl\":\"https:\/\/scopslife.com\/tr\/wp-content\/uploads\/2025\/06\/12.webp\",\"width\":524,\"height\":786},{\"@type\":\"BreadcrumbList\",\"@id\":\"https:\/\/scopslife.com\/tr\/urun\/scops-x-sevdrus-mavi-ceket\/#breadcrumb\",\"itemListElement\":[{\"@type\":\"ListItem\",\"position\":1,\"name\":\"Anasayfa\",\"item\":\"https:\/\/scopslife.com\/tr\/\"},{\"@type\":\"ListItem\",\"position\":2,\"name\":\"Ma\u011faza\",\"item\":\"https:\/\/scopslife.com\/tr\/magaza\/\"},{\"@type\":\"ListItem\",\"position\":3,\"name\":\"Scops x Sevdrus Ceket\"}]},{\"@type\":\"WebSite\",\"@id\":\"https:\/\/scopslife.com\/tr\/#website\",\"url\":\"https:\/\/scopslife.com\/tr\/\",\"name\":\"Scops\",\"description\":\"Elevate\",\"potentialAction\":[{\"@type\":\"SearchAction\",\"target\":{\"@type\":\"EntryPoint\",\"urlTemplate\":\"https:\/\/scopslife.com\/tr\/?s={search_term_string}\"},\"query-input\":{\"@type\":\"PropertyValueSpecification\",\"valueRequired\":true,\"valueName\":\"search_term_string\"}}],\"inLanguage\":\"tr\"}]}<\/script>\n<!-- \/ Yoast SEO plugin. -->","yoast_head_json":{"title":"Scops x Sevdrus Ceket - \u00d6zel Tasar\u0131m | Scops","description":"Scops ve Sevdrus i\u015f birli\u011fiyle tasarlanan mavi ceket ile tarz\u0131n\u0131 \u00f6ne \u00e7\u0131kar. S\u0131n\u0131rl\u0131 say\u0131da \u00fcretilen bu \u00f6zel koleksiyon par\u00e7as\u0131n\u0131 ka\u00e7\u0131rma.","robots":{"index":"index","follow":"follow","max-snippet":"max-snippet:-1","max-image-preview":"max-image-preview:large","max-video-preview":"max-video-preview:-1"},"canonical":"https:\/\/scopslife.com\/tr\/urun\/scops-x-sevdrus-mavi-ceket\/","og_locale":"tr_TR","og_type":"article","og_title":"Scops x Sevdrus Ceket - \u00d6zel Tasar\u0131m | Scops","og_description":"Scops ve Sevdrus i\u015f birli\u011fiyle tasarlanan mavi ceket ile tarz\u0131n\u0131 \u00f6ne \u00e7\u0131kar. S\u0131n\u0131rl\u0131 say\u0131da \u00fcretilen bu \u00f6zel koleksiyon par\u00e7as\u0131n\u0131 ka\u00e7\u0131rma.","og_url":"https:\/\/scopslife.com\/tr\/urun\/scops-x-sevdrus-mavi-ceket\/","og_site_name":"Scops","article_modified_time":"2025-10-13T11:18:49+00:00","og_image":[{"width":524,"height":786,"url":"https:\/\/scopslife.com\/tr\/wp-content\/uploads\/2025\/06\/12.webp","type":"image\/webp"}],"twitter_card":"summary_large_image","twitter_misc":{"Tahmini okuma s\u00fcresi":"2 dakika"},"schema":{"@context":"https:\/\/schema.org","@graph":[{"@type":["WebPage","ItemPage"],"@id":"https:\/\/scopslife.com\/tr\/urun\/scops-x-sevdrus-mavi-ceket\/","url":"https:\/\/scopslife.com\/tr\/urun\/scops-x-sevdrus-mavi-ceket\/","name":"Scops x Sevdrus Ceket - \u00d6zel Tasar\u0131m | Scops","isPartOf":{"@id":"https:\/\/scopslife.com\/tr\/#website"},"primaryImageOfPage":{"@id":"https:\/\/scopslife.com\/tr\/urun\/scops-x-sevdrus-mavi-ceket\/#primaryimage"},"image":{"@id":"https:\/\/scopslife.com\/tr\/urun\/scops-x-sevdrus-mavi-ceket\/#primaryimage"},"thumbnailUrl":"https:\/\/scopslife.com\/tr\/wp-content\/uploads\/2025\/06\/12.webp","datePublished":"2025-06-16T16:25:24+00:00","dateModified":"2025-10-13T11:18:49+00:00","description":"Scops ve Sevdrus i\u015f birli\u011fiyle tasarlanan mavi ceket ile tarz\u0131n\u0131 \u00f6ne \u00e7\u0131kar. S\u0131n\u0131rl\u0131 say\u0131da \u00fcretilen bu \u00f6zel koleksiyon par\u00e7as\u0131n\u0131 ka\u00e7\u0131rma.","breadcrumb":{"@id":"https:\/\/scopslife.com\/tr\/urun\/scops-x-sevdrus-mavi-ceket\/#breadcrumb"},"inLanguage":"tr","potentialAction":[{"@type":"ReadAction","target":["https:\/\/scopslife.com\/tr\/urun\/scops-x-sevdrus-mavi-ceket\/"]}]},{"@type":"ImageObject","inLanguage":"tr","@id":"https:\/\/scopslife.com\/tr\/urun\/scops-x-sevdrus-mavi-ceket\/#primaryimage","url":"https:\/\/scopslife.com\/tr\/wp-content\/uploads\/2025\/06\/12.webp","contentUrl":"https:\/\/scopslife.com\/tr\/wp-content\/uploads\/2025\/06\/12.webp","width":524,"height":786},{"@type":"BreadcrumbList","@id":"https:\/\/scopslife.com\/tr\/urun\/scops-x-sevdrus-mavi-ceket\/#breadcrumb","itemListElement":[{"@type":"ListItem","position":1,"name":"Anasayfa","item":"https:\/\/scopslife.com\/tr\/"},{"@type":"ListItem","position":2,"name":"Ma\u011faza","item":"https:\/\/scopslife.com\/tr\/magaza\/"},{"@type":"ListItem","position":3,"name":"Scops x Sevdrus Ceket"}]},{"@type":"WebSite","@id":"https:\/\/scopslife.com\/tr\/#website","url":"https:\/\/scopslife.com\/tr\/","name":"Scops","description":"Elevate","potentialAction":[{"@type":"SearchAction","target":{"@type":"EntryPoint","urlTemplate":"https:\/\/scopslife.com\/tr\/?s={search_term_string}"},"query-input":{"@type":"PropertyValueSpecification","valueRequired":true,"valueName":"search_term_string"}}],"inLanguage":"tr"}]}},"_links":{"self":[{"href":"https:\/\/scopslife.com\/tr\/wp-json\/wp\/v2\/product\/11829","targetHints":{"allow":["GET"]}}],"collection":[{"href":"https:\/\/scopslife.com\/tr\/wp-json\/wp\/v2\/product"}],"about":[{"href":"https:\/\/scopslife.com\/tr\/wp-json\/wp\/v2\/types\/product"}],"replies":[{"embeddable":true,"href":"https:\/\/scopslife.com\/tr\/wp-json\/wp\/v2\/comments?post=11829"}],"wp:featuredmedia":[{"embeddable":true,"href":"https:\/\/scopslife.com\/tr\/wp-json\/wp\/v2\/media\/12635"}],"wp:attachment":[{"href":"https:\/\/scopslife.com\/tr\/wp-json\/wp\/v2\/media?parent=11829"}],"wp:term":[{"taxonomy":"product_brand","embeddable":true,"href":"https:\/\/scopslife.com\/tr\/wp-json\/wp\/v2\/product_brand?post=11829"},{"taxonomy":"product_cat","embeddable":true,"href":"https:\/\/scopslife.com\/tr\/wp-json\/wp\/v2\/product_cat?post=11829"},{"taxonomy":"product_tag","embeddable":true,"href":"https:\/\/scopslife.com\/tr\/wp-json\/wp\/v2\/product_tag?post=11829"}],"curies":[{"name":"wp","href":"https:\/\/api.w.org\/{rel}","templated":true}]}}