{"id":11831,"date":"2025-06-16T19:25:24","date_gmt":"2025-06-16T16:25:24","guid":{"rendered":"https:\/\/scopslife.com\/tr\/?post_type=product&#038;p=11831"},"modified":"2026-05-03T00:48:17","modified_gmt":"2026-05-02T21:48:17","slug":"scops-x-sevdrus-turuncu-yuksek-yaka-sweatshirt","status":"publish","type":"product","link":"https:\/\/scopslife.com\/tr\/urun\/scops-x-sevdrus-turuncu-yuksek-yaka-sweatshirt\/","title":{"rendered":"Scops x Sevdrus Y\u00fcksek Yaka Sweatshirt"},"content":{"rendered":"<h4 data-sourcepos=\"11:1-11:20\">Sevdrus \u0130\u015f Birli\u011fi Hakk\u0131nda<\/h4>\n<p data-sourcepos=\"11:1-11:20\">Sevdrus, i\u015flevsel minimalizmi ve uzun \u00f6m\u00fcrl\u00fc malzeme se\u00e7imlerini merkezine alan ba\u011f\u0131ms\u0131z bir tasar\u0131m markas\u0131d\u0131r; k\u00fc\u00e7\u00fck seri \u00fcretim, yal\u0131n formlar ve kusursuz i\u015f\u00e7ilikle tan\u0131n\u0131r. Scops x Sevdrus koleksiyonunun ilham\u0131, \u015fehir ritminin dinamizmi ile kaykay k\u00fclt\u00fcr\u00fcn\u00fcn \u00f6zg\u00fcr ruhunun kesi\u015fiminden do\u011far: betonun sakin dokular\u0131, gece-g\u00fcnd\u00fcz \u0131\u015f\u0131k kontrastlar\u0131 ve hareket h\u00e2lindeki bedenin ihtiya\u00e7lar\u0131 tasar\u0131ma y\u00f6n verir. Tonal paletler, nefes alan kuma\u015flar ve \u00e7ok ama\u00e7l\u0131 detaylar (gizli cepler, ergonomik kesimler, hafif ama dayan\u0131kl\u0131 y\u00fczeyler) g\u00fcnl\u00fck kullan\u0131mda konforu art\u0131r\u0131rken, zamans\u0131z siluetler stile sadeli\u011fi ta\u015f\u0131r. Koleksiyon, s\u00fcrd\u00fcr\u00fclebilir \u00fcretim yakla\u015f\u0131m\u0131 ve ak\u0131c\u0131 kal\u0131plarla hem sokakta hem de yolculukta pratik, \u015f\u0131k ve sa\u011flam bir e\u015flik\u00e7i olmay\u0131 hedefler.<\/p>\n<h4 data-sourcepos=\"11:1-11:20\">Tasar\u0131m ve Kal\u0131p<\/h4>\n<p data-sourcepos=\"13:1-13:343\">Ceket, <strong>oversize geni\u015f kesim<\/strong> olarak tasarland\u0131, bu da ona modern ve rahat bir duru\u015f kazand\u0131r\u0131yor. <strong>Dik yakas\u0131<\/strong> ve <strong>tek d\u00fc\u011fmeli<\/strong> minimal \u00f6n tasar\u0131m\u0131yla sade ama etkileyici bir g\u00f6r\u00fcn\u00fcm sunuyor. En dikkat \u00e7ekici \u00f6zelliklerinden biri ise <strong>katlanabilir kollara<\/strong> sahip olmas\u0131; bu sayede ceketin stilini diledi\u011finiz gibi de\u011fi\u015ftirebilirsiniz.<\/p>\n<h4 data-sourcepos=\"15:1-15:22\">Y\u0131kama Talimatlar\u0131<\/h4>\n<p data-sourcepos=\"17:1-17:82\">Ceketinizi uzun s\u00fcre ilk g\u00fcnk\u00fc gibi korumak i\u00e7in y\u0131kama talimatlar\u0131na dikkat edin:<\/p>\n<ul data-sourcepos=\"19:1-22:0\">\n<li data-sourcepos=\"19:1-19:26\"><strong>30 derecede y\u0131kay\u0131n.<\/strong><\/li>\n<li data-sourcepos=\"20:1-20:31\"><strong>Benzer renklerle y\u0131kay\u0131n.<\/strong><\/li>\n<li data-sourcepos=\"21:1-22:0\"><strong>Kurutma i\u015flemi uygulamay\u0131n.<\/strong> (Makinede kurutma yerine asarak kurutmak, ceketin formunu ve kuma\u015f yap\u0131s\u0131n\u0131 korumas\u0131na yard\u0131mc\u0131 olacakt\u0131r.)<\/li>\n<\/ul>\n<p><a href=\"https:\/\/scopslife.com\/tr\/wp-content\/uploads\/2025\/06\/Turkish-2.webp\"><img loading=\"lazy\" decoding=\"async\" class=\"mobile-spec aligncenter wp-image-10906 size-full\" src=\"https:\/\/scopslife.com\/tr\/wp-content\/uploads\/2025\/06\/Turkish-2.webp\" alt=\"\" width=\"800\" height=\"800\" srcset=\"https:\/\/scopslife.com\/tr\/wp-content\/uploads\/2025\/06\/Turkish-2.webp 800w, https:\/\/scopslife.com\/tr\/wp-content\/uploads\/2025\/06\/Turkish-2-300x300.webp 300w, https:\/\/scopslife.com\/tr\/wp-content\/uploads\/2025\/06\/Turkish-2-150x150.webp 150w, https:\/\/scopslife.com\/tr\/wp-content\/uploads\/2025\/06\/Turkish-2-768x768.webp 768w, https:\/\/scopslife.com\/tr\/wp-content\/uploads\/2025\/06\/Turkish-2-650x650.webp 650w, https:\/\/scopslife.com\/tr\/wp-content\/uploads\/2025\/06\/Turkish-2-100x100.webp 100w\" sizes=\"auto, (max-width: 800px) 100vw, 800px\" \/><\/a> <a href=\"https:\/\/scopslife.com\/tr\/wp-content\/uploads\/2025\/06\/Turkish2.webp\"><img loading=\"lazy\" decoding=\"async\" class=\"desktop-spec aligncenter wp-image-10903 size-full\" src=\"https:\/\/scopslife.com\/tr\/wp-content\/uploads\/2025\/06\/Turkish2.webp\" alt=\"\" width=\"1950\" height=\"468\" srcset=\"https:\/\/scopslife.com\/tr\/wp-content\/uploads\/2025\/06\/Turkish2.webp 1950w, https:\/\/scopslife.com\/tr\/wp-content\/uploads\/2025\/06\/Turkish2-300x72.webp 300w, https:\/\/scopslife.com\/tr\/wp-content\/uploads\/2025\/06\/Turkish2-1024x246.webp 1024w, https:\/\/scopslife.com\/tr\/wp-content\/uploads\/2025\/06\/Turkish2-768x184.webp 768w, https:\/\/scopslife.com\/tr\/wp-content\/uploads\/2025\/06\/Turkish2-1536x369.webp 1536w, https:\/\/scopslife.com\/tr\/wp-content\/uploads\/2025\/06\/Turkish2-1000x240.webp 1000w\" sizes=\"auto, (max-width: 1950px) 100vw, 1950px\" \/><\/a><\/p>\n","protected":false},"excerpt":{"rendered":"<p data-sourcepos=\"5:1-5:225\">SCOPS x SEVDRUS &#8220;DO NOT DISTURB&#8221; kaps\u00fcl koleksiyonunun bu e\u015fsiz ceketi, <strong>unisex<\/strong> ve <strong>oversize<\/strong> kal\u0131plar\u0131yla dikkat \u00e7ekiyor. Her zaman oldu\u011fu gibi, bu par\u00e7a da <strong>s\u0131n\u0131rl\u0131 say\u0131da<\/strong> \u00fcretildi, bu da onu ger\u00e7ekten \u00f6zel k\u0131l\u0131yor.<\/p>\n<p data-sourcepos=\"9:1-9:260\">Bu ceketin kuma\u015f\u0131 <strong>T\u00fcrkiye&#8217;de \u00f6r\u00fcld\u00fc<\/strong> ve koleksiyona \u00f6zel olarak se\u00e7ilen <strong>krem rengiyle<\/strong> \u00f6ne \u00e7\u0131k\u0131yor. Kolunda yer alan <strong>Scops x Sevdrus logosu, siyah nak\u0131\u015f tekni\u011fiyle<\/strong> i\u015flendi. Bu kontrast, markan\u0131n imzas\u0131 niteli\u011finde \u015f\u0131k ve belirgin bir dokunu\u015f kat\u0131yor.<\/p>\n<div id=\"gtx-trans\" style=\"position: absolute; left: -56px; top: 2.45455px;\">\n<div class=\"gtx-trans-icon\"><\/div>\n<\/div>\n","protected":false},"featured_media":12638,"comment_status":"closed","ping_status":"closed","template":"","meta":[],"product_brand":[],"product_cat":[303,316],"product_tag":[],"class_list":{"0":"post-11831","1":"product","2":"type-product","3":"status-publish","4":"has-post-thumbnail","6":"product_cat-giyim","7":"product_cat-sweat","9":"first","10":"instock","11":"shipping-taxable","12":"purchasable","13":"product-type-variable"},"yoast_head":"<!-- This site is optimized with the Yoast SEO plugin v27.1.1 - https:\/\/yoast.com\/product\/yoast-seo-wordpress\/ -->\n<title>Scops x Sevdrus Y\u00fcksek Yaka Sweatshirt | Scops<\/title>\n<meta name=\"description\" content=\"\u00d6zel i\u015f birli\u011fi tasar\u0131m\u0131 Scops x Sevdrus y\u00fcksek yaka sweatshirt, \u015f\u0131kl\u0131k ve konforu bir arada sunar. Scops kalitesiyle tarz\u0131n\u0131 her ortamda yans\u0131t!\" \/>\n<meta name=\"robots\" content=\"index, follow, max-snippet:-1, max-image-preview:large, max-video-preview:-1\" \/>\n<link rel=\"canonical\" href=\"https:\/\/scopslife.com\/tr\/urun\/scops-x-sevdrus-turuncu-yuksek-yaka-sweatshirt\/\" \/>\n<meta property=\"og:locale\" content=\"tr_TR\" \/>\n<meta property=\"og:type\" content=\"article\" \/>\n<meta property=\"og:title\" content=\"Scops x Sevdrus Y\u00fcksek Yaka Sweatshirt | Scops\" \/>\n<meta property=\"og:description\" content=\"\u00d6zel i\u015f birli\u011fi tasar\u0131m\u0131 Scops x Sevdrus y\u00fcksek yaka sweatshirt, \u015f\u0131kl\u0131k ve konforu bir arada sunar. Scops kalitesiyle tarz\u0131n\u0131 her ortamda yans\u0131t!\" \/>\n<meta property=\"og:url\" content=\"https:\/\/scopslife.com\/tr\/urun\/scops-x-sevdrus-turuncu-yuksek-yaka-sweatshirt\/\" \/>\n<meta property=\"og:site_name\" content=\"Scops\" \/>\n<meta property=\"article:modified_time\" content=\"2026-05-02T21:48:17+00:00\" \/>\n<meta property=\"og:image\" content=\"https:\/\/scopslife.com\/tr\/wp-content\/uploads\/2025\/06\/14-1.webp\" \/>\n\t<meta property=\"og:image:width\" content=\"524\" \/>\n\t<meta property=\"og:image:height\" content=\"786\" \/>\n\t<meta property=\"og:image:type\" content=\"image\/webp\" \/>\n<meta name=\"twitter:card\" content=\"summary_large_image\" \/>\n<meta name=\"twitter:label1\" content=\"Tahmini okuma s\u00fcresi\" \/>\n\t<meta name=\"twitter:data1\" content=\"2 dakika\" \/>\n<script type=\"application\/ld+json\" class=\"yoast-schema-graph\">{\"@context\":\"https:\/\/schema.org\",\"@graph\":[{\"@type\":[\"WebPage\",\"ItemPage\"],\"@id\":\"https:\/\/scopslife.com\/tr\/urun\/scops-x-sevdrus-turuncu-yuksek-yaka-sweatshirt\/\",\"url\":\"https:\/\/scopslife.com\/tr\/urun\/scops-x-sevdrus-turuncu-yuksek-yaka-sweatshirt\/\",\"name\":\"Scops x Sevdrus Y\u00fcksek Yaka Sweatshirt | Scops\",\"isPartOf\":{\"@id\":\"https:\/\/scopslife.com\/tr\/#website\"},\"primaryImageOfPage\":{\"@id\":\"https:\/\/scopslife.com\/tr\/urun\/scops-x-sevdrus-turuncu-yuksek-yaka-sweatshirt\/#primaryimage\"},\"image\":{\"@id\":\"https:\/\/scopslife.com\/tr\/urun\/scops-x-sevdrus-turuncu-yuksek-yaka-sweatshirt\/#primaryimage\"},\"thumbnailUrl\":\"https:\/\/scopslife.com\/tr\/wp-content\/uploads\/2025\/06\/14-1.webp\",\"datePublished\":\"2025-06-16T16:25:24+00:00\",\"dateModified\":\"2026-05-02T21:48:17+00:00\",\"description\":\"\u00d6zel i\u015f birli\u011fi tasar\u0131m\u0131 Scops x Sevdrus y\u00fcksek yaka sweatshirt, \u015f\u0131kl\u0131k ve konforu bir arada sunar. Scops kalitesiyle tarz\u0131n\u0131 her ortamda yans\u0131t!\",\"breadcrumb\":{\"@id\":\"https:\/\/scopslife.com\/tr\/urun\/scops-x-sevdrus-turuncu-yuksek-yaka-sweatshirt\/#breadcrumb\"},\"inLanguage\":\"tr\",\"potentialAction\":[{\"@type\":\"ReadAction\",\"target\":[\"https:\/\/scopslife.com\/tr\/urun\/scops-x-sevdrus-turuncu-yuksek-yaka-sweatshirt\/\"]}]},{\"@type\":\"ImageObject\",\"inLanguage\":\"tr\",\"@id\":\"https:\/\/scopslife.com\/tr\/urun\/scops-x-sevdrus-turuncu-yuksek-yaka-sweatshirt\/#primaryimage\",\"url\":\"https:\/\/scopslife.com\/tr\/wp-content\/uploads\/2025\/06\/14-1.webp\",\"contentUrl\":\"https:\/\/scopslife.com\/tr\/wp-content\/uploads\/2025\/06\/14-1.webp\",\"width\":524,\"height\":786},{\"@type\":\"BreadcrumbList\",\"@id\":\"https:\/\/scopslife.com\/tr\/urun\/scops-x-sevdrus-turuncu-yuksek-yaka-sweatshirt\/#breadcrumb\",\"itemListElement\":[{\"@type\":\"ListItem\",\"position\":1,\"name\":\"Anasayfa\",\"item\":\"https:\/\/scopslife.com\/tr\/\"},{\"@type\":\"ListItem\",\"position\":2,\"name\":\"Ma\u011faza\",\"item\":\"https:\/\/scopslife.com\/tr\/magaza\/\"},{\"@type\":\"ListItem\",\"position\":3,\"name\":\"Scops x Sevdrus Y\u00fcksek Yaka Sweatshirt\"}]},{\"@type\":\"WebSite\",\"@id\":\"https:\/\/scopslife.com\/tr\/#website\",\"url\":\"https:\/\/scopslife.com\/tr\/\",\"name\":\"Scops\",\"description\":\"Elevate\",\"potentialAction\":[{\"@type\":\"SearchAction\",\"target\":{\"@type\":\"EntryPoint\",\"urlTemplate\":\"https:\/\/scopslife.com\/tr\/?s={search_term_string}\"},\"query-input\":{\"@type\":\"PropertyValueSpecification\",\"valueRequired\":true,\"valueName\":\"search_term_string\"}}],\"inLanguage\":\"tr\"}]}<\/script>\n<!-- \/ Yoast SEO plugin. -->","yoast_head_json":{"title":"Scops x Sevdrus Y\u00fcksek Yaka Sweatshirt | Scops","description":"\u00d6zel i\u015f birli\u011fi tasar\u0131m\u0131 Scops x Sevdrus y\u00fcksek yaka sweatshirt, \u015f\u0131kl\u0131k ve konforu bir arada sunar. Scops kalitesiyle tarz\u0131n\u0131 her ortamda yans\u0131t!","robots":{"index":"index","follow":"follow","max-snippet":"max-snippet:-1","max-image-preview":"max-image-preview:large","max-video-preview":"max-video-preview:-1"},"canonical":"https:\/\/scopslife.com\/tr\/urun\/scops-x-sevdrus-turuncu-yuksek-yaka-sweatshirt\/","og_locale":"tr_TR","og_type":"article","og_title":"Scops x Sevdrus Y\u00fcksek Yaka Sweatshirt | Scops","og_description":"\u00d6zel i\u015f birli\u011fi tasar\u0131m\u0131 Scops x Sevdrus y\u00fcksek yaka sweatshirt, \u015f\u0131kl\u0131k ve konforu bir arada sunar. Scops kalitesiyle tarz\u0131n\u0131 her ortamda yans\u0131t!","og_url":"https:\/\/scopslife.com\/tr\/urun\/scops-x-sevdrus-turuncu-yuksek-yaka-sweatshirt\/","og_site_name":"Scops","article_modified_time":"2026-05-02T21:48:17+00:00","og_image":[{"width":524,"height":786,"url":"https:\/\/scopslife.com\/tr\/wp-content\/uploads\/2025\/06\/14-1.webp","type":"image\/webp"}],"twitter_card":"summary_large_image","twitter_misc":{"Tahmini okuma s\u00fcresi":"2 dakika"},"schema":{"@context":"https:\/\/schema.org","@graph":[{"@type":["WebPage","ItemPage"],"@id":"https:\/\/scopslife.com\/tr\/urun\/scops-x-sevdrus-turuncu-yuksek-yaka-sweatshirt\/","url":"https:\/\/scopslife.com\/tr\/urun\/scops-x-sevdrus-turuncu-yuksek-yaka-sweatshirt\/","name":"Scops x Sevdrus Y\u00fcksek Yaka Sweatshirt | Scops","isPartOf":{"@id":"https:\/\/scopslife.com\/tr\/#website"},"primaryImageOfPage":{"@id":"https:\/\/scopslife.com\/tr\/urun\/scops-x-sevdrus-turuncu-yuksek-yaka-sweatshirt\/#primaryimage"},"image":{"@id":"https:\/\/scopslife.com\/tr\/urun\/scops-x-sevdrus-turuncu-yuksek-yaka-sweatshirt\/#primaryimage"},"thumbnailUrl":"https:\/\/scopslife.com\/tr\/wp-content\/uploads\/2025\/06\/14-1.webp","datePublished":"2025-06-16T16:25:24+00:00","dateModified":"2026-05-02T21:48:17+00:00","description":"\u00d6zel i\u015f birli\u011fi tasar\u0131m\u0131 Scops x Sevdrus y\u00fcksek yaka sweatshirt, \u015f\u0131kl\u0131k ve konforu bir arada sunar. Scops kalitesiyle tarz\u0131n\u0131 her ortamda yans\u0131t!","breadcrumb":{"@id":"https:\/\/scopslife.com\/tr\/urun\/scops-x-sevdrus-turuncu-yuksek-yaka-sweatshirt\/#breadcrumb"},"inLanguage":"tr","potentialAction":[{"@type":"ReadAction","target":["https:\/\/scopslife.com\/tr\/urun\/scops-x-sevdrus-turuncu-yuksek-yaka-sweatshirt\/"]}]},{"@type":"ImageObject","inLanguage":"tr","@id":"https:\/\/scopslife.com\/tr\/urun\/scops-x-sevdrus-turuncu-yuksek-yaka-sweatshirt\/#primaryimage","url":"https:\/\/scopslife.com\/tr\/wp-content\/uploads\/2025\/06\/14-1.webp","contentUrl":"https:\/\/scopslife.com\/tr\/wp-content\/uploads\/2025\/06\/14-1.webp","width":524,"height":786},{"@type":"BreadcrumbList","@id":"https:\/\/scopslife.com\/tr\/urun\/scops-x-sevdrus-turuncu-yuksek-yaka-sweatshirt\/#breadcrumb","itemListElement":[{"@type":"ListItem","position":1,"name":"Anasayfa","item":"https:\/\/scopslife.com\/tr\/"},{"@type":"ListItem","position":2,"name":"Ma\u011faza","item":"https:\/\/scopslife.com\/tr\/magaza\/"},{"@type":"ListItem","position":3,"name":"Scops x Sevdrus Y\u00fcksek Yaka Sweatshirt"}]},{"@type":"WebSite","@id":"https:\/\/scopslife.com\/tr\/#website","url":"https:\/\/scopslife.com\/tr\/","name":"Scops","description":"Elevate","potentialAction":[{"@type":"SearchAction","target":{"@type":"EntryPoint","urlTemplate":"https:\/\/scopslife.com\/tr\/?s={search_term_string}"},"query-input":{"@type":"PropertyValueSpecification","valueRequired":true,"valueName":"search_term_string"}}],"inLanguage":"tr"}]}},"_links":{"self":[{"href":"https:\/\/scopslife.com\/tr\/wp-json\/wp\/v2\/product\/11831","targetHints":{"allow":["GET"]}}],"collection":[{"href":"https:\/\/scopslife.com\/tr\/wp-json\/wp\/v2\/product"}],"about":[{"href":"https:\/\/scopslife.com\/tr\/wp-json\/wp\/v2\/types\/product"}],"replies":[{"embeddable":true,"href":"https:\/\/scopslife.com\/tr\/wp-json\/wp\/v2\/comments?post=11831"}],"wp:featuredmedia":[{"embeddable":true,"href":"https:\/\/scopslife.com\/tr\/wp-json\/wp\/v2\/media\/12638"}],"wp:attachment":[{"href":"https:\/\/scopslife.com\/tr\/wp-json\/wp\/v2\/media?parent=11831"}],"wp:term":[{"taxonomy":"product_brand","embeddable":true,"href":"https:\/\/scopslife.com\/tr\/wp-json\/wp\/v2\/product_brand?post=11831"},{"taxonomy":"product_cat","embeddable":true,"href":"https:\/\/scopslife.com\/tr\/wp-json\/wp\/v2\/product_cat?post=11831"},{"taxonomy":"product_tag","embeddable":true,"href":"https:\/\/scopslife.com\/tr\/wp-json\/wp\/v2\/product_tag?post=11831"}],"curies":[{"name":"wp","href":"https:\/\/api.w.org\/{rel}","templated":true}]}}