{"id":11833,"date":"2025-06-16T19:25:24","date_gmt":"2025-06-16T16:25:24","guid":{"rendered":"https:\/\/scopslife.com\/tr\/?post_type=product&#038;p=11833"},"modified":"2025-10-13T14:19:59","modified_gmt":"2025-10-13T11:19:59","slug":"scops-x-sevdrus-krem-tisort-2","status":"publish","type":"product","link":"https:\/\/scopslife.com\/tr\/urun\/scops-x-sevdrus-krem-tisort-2\/","title":{"rendered":"Scops x Sevdrus Ti\u015f\u00f6rt"},"content":{"rendered":"<h4 data-sourcepos=\"11:1-11:20\">Tasar\u0131m ve Kal\u0131p<\/h4>\n<p data-sourcepos=\"13:1-13:236\">\u00dcr\u00fcn, <strong>oversize geni\u015f kesim<\/strong> olarak tasarlanm\u0131\u015f, koleksiyona \u00f6zel bir kal\u0131ba sahip. Bu kesim, rahat ve modern bir siluet sunarken, her v\u00fccut tipine uyum sa\u011fl\u0131yor. Bol ve d\u00f6k\u00fcml\u00fc duru\u015fuyla hem \u015f\u0131k hem de konforlu bir deneyim vadediyor.<\/p>\n<h4 data-sourcepos=\"15:1-15:22\">Y\u0131kama Talimatlar\u0131<\/h4>\n<p data-sourcepos=\"17:1-17:91\">\u00dcr\u00fcn\u00fcn\u00fcz\u00fc uzun s\u00fcre ilk g\u00fcnk\u00fc gibi korumak i\u00e7in a\u015fa\u011f\u0131daki y\u0131kama talimatlar\u0131na dikkat edin:<\/p>\n<ul data-sourcepos=\"19:1-22:0\">\n<li data-sourcepos=\"19:1-19:26\"><strong>30 derecede y\u0131kay\u0131n.<\/strong><\/li>\n<li data-sourcepos=\"20:1-20:31\"><strong>Benzer renklerle y\u0131kay\u0131n.<\/strong><\/li>\n<li data-sourcepos=\"21:1-22:0\"><strong>Kurutma i\u015flemi uygulamay\u0131n.<\/strong> (Makinede kurutma yerine asarak kurutmak, kuma\u015f\u0131n formunu ve nak\u0131\u015flar\u0131n bozulmamas\u0131n\u0131 sa\u011flayacakt\u0131r.)<\/li>\n<\/ul>\n<p><a href=\"https:\/\/scopslife.com\/tr\/wp-content\/uploads\/2025\/06\/Turkish-2.webp\"><img loading=\"lazy\" decoding=\"async\" class=\"mobile-spec aligncenter wp-image-10906 size-full\" src=\"https:\/\/scopslife.com\/tr\/wp-content\/uploads\/2025\/06\/Turkish-2.webp\" alt=\"\" width=\"800\" height=\"800\" srcset=\"https:\/\/scopslife.com\/tr\/wp-content\/uploads\/2025\/06\/Turkish-2.webp 800w, https:\/\/scopslife.com\/tr\/wp-content\/uploads\/2025\/06\/Turkish-2-300x300.webp 300w, https:\/\/scopslife.com\/tr\/wp-content\/uploads\/2025\/06\/Turkish-2-150x150.webp 150w, https:\/\/scopslife.com\/tr\/wp-content\/uploads\/2025\/06\/Turkish-2-768x768.webp 768w, https:\/\/scopslife.com\/tr\/wp-content\/uploads\/2025\/06\/Turkish-2-650x650.webp 650w, https:\/\/scopslife.com\/tr\/wp-content\/uploads\/2025\/06\/Turkish-2-100x100.webp 100w\" sizes=\"auto, (max-width: 800px) 100vw, 800px\" \/><\/a> <a href=\"https:\/\/scopslife.com\/tr\/wp-content\/uploads\/2025\/06\/Turkish2.webp\"><img loading=\"lazy\" decoding=\"async\" class=\"desktop-spec aligncenter wp-image-10903 size-full\" src=\"https:\/\/scopslife.com\/tr\/wp-content\/uploads\/2025\/06\/Turkish2.webp\" alt=\"\" width=\"1950\" height=\"468\" srcset=\"https:\/\/scopslife.com\/tr\/wp-content\/uploads\/2025\/06\/Turkish2.webp 1950w, https:\/\/scopslife.com\/tr\/wp-content\/uploads\/2025\/06\/Turkish2-300x72.webp 300w, https:\/\/scopslife.com\/tr\/wp-content\/uploads\/2025\/06\/Turkish2-1024x246.webp 1024w, https:\/\/scopslife.com\/tr\/wp-content\/uploads\/2025\/06\/Turkish2-768x184.webp 768w, https:\/\/scopslife.com\/tr\/wp-content\/uploads\/2025\/06\/Turkish2-1536x369.webp 1536w, https:\/\/scopslife.com\/tr\/wp-content\/uploads\/2025\/06\/Turkish2-1000x240.webp 1000w\" sizes=\"auto, (max-width: 1950px) 100vw, 1950px\" \/><\/a><\/p>\n","protected":false},"excerpt":{"rendered":"<p data-sourcepos=\"5:1-5:225\">SCOPS x SEVDRUS &#8220;DO NOT DISTURB&#8221; kaps\u00fcl koleksiyonunun bu \u00f6zel par\u00e7as\u0131, <strong>unisex<\/strong> ve <strong>oversize<\/strong> kal\u0131plar\u0131yla dikkat \u00e7ekiyor. Her zaman oldu\u011fu gibi, bu \u00fcr\u00fcn de <strong>s\u0131n\u0131rl\u0131 say\u0131da<\/strong> \u00fcretildi, bu da onu ger\u00e7ekten e\u015fsiz k\u0131l\u0131yor.<\/p>\n<p data-sourcepos=\"9:1-9:278\">Bu \u00fcr\u00fcn\u00fcn kuma\u015f\u0131 <strong>T\u00fcrkiye&#8217;de \u00f6r\u00fclm\u00fc\u015ft\u00fcr<\/strong>, bu da kaliteli bir dokuya sahip oldu\u011funu g\u00f6sterir. Kolunda yer alan <strong>Scops x Sevdrus koleksiyonuna \u00f6zel karakterli nak\u0131\u015f<\/strong>, \u00fcr\u00fcne \u00f6zg\u00fcn ve \u00e7arp\u0131c\u0131 bir hava kat\u0131yor. Bu nak\u0131\u015f, koleksiyonun ruhunu yans\u0131tan sanatsal bir dokunu\u015f sunuyor.<\/p>\n","protected":false},"featured_media":12637,"comment_status":"closed","ping_status":"closed","template":"","meta":[],"product_brand":[],"product_cat":[303,312],"product_tag":[],"class_list":{"0":"post-11833","1":"product","2":"type-product","3":"status-publish","4":"has-post-thumbnail","6":"product_cat-giyim","7":"product_cat-tisort","9":"first","10":"instock","11":"shipping-taxable","12":"purchasable","13":"product-type-variable"},"yoast_head":"<!-- This site is optimized with the Yoast SEO plugin v27.1.1 - https:\/\/yoast.com\/product\/yoast-seo-wordpress\/ -->\n<title>Scops x Sevdrus Ti\u015f\u00f6rt | Scops<\/title>\n<meta name=\"description\" content=\"\u00d6zel tasar\u0131m\u0131yla Scops x Sevdrus ti\u015f\u00f6rt, rahatl\u0131k ve tarz\u0131 bir arada sunar. Scops kalitesiyle stilini \u00f6zg\u00fcn bir \u015fekilde yans\u0131t!\" \/>\n<meta name=\"robots\" content=\"index, follow, max-snippet:-1, max-image-preview:large, max-video-preview:-1\" \/>\n<link rel=\"canonical\" href=\"https:\/\/scopslife.com\/tr\/urun\/scops-x-sevdrus-krem-tisort-2\/\" \/>\n<meta property=\"og:locale\" content=\"tr_TR\" \/>\n<meta property=\"og:type\" content=\"article\" \/>\n<meta property=\"og:title\" content=\"Scops x Sevdrus Ti\u015f\u00f6rt | Scops\" \/>\n<meta property=\"og:description\" content=\"\u00d6zel tasar\u0131m\u0131yla Scops x Sevdrus ti\u015f\u00f6rt, rahatl\u0131k ve tarz\u0131 bir arada sunar. Scops kalitesiyle stilini \u00f6zg\u00fcn bir \u015fekilde yans\u0131t!\" \/>\n<meta property=\"og:url\" content=\"https:\/\/scopslife.com\/tr\/urun\/scops-x-sevdrus-krem-tisort-2\/\" \/>\n<meta property=\"og:site_name\" content=\"Scops\" \/>\n<meta property=\"article:modified_time\" content=\"2025-10-13T11:19:59+00:00\" \/>\n<meta property=\"og:image\" content=\"https:\/\/scopslife.com\/tr\/wp-content\/uploads\/2025\/06\/14.webp\" \/>\n\t<meta property=\"og:image:width\" content=\"524\" \/>\n\t<meta property=\"og:image:height\" content=\"786\" \/>\n\t<meta property=\"og:image:type\" content=\"image\/webp\" \/>\n<meta name=\"twitter:card\" content=\"summary_large_image\" \/>\n<meta name=\"twitter:label1\" content=\"Tahmini okuma s\u00fcresi\" \/>\n\t<meta name=\"twitter:data1\" content=\"2 dakika\" \/>\n<script type=\"application\/ld+json\" class=\"yoast-schema-graph\">{\"@context\":\"https:\/\/schema.org\",\"@graph\":[{\"@type\":[\"WebPage\",\"ItemPage\"],\"@id\":\"https:\/\/scopslife.com\/tr\/urun\/scops-x-sevdrus-krem-tisort-2\/\",\"url\":\"https:\/\/scopslife.com\/tr\/urun\/scops-x-sevdrus-krem-tisort-2\/\",\"name\":\"Scops x Sevdrus Ti\u015f\u00f6rt | Scops\",\"isPartOf\":{\"@id\":\"https:\/\/scopslife.com\/tr\/#website\"},\"primaryImageOfPage\":{\"@id\":\"https:\/\/scopslife.com\/tr\/urun\/scops-x-sevdrus-krem-tisort-2\/#primaryimage\"},\"image\":{\"@id\":\"https:\/\/scopslife.com\/tr\/urun\/scops-x-sevdrus-krem-tisort-2\/#primaryimage\"},\"thumbnailUrl\":\"https:\/\/scopslife.com\/tr\/wp-content\/uploads\/2025\/06\/14.webp\",\"datePublished\":\"2025-06-16T16:25:24+00:00\",\"dateModified\":\"2025-10-13T11:19:59+00:00\",\"description\":\"\u00d6zel tasar\u0131m\u0131yla Scops x Sevdrus ti\u015f\u00f6rt, rahatl\u0131k ve tarz\u0131 bir arada sunar. Scops kalitesiyle stilini \u00f6zg\u00fcn bir \u015fekilde yans\u0131t!\",\"breadcrumb\":{\"@id\":\"https:\/\/scopslife.com\/tr\/urun\/scops-x-sevdrus-krem-tisort-2\/#breadcrumb\"},\"inLanguage\":\"tr\",\"potentialAction\":[{\"@type\":\"ReadAction\",\"target\":[\"https:\/\/scopslife.com\/tr\/urun\/scops-x-sevdrus-krem-tisort-2\/\"]}]},{\"@type\":\"ImageObject\",\"inLanguage\":\"tr\",\"@id\":\"https:\/\/scopslife.com\/tr\/urun\/scops-x-sevdrus-krem-tisort-2\/#primaryimage\",\"url\":\"https:\/\/scopslife.com\/tr\/wp-content\/uploads\/2025\/06\/14.webp\",\"contentUrl\":\"https:\/\/scopslife.com\/tr\/wp-content\/uploads\/2025\/06\/14.webp\",\"width\":524,\"height\":786},{\"@type\":\"BreadcrumbList\",\"@id\":\"https:\/\/scopslife.com\/tr\/urun\/scops-x-sevdrus-krem-tisort-2\/#breadcrumb\",\"itemListElement\":[{\"@type\":\"ListItem\",\"position\":1,\"name\":\"Anasayfa\",\"item\":\"https:\/\/scopslife.com\/tr\/\"},{\"@type\":\"ListItem\",\"position\":2,\"name\":\"Ma\u011faza\",\"item\":\"https:\/\/scopslife.com\/tr\/magaza\/\"},{\"@type\":\"ListItem\",\"position\":3,\"name\":\"Scops x Sevdrus Ti\u015f\u00f6rt\"}]},{\"@type\":\"WebSite\",\"@id\":\"https:\/\/scopslife.com\/tr\/#website\",\"url\":\"https:\/\/scopslife.com\/tr\/\",\"name\":\"Scops\",\"description\":\"Elevate\",\"potentialAction\":[{\"@type\":\"SearchAction\",\"target\":{\"@type\":\"EntryPoint\",\"urlTemplate\":\"https:\/\/scopslife.com\/tr\/?s={search_term_string}\"},\"query-input\":{\"@type\":\"PropertyValueSpecification\",\"valueRequired\":true,\"valueName\":\"search_term_string\"}}],\"inLanguage\":\"tr\"}]}<\/script>\n<!-- \/ Yoast SEO plugin. -->","yoast_head_json":{"title":"Scops x Sevdrus Ti\u015f\u00f6rt | Scops","description":"\u00d6zel tasar\u0131m\u0131yla Scops x Sevdrus ti\u015f\u00f6rt, rahatl\u0131k ve tarz\u0131 bir arada sunar. Scops kalitesiyle stilini \u00f6zg\u00fcn bir \u015fekilde yans\u0131t!","robots":{"index":"index","follow":"follow","max-snippet":"max-snippet:-1","max-image-preview":"max-image-preview:large","max-video-preview":"max-video-preview:-1"},"canonical":"https:\/\/scopslife.com\/tr\/urun\/scops-x-sevdrus-krem-tisort-2\/","og_locale":"tr_TR","og_type":"article","og_title":"Scops x Sevdrus Ti\u015f\u00f6rt | Scops","og_description":"\u00d6zel tasar\u0131m\u0131yla Scops x Sevdrus ti\u015f\u00f6rt, rahatl\u0131k ve tarz\u0131 bir arada sunar. Scops kalitesiyle stilini \u00f6zg\u00fcn bir \u015fekilde yans\u0131t!","og_url":"https:\/\/scopslife.com\/tr\/urun\/scops-x-sevdrus-krem-tisort-2\/","og_site_name":"Scops","article_modified_time":"2025-10-13T11:19:59+00:00","og_image":[{"width":524,"height":786,"url":"https:\/\/scopslife.com\/tr\/wp-content\/uploads\/2025\/06\/14.webp","type":"image\/webp"}],"twitter_card":"summary_large_image","twitter_misc":{"Tahmini okuma s\u00fcresi":"2 dakika"},"schema":{"@context":"https:\/\/schema.org","@graph":[{"@type":["WebPage","ItemPage"],"@id":"https:\/\/scopslife.com\/tr\/urun\/scops-x-sevdrus-krem-tisort-2\/","url":"https:\/\/scopslife.com\/tr\/urun\/scops-x-sevdrus-krem-tisort-2\/","name":"Scops x Sevdrus Ti\u015f\u00f6rt | Scops","isPartOf":{"@id":"https:\/\/scopslife.com\/tr\/#website"},"primaryImageOfPage":{"@id":"https:\/\/scopslife.com\/tr\/urun\/scops-x-sevdrus-krem-tisort-2\/#primaryimage"},"image":{"@id":"https:\/\/scopslife.com\/tr\/urun\/scops-x-sevdrus-krem-tisort-2\/#primaryimage"},"thumbnailUrl":"https:\/\/scopslife.com\/tr\/wp-content\/uploads\/2025\/06\/14.webp","datePublished":"2025-06-16T16:25:24+00:00","dateModified":"2025-10-13T11:19:59+00:00","description":"\u00d6zel tasar\u0131m\u0131yla Scops x Sevdrus ti\u015f\u00f6rt, rahatl\u0131k ve tarz\u0131 bir arada sunar. Scops kalitesiyle stilini \u00f6zg\u00fcn bir \u015fekilde yans\u0131t!","breadcrumb":{"@id":"https:\/\/scopslife.com\/tr\/urun\/scops-x-sevdrus-krem-tisort-2\/#breadcrumb"},"inLanguage":"tr","potentialAction":[{"@type":"ReadAction","target":["https:\/\/scopslife.com\/tr\/urun\/scops-x-sevdrus-krem-tisort-2\/"]}]},{"@type":"ImageObject","inLanguage":"tr","@id":"https:\/\/scopslife.com\/tr\/urun\/scops-x-sevdrus-krem-tisort-2\/#primaryimage","url":"https:\/\/scopslife.com\/tr\/wp-content\/uploads\/2025\/06\/14.webp","contentUrl":"https:\/\/scopslife.com\/tr\/wp-content\/uploads\/2025\/06\/14.webp","width":524,"height":786},{"@type":"BreadcrumbList","@id":"https:\/\/scopslife.com\/tr\/urun\/scops-x-sevdrus-krem-tisort-2\/#breadcrumb","itemListElement":[{"@type":"ListItem","position":1,"name":"Anasayfa","item":"https:\/\/scopslife.com\/tr\/"},{"@type":"ListItem","position":2,"name":"Ma\u011faza","item":"https:\/\/scopslife.com\/tr\/magaza\/"},{"@type":"ListItem","position":3,"name":"Scops x Sevdrus Ti\u015f\u00f6rt"}]},{"@type":"WebSite","@id":"https:\/\/scopslife.com\/tr\/#website","url":"https:\/\/scopslife.com\/tr\/","name":"Scops","description":"Elevate","potentialAction":[{"@type":"SearchAction","target":{"@type":"EntryPoint","urlTemplate":"https:\/\/scopslife.com\/tr\/?s={search_term_string}"},"query-input":{"@type":"PropertyValueSpecification","valueRequired":true,"valueName":"search_term_string"}}],"inLanguage":"tr"}]}},"_links":{"self":[{"href":"https:\/\/scopslife.com\/tr\/wp-json\/wp\/v2\/product\/11833","targetHints":{"allow":["GET"]}}],"collection":[{"href":"https:\/\/scopslife.com\/tr\/wp-json\/wp\/v2\/product"}],"about":[{"href":"https:\/\/scopslife.com\/tr\/wp-json\/wp\/v2\/types\/product"}],"replies":[{"embeddable":true,"href":"https:\/\/scopslife.com\/tr\/wp-json\/wp\/v2\/comments?post=11833"}],"wp:featuredmedia":[{"embeddable":true,"href":"https:\/\/scopslife.com\/tr\/wp-json\/wp\/v2\/media\/12637"}],"wp:attachment":[{"href":"https:\/\/scopslife.com\/tr\/wp-json\/wp\/v2\/media?parent=11833"}],"wp:term":[{"taxonomy":"product_brand","embeddable":true,"href":"https:\/\/scopslife.com\/tr\/wp-json\/wp\/v2\/product_brand?post=11833"},{"taxonomy":"product_cat","embeddable":true,"href":"https:\/\/scopslife.com\/tr\/wp-json\/wp\/v2\/product_cat?post=11833"},{"taxonomy":"product_tag","embeddable":true,"href":"https:\/\/scopslife.com\/tr\/wp-json\/wp\/v2\/product_tag?post=11833"}],"curies":[{"name":"wp","href":"https:\/\/api.w.org\/{rel}","templated":true}]}}