{"id":11870,"date":"2025-06-17T05:29:28","date_gmt":"2025-06-17T05:29:28","guid":{"rendered":"https:\/\/scopslife.com\/tr\/urun\/urun-4\/"},"modified":"2026-05-02T22:35:54","modified_gmt":"2026-05-02T19:35:54","slug":"original","status":"publish","type":"product","link":"https:\/\/scopslife.com\/tr\/urun\/original\/","title":{"rendered":"Elektrikli Longboard The Original"},"content":{"rendered":"<h3 data-sourcepos=\"5:1-5:50\">Scops Longboard: Performans ve Konfor Bir Arada<\/h3>\n<p data-sourcepos=\"7:1-7:135\"><strong>95 cm uzunlu\u011fundaki Scops Longboard<\/strong>, y\u00fcksek kontrol kabiliyetiyle <strong>ak\u0131c\u0131 ve konforlu bir s\u00fcr\u00fc\u015f deneyimi<\/strong> sunmak \u00fczere tasarland\u0131.<\/p>\n<p data-sourcepos=\"9:1-9:497\">Scops Longboard&#8217;un dayan\u0131kl\u0131 yap\u0131s\u0131, <strong>9 katmanl\u0131 kay\u0131n, hu\u015f ve ak\u00e7aa\u011fa\u00e7 kontrplak kombinasyonundan<\/strong> olu\u015fur. Her bir katman, <strong>\u00f6zel tutkallar kullan\u0131larak<\/strong> birle\u015ftirilmi\u015ftir. Bu sayede a\u011f\u0131rl\u0131k, esneklik ve dayan\u0131kl\u0131l\u0131k aras\u0131nda ideal bir denge kurulur. \u00dcretimde <strong>tamamen do\u011fal malzemeler<\/strong> kullan\u0131l\u0131r, kompozit ara katmanlar bulunmaz, bu da Scops&#8217;u \u00e7evre dostu bir se\u00e7enek haline getirir. Standart tahtalara g\u00f6re <strong>%15&#8217;e kadar daha dayan\u0131kl\u0131d\u0131r<\/strong>, b\u00f6ylece uzun y\u0131llar g\u00fcvenle kullanabilirsiniz.<\/p>\n<h6 data-sourcepos=\"11:1-11:35\"><\/h6>\n<h4 data-sourcepos=\"11:1-11:35\">Tasar\u0131m ve G\u00fcvenlik Odakl\u0131 Yap\u0131<\/h4>\n<p data-sourcepos=\"13:1-13:204\"><strong>Scops&#8217;un \u00f6zg\u00fcn kum kaplamas\u0131<\/strong>, hem estetik bir g\u00f6r\u00fcn\u00fcm sunar hem de <strong>y\u00fcksek kaymazl\u0131k performans\u0131<\/strong> sa\u011flayarak g\u00fcvenli\u011finizi art\u0131r\u0131r. \u00c7\u00fcnk\u00fc Scops&#8217;ta <strong>\u00f6ne \u00e7\u0131kan tasar\u0131m, g\u00fcvenli kullan\u0131mla birle\u015fir<\/strong>.<\/p>\n<p data-sourcepos=\"15:1-15:431\">Performans odakl\u0131 detaylara gelince; <strong>ABEC-9 y\u00fcksek performansl\u0131 rulmanlar<\/strong>, p\u00fcr\u00fczs\u00fcz ve verimli bir d\u00f6n\u00fc\u015f deneyimi sunarken, <strong>78A yumu\u015fakl\u0131kta 90mm \u00e7apl\u0131 tekerlekler<\/strong>, kaygan veya p\u00fcr\u00fczl\u00fc y\u00fczeylerde <strong>\u00fcst\u00fcn yol tutu\u015fu<\/strong> sa\u011flayarak g\u00fcvenli\u011fi art\u0131r\u0131r. Tahta yap\u0131s\u0131 ve tekerlek teknolojisi sayesinde, asfalt gibi sert zeminlerde olu\u015fan darbelerin etkisi <strong>azalt\u0131l\u0131r<\/strong>. Bu da daha az yorgunlukla daha uzun s\u00fcr\u00fc\u015fler anlam\u0131na gelir.<\/p>\n<h6 data-sourcepos=\"17:1-17:36\"><\/h6>\n<h4 data-sourcepos=\"17:1-17:36\">Geli\u015fmi\u015f Kontrol ve Dayan\u0131kl\u0131l\u0131k<\/h4>\n<p data-sourcepos=\"19:1-19:289\"><strong>Esnek yap\u0131s\u0131<\/strong> d\u00fc\u015f\u00fck h\u0131zlarda daha keskin ve kolay d\u00f6n\u00fc\u015fler ile <strong>kontrol ve esneklik<\/strong> sa\u011flar. Yeni ba\u015flayanlar i\u00e7in <strong>denge deste\u011fi<\/strong>, uzmanlar i\u00e7in ise <strong>maksimum performans<\/strong> sunar. <strong>Konforlu duru\u015f garantili \u00f6zel tasar\u0131ml\u0131 ayak freni<\/strong> ile s\u00fcr\u00fc\u015f deneyiminiz daha keyifli hale gelir.<\/p>\n<p data-sourcepos=\"21:1-21:249\">Her bir Scops Longboard, sizlere ula\u015fmadan \u00f6nce kapsaml\u0131 testlerden ge\u00e7er. \u00dcretim sonras\u0131 <strong>180 kg y\u00fckle 1.500 defa ve 350 kg ile 10 defa y\u00fcksek stres testinden ge\u00e7irilir<\/strong>. B\u00f6ylece her \u00fcr\u00fcn\u00fcn <strong>uzun \u00f6m\u00fcrl\u00fc ve g\u00fcvenli<\/strong> oldu\u011fu garanti alt\u0131na al\u0131n\u0131r.<\/p>\n<p data-sourcepos=\"21:1-21:249\"><a href=\"https:\/\/scopslife.com\/tr\/wp-content\/uploads\/2025\/06\/TR-ESCOPS-SPEKT2.webp\"><img loading=\"lazy\" decoding=\"async\" class=\"aligncenter wp-image-10718 size-full wp-image-10002 desktop-spec\" src=\"https:\/\/scopslife.com\/tr\/wp-content\/uploads\/2025\/06\/TR-ESCOPS-SPEKT2.webp\" alt=\"\" width=\"1950\" height=\"468\" \/><\/a><\/p>\n<p data-sourcepos=\"21:1-21:249\"><a style=\"color: #ef6f3f;\" href=\"https:\/\/scopslife.com\/tr\/wp-content\/uploads\/2025\/06\/TR-ESCOPS-Spekt.webp\"><img loading=\"lazy\" decoding=\"async\" class=\"desktop-spec aligncenter wp-image-12101 size-full\" src=\"https:\/\/scopslife.com\/tr\/wp-content\/uploads\/2025\/06\/TR-ESCOPS-Spekt.webp\" alt=\"\" width=\"1950\" height=\"468\" srcset=\"https:\/\/scopslife.com\/tr\/wp-content\/uploads\/2025\/06\/TR-ESCOPS-Spekt.webp 1950w, https:\/\/scopslife.com\/tr\/wp-content\/uploads\/2025\/06\/TR-ESCOPS-Spekt-300x72.webp 300w, https:\/\/scopslife.com\/tr\/wp-content\/uploads\/2025\/06\/TR-ESCOPS-Spekt-1024x246.webp 1024w, https:\/\/scopslife.com\/tr\/wp-content\/uploads\/2025\/06\/TR-ESCOPS-Spekt-768x184.webp 768w, https:\/\/scopslife.com\/tr\/wp-content\/uploads\/2025\/06\/TR-ESCOPS-Spekt-1536x369.webp 1536w, https:\/\/scopslife.com\/tr\/wp-content\/uploads\/2025\/06\/TR-ESCOPS-Spekt-1000x240.webp 1000w\" sizes=\"auto, (max-width: 1950px) 100vw, 1950px\" \/><\/a><a href=\"https:\/\/scopslife.com\/tr\/wp-content\/uploads\/2025\/06\/TR-Square-ESCOPS-SPEKT2.webp\"><img loading=\"lazy\" decoding=\"async\" class=\"aligncenter wp-image-10720 size-full wp-image-10476 mobile-spec\" src=\"https:\/\/scopslife.com\/tr\/wp-content\/uploads\/2025\/06\/TR-Square-ESCOPS-SPEKT2.webp\" alt=\"\" width=\"800\" height=\"800\" \/><\/a><span style=\"color: #ef6f3f;\"><a style=\"color: #ef6f3f;\" href=\"https:\/\/scopslife.com\/tr\/wp-content\/uploads\/2025\/06\/TR-Square-ESCOPS-Spekt.webp\"><img loading=\"lazy\" decoding=\"async\" class=\"mobile-spec aligncenter wp-image-12102 size-full\" src=\"https:\/\/scopslife.com\/tr\/wp-content\/uploads\/2025\/06\/TR-Square-ESCOPS-Spekt.webp\" alt=\"\" width=\"800\" height=\"800\" srcset=\"https:\/\/scopslife.com\/tr\/wp-content\/uploads\/2025\/06\/TR-Square-ESCOPS-Spekt.webp 800w, https:\/\/scopslife.com\/tr\/wp-content\/uploads\/2025\/06\/TR-Square-ESCOPS-Spekt-300x300.webp 300w, https:\/\/scopslife.com\/tr\/wp-content\/uploads\/2025\/06\/TR-Square-ESCOPS-Spekt-150x150.webp 150w, https:\/\/scopslife.com\/tr\/wp-content\/uploads\/2025\/06\/TR-Square-ESCOPS-Spekt-768x768.webp 768w, https:\/\/scopslife.com\/tr\/wp-content\/uploads\/2025\/06\/TR-Square-ESCOPS-Spekt-650x650.webp 650w, https:\/\/scopslife.com\/tr\/wp-content\/uploads\/2025\/06\/TR-Square-ESCOPS-Spekt-100x100.webp 100w\" sizes=\"auto, (max-width: 800px) 100vw, 800px\" \/><\/a><\/span><\/p>\n<p>&nbsp;<\/p>\n","protected":false},"excerpt":{"rendered":"<p>\u015eehrin ritmini yakala, kendi yolunu \u00e7iz! Scops elektrikli kaykay, 25 km\/s h\u0131za ula\u015fan motoru ve 21 km menziliyle sana s\u0131n\u0131r tan\u0131mayan bir \u00f6zg\u00fcrl\u00fck sunar. Kompakt ve sade tasar\u0131m\u0131 sayesinde diledi\u011fin an harekete ge\u00e7ebilir, \u015fehir i\u00e7i ula\u015f\u0131mda hem h\u0131zl\u0131 hem de \u00e7evre dostu bir alternatifin keyfini \u00e7\u0131karabilirsin. Scops ile \u015fehrin tad\u0131n\u0131 \u00e7\u0131kar!<\/p>\n","protected":false},"featured_media":12622,"comment_status":"closed","ping_status":"closed","template":"","meta":[],"product_brand":[],"product_cat":[323],"product_tag":[],"class_list":{"0":"post-11870","1":"product","2":"type-product","3":"status-publish","4":"has-post-thumbnail","6":"product_cat-e-longboard","8":"first","9":"outofstock","10":"shipping-taxable","11":"purchasable","12":"product-type-simple"},"yoast_head":"<!-- This site is optimized with the Yoast SEO plugin v27.1.1 - https:\/\/yoast.com\/product\/yoast-seo-wordpress\/ -->\n<title>Elektrikli Longboard The Original | Scops<\/title>\n<meta name=\"description\" content=\"Klasik ve g\u00fc\u00e7l\u00fc tasar\u0131m\u0131yla Elektrikli Longboard The Original, y\u00fcksek performans ve konfor sunar. Scops kalitesiyle \u015fehirde \u00f6zg\u00fcrce yol al!\" \/>\n<meta name=\"robots\" content=\"index, follow, max-snippet:-1, max-image-preview:large, max-video-preview:-1\" \/>\n<link rel=\"canonical\" href=\"https:\/\/scopslife.com\/tr\/urun\/original\/\" \/>\n<meta property=\"og:locale\" content=\"tr_TR\" \/>\n<meta property=\"og:type\" content=\"article\" \/>\n<meta property=\"og:title\" content=\"Elektrikli Longboard The Original | Scops\" \/>\n<meta property=\"og:description\" content=\"Klasik ve g\u00fc\u00e7l\u00fc tasar\u0131m\u0131yla Elektrikli Longboard The Original, y\u00fcksek performans ve konfor sunar. Scops kalitesiyle \u015fehirde \u00f6zg\u00fcrce yol al!\" \/>\n<meta property=\"og:url\" content=\"https:\/\/scopslife.com\/tr\/urun\/original\/\" \/>\n<meta property=\"og:site_name\" content=\"Scops\" \/>\n<meta property=\"article:modified_time\" content=\"2026-05-02T19:35:54+00:00\" \/>\n<meta property=\"og:image\" content=\"https:\/\/scopslife.com\/tr\/wp-content\/uploads\/2025\/06\/2-4.webp\" \/>\n\t<meta property=\"og:image:width\" content=\"524\" \/>\n\t<meta property=\"og:image:height\" content=\"786\" \/>\n\t<meta property=\"og:image:type\" content=\"image\/webp\" \/>\n<meta name=\"twitter:card\" content=\"summary_large_image\" \/>\n<meta name=\"twitter:label1\" content=\"Tahmini okuma s\u00fcresi\" \/>\n\t<meta name=\"twitter:data1\" content=\"3 dakika\" \/>\n<script type=\"application\/ld+json\" class=\"yoast-schema-graph\">{\"@context\":\"https:\/\/schema.org\",\"@graph\":[{\"@type\":[\"WebPage\",\"ItemPage\"],\"@id\":\"https:\/\/scopslife.com\/tr\/urun\/original\/\",\"url\":\"https:\/\/scopslife.com\/tr\/urun\/original\/\",\"name\":\"Elektrikli Longboard The Original | Scops\",\"isPartOf\":{\"@id\":\"https:\/\/scopslife.com\/tr\/#website\"},\"primaryImageOfPage\":{\"@id\":\"https:\/\/scopslife.com\/tr\/urun\/original\/#primaryimage\"},\"image\":{\"@id\":\"https:\/\/scopslife.com\/tr\/urun\/original\/#primaryimage\"},\"thumbnailUrl\":\"https:\/\/scopslife.com\/tr\/wp-content\/uploads\/2025\/06\/2-4.webp\",\"datePublished\":\"2025-06-17T05:29:28+00:00\",\"dateModified\":\"2026-05-02T19:35:54+00:00\",\"description\":\"Klasik ve g\u00fc\u00e7l\u00fc tasar\u0131m\u0131yla Elektrikli Longboard The Original, y\u00fcksek performans ve konfor sunar. Scops kalitesiyle \u015fehirde \u00f6zg\u00fcrce yol al!\",\"breadcrumb\":{\"@id\":\"https:\/\/scopslife.com\/tr\/urun\/original\/#breadcrumb\"},\"inLanguage\":\"tr\",\"potentialAction\":[{\"@type\":\"ReadAction\",\"target\":[\"https:\/\/scopslife.com\/tr\/urun\/original\/\"]}]},{\"@type\":\"ImageObject\",\"inLanguage\":\"tr\",\"@id\":\"https:\/\/scopslife.com\/tr\/urun\/original\/#primaryimage\",\"url\":\"https:\/\/scopslife.com\/tr\/wp-content\/uploads\/2025\/06\/2-4.webp\",\"contentUrl\":\"https:\/\/scopslife.com\/tr\/wp-content\/uploads\/2025\/06\/2-4.webp\",\"width\":524,\"height\":786},{\"@type\":\"BreadcrumbList\",\"@id\":\"https:\/\/scopslife.com\/tr\/urun\/original\/#breadcrumb\",\"itemListElement\":[{\"@type\":\"ListItem\",\"position\":1,\"name\":\"Anasayfa\",\"item\":\"https:\/\/scopslife.com\/tr\/\"},{\"@type\":\"ListItem\",\"position\":2,\"name\":\"Ma\u011faza\",\"item\":\"https:\/\/scopslife.com\/tr\/magaza\/\"},{\"@type\":\"ListItem\",\"position\":3,\"name\":\"Elektrikli Longboard The Original\"}]},{\"@type\":\"WebSite\",\"@id\":\"https:\/\/scopslife.com\/tr\/#website\",\"url\":\"https:\/\/scopslife.com\/tr\/\",\"name\":\"Scops\",\"description\":\"Elevate\",\"potentialAction\":[{\"@type\":\"SearchAction\",\"target\":{\"@type\":\"EntryPoint\",\"urlTemplate\":\"https:\/\/scopslife.com\/tr\/?s={search_term_string}\"},\"query-input\":{\"@type\":\"PropertyValueSpecification\",\"valueRequired\":true,\"valueName\":\"search_term_string\"}}],\"inLanguage\":\"tr\"}]}<\/script>\n<!-- \/ Yoast SEO plugin. -->","yoast_head_json":{"title":"Elektrikli Longboard The Original | Scops","description":"Klasik ve g\u00fc\u00e7l\u00fc tasar\u0131m\u0131yla Elektrikli Longboard The Original, y\u00fcksek performans ve konfor sunar. Scops kalitesiyle \u015fehirde \u00f6zg\u00fcrce yol al!","robots":{"index":"index","follow":"follow","max-snippet":"max-snippet:-1","max-image-preview":"max-image-preview:large","max-video-preview":"max-video-preview:-1"},"canonical":"https:\/\/scopslife.com\/tr\/urun\/original\/","og_locale":"tr_TR","og_type":"article","og_title":"Elektrikli Longboard The Original | Scops","og_description":"Klasik ve g\u00fc\u00e7l\u00fc tasar\u0131m\u0131yla Elektrikli Longboard The Original, y\u00fcksek performans ve konfor sunar. Scops kalitesiyle \u015fehirde \u00f6zg\u00fcrce yol al!","og_url":"https:\/\/scopslife.com\/tr\/urun\/original\/","og_site_name":"Scops","article_modified_time":"2026-05-02T19:35:54+00:00","og_image":[{"width":524,"height":786,"url":"https:\/\/scopslife.com\/tr\/wp-content\/uploads\/2025\/06\/2-4.webp","type":"image\/webp"}],"twitter_card":"summary_large_image","twitter_misc":{"Tahmini okuma s\u00fcresi":"3 dakika"},"schema":{"@context":"https:\/\/schema.org","@graph":[{"@type":["WebPage","ItemPage"],"@id":"https:\/\/scopslife.com\/tr\/urun\/original\/","url":"https:\/\/scopslife.com\/tr\/urun\/original\/","name":"Elektrikli Longboard The Original | Scops","isPartOf":{"@id":"https:\/\/scopslife.com\/tr\/#website"},"primaryImageOfPage":{"@id":"https:\/\/scopslife.com\/tr\/urun\/original\/#primaryimage"},"image":{"@id":"https:\/\/scopslife.com\/tr\/urun\/original\/#primaryimage"},"thumbnailUrl":"https:\/\/scopslife.com\/tr\/wp-content\/uploads\/2025\/06\/2-4.webp","datePublished":"2025-06-17T05:29:28+00:00","dateModified":"2026-05-02T19:35:54+00:00","description":"Klasik ve g\u00fc\u00e7l\u00fc tasar\u0131m\u0131yla Elektrikli Longboard The Original, y\u00fcksek performans ve konfor sunar. Scops kalitesiyle \u015fehirde \u00f6zg\u00fcrce yol al!","breadcrumb":{"@id":"https:\/\/scopslife.com\/tr\/urun\/original\/#breadcrumb"},"inLanguage":"tr","potentialAction":[{"@type":"ReadAction","target":["https:\/\/scopslife.com\/tr\/urun\/original\/"]}]},{"@type":"ImageObject","inLanguage":"tr","@id":"https:\/\/scopslife.com\/tr\/urun\/original\/#primaryimage","url":"https:\/\/scopslife.com\/tr\/wp-content\/uploads\/2025\/06\/2-4.webp","contentUrl":"https:\/\/scopslife.com\/tr\/wp-content\/uploads\/2025\/06\/2-4.webp","width":524,"height":786},{"@type":"BreadcrumbList","@id":"https:\/\/scopslife.com\/tr\/urun\/original\/#breadcrumb","itemListElement":[{"@type":"ListItem","position":1,"name":"Anasayfa","item":"https:\/\/scopslife.com\/tr\/"},{"@type":"ListItem","position":2,"name":"Ma\u011faza","item":"https:\/\/scopslife.com\/tr\/magaza\/"},{"@type":"ListItem","position":3,"name":"Elektrikli Longboard The Original"}]},{"@type":"WebSite","@id":"https:\/\/scopslife.com\/tr\/#website","url":"https:\/\/scopslife.com\/tr\/","name":"Scops","description":"Elevate","potentialAction":[{"@type":"SearchAction","target":{"@type":"EntryPoint","urlTemplate":"https:\/\/scopslife.com\/tr\/?s={search_term_string}"},"query-input":{"@type":"PropertyValueSpecification","valueRequired":true,"valueName":"search_term_string"}}],"inLanguage":"tr"}]}},"_links":{"self":[{"href":"https:\/\/scopslife.com\/tr\/wp-json\/wp\/v2\/product\/11870","targetHints":{"allow":["GET"]}}],"collection":[{"href":"https:\/\/scopslife.com\/tr\/wp-json\/wp\/v2\/product"}],"about":[{"href":"https:\/\/scopslife.com\/tr\/wp-json\/wp\/v2\/types\/product"}],"replies":[{"embeddable":true,"href":"https:\/\/scopslife.com\/tr\/wp-json\/wp\/v2\/comments?post=11870"}],"wp:featuredmedia":[{"embeddable":true,"href":"https:\/\/scopslife.com\/tr\/wp-json\/wp\/v2\/media\/12622"}],"wp:attachment":[{"href":"https:\/\/scopslife.com\/tr\/wp-json\/wp\/v2\/media?parent=11870"}],"wp:term":[{"taxonomy":"product_brand","embeddable":true,"href":"https:\/\/scopslife.com\/tr\/wp-json\/wp\/v2\/product_brand?post=11870"},{"taxonomy":"product_cat","embeddable":true,"href":"https:\/\/scopslife.com\/tr\/wp-json\/wp\/v2\/product_cat?post=11870"},{"taxonomy":"product_tag","embeddable":true,"href":"https:\/\/scopslife.com\/tr\/wp-json\/wp\/v2\/product_tag?post=11870"}],"curies":[{"name":"wp","href":"https:\/\/api.w.org\/{rel}","templated":true}]}}