{"id":12424,"date":"2025-06-18T16:46:59","date_gmt":"2025-06-18T13:46:59","guid":{"rendered":"https:\/\/scopslife.com\/tr\/?post_type=product&#038;p=12424"},"modified":"2026-05-02T22:28:15","modified_gmt":"2026-05-02T19:28:15","slug":"illusion-cruiser","status":"publish","type":"product","link":"https:\/\/scopslife.com\/tr\/urun\/illusion-cruiser\/","title":{"rendered":"Illusion Cruiser"},"content":{"rendered":"<hr data-sourcepos=\"1:1-1:3\" \/>\n<p>\\n\\n<\/p>\n<h3 data-sourcepos=\"3:1-3:42\">Scops Cruiser: \u015eehir \u0130\u00e7in Optimum Denge<\/h3>\n<p>\\n<\/p>\n<p data-sourcepos=\"5:1-5:303\"><strong>80 cm g\u00f6vdesiyle Scops Cruiser<\/strong>, k\u0131sa board \u00e7evikli\u011fi ve longboard konforunu birle\u015ftirir. G\u00fcnl\u00fck \u015fehir i\u00e7i kullan\u0131m i\u00e7in tasarlanan bu model, <strong>manevra kabiliyeti ile stabilite aras\u0131nda ideal dengeyi<\/strong> sunarak hem yeni ba\u015flayanlara hem de deneyimli s\u00fcr\u00fcc\u00fclere <strong>g\u00fcvenli ve dengeli bir s\u00fcr\u00fc\u015f<\/strong> sa\u011flar.<\/p>\n<p>\\n\\n<\/p>\n<h4 data-sourcepos=\"7:1-7:35\">\u015e\u0131k Tasar\u0131m, Do\u011fal Dayan\u0131kl\u0131l\u0131k<\/h4>\n<p>\\n<\/p>\n<p data-sourcepos=\"9:1-9:269\"><strong>Scops\u2019un \u00f6zel kum kaplamas\u0131<\/strong>, canl\u0131 y\u00fczey tasar\u0131mlar\u0131na olanak tan\u0131rken <strong>y\u00fcksek kaymazl\u0131k<\/strong> ile g\u00fcvenli\u011fi art\u0131r\u0131r. Cruiser tahtas\u0131, <strong>8 katmanl\u0131 kay\u0131n, hu\u015f ve ak\u00e7aa\u011fa\u00e7 kontrplaktan<\/strong> \u00fcretilmi\u015ftir; <strong>%100 do\u011fal<\/strong> ve <strong>standart tahtalara g\u00f6re %15 daha dayan\u0131kl\u0131d\u0131r<\/strong>.<\/p>\n<p>\\n\\n<\/p>\n<h4 data-sourcepos=\"11:1-11:36\">Konforlu ve G\u00fcvenilir Performans<\/h4>\n<p>\\n<\/p>\n<p data-sourcepos=\"13:1-13:335\"><strong>ABEC-9 rulmanlar<\/strong> ve <strong>78A yumu\u015fak tekerlekler<\/strong>, p\u00fcr\u00fczs\u00fcz s\u00fcr\u00fc\u015f, \u00fcst\u00fcn yol tutu\u015fu ve titre\u015fim emi\u015fi sa\u011flar. <strong>Darbe azalt\u0131c\u0131 yap\u0131s\u0131<\/strong> konforu art\u0131r\u0131rken, esnek g\u00f6vde d\u00fc\u015f\u00fck h\u0131zlarda <strong>keskin ve g\u00fcvenli d\u00f6n\u00fc\u015flere<\/strong> olanak tan\u0131r. Her Scops Cruiser, <strong>y\u00fcksek stres testlerinden ge\u00e7irilerek uzun \u00f6m\u00fcrl\u00fcl\u00fck ve g\u00fcvenlik<\/strong> garantisi verir.<\/p>\n<p>\\n<\/p>\n<p>\\n<\/p>\n<p class=\"\" data-start=\"151\" data-end=\"174\"><a href=\"https:\/\/scopslife.com\/tr\/wp-content\/uploads\/2025\/06\/2.webp\"><img decoding=\"async\" class=\"alignnone size-medium wp-image-10042 desktop-spec\" src=\"https:\/\/scopslife.com\/tr\/wp-content\/uploads\/2025\/06\/2.webp\" alt=\"\" \/><\/a><\/p>\n<p>\\n\\n\\n<\/p>\n<p data-start=\"151\" data-end=\"174\"><a href=\"https:\/\/scopslife.com\/tr\/wp-content\/uploads\/2025\/06\/2-2.webp\"><img loading=\"lazy\" decoding=\"async\" class=\"alignleft size-full wp-image-10477 mobile-spec\" src=\"https:\/\/scopslife.com\/tr\/wp-content\/uploads\/2025\/06\/2-2.webp\" alt=\"\" width=\"800\" height=\"800\" \/><\/a><\/p>\n","protected":false},"excerpt":{"rendered":"<p>SCOPS Cruiser, \u00e7eviklik ve konfor aras\u0131nda m\u00fckemmel bir denge sunar\u2014longboard ile k\u0131sa board aras\u0131nda ideal noktada konumlan\u0131r. Kompozit i\u00e7ermeyen dayan\u0131kl\u0131 ah\u015fap yap\u0131s\u0131yla esneklik ve sa\u011flaml\u0131k sa\u011flar, \u015fehir i\u00e7i s\u00fcr\u00fc\u015fler i\u00e7in ak\u0131c\u0131 bir deneyim sunar. Kaymaz kaplamas\u0131, canl\u0131 tam y\u00fczey bask\u0131lar\u0131na olanak tan\u0131rken tutu\u015f g\u00fcc\u00fcnden \u00f6d\u00fcn vermez.\\n\\n\\n\\n\\nFiyatlara KDV Dahildir.<\/p>\n","protected":false},"featured_media":12006,"comment_status":"closed","ping_status":"closed","template":"","meta":[],"product_brand":[],"product_cat":[85],"product_tag":[393,406],"class_list":{"0":"post-12424","1":"product","2":"type-product","3":"status-publish","4":"has-post-thumbnail","6":"product_cat-cruiser","7":"product_tag-desen","8":"product_tag-psikedelik","10":"first","11":"instock","12":"shipping-taxable","13":"purchasable","14":"product-type-simple"},"yoast_head":"<!-- This site is optimized with the Yoast SEO plugin v27.1.1 - https:\/\/yoast.com\/product\/yoast-seo-wordpress\/ -->\n<title>Illusion Cruiser - Scops<\/title>\n<meta name=\"robots\" content=\"index, follow, max-snippet:-1, max-image-preview:large, max-video-preview:-1\" \/>\n<link rel=\"canonical\" href=\"https:\/\/scopslife.com\/tr\/urun\/illusion-cruiser\/\" \/>\n<meta property=\"og:locale\" content=\"tr_TR\" \/>\n<meta property=\"og:type\" content=\"article\" \/>\n<meta property=\"og:title\" content=\"Illusion Cruiser - Scops\" \/>\n<meta property=\"og:description\" content=\"SCOPS Cruiser, \u00e7eviklik ve konfor aras\u0131nda m\u00fckemmel bir denge sunar\u2014longboard ile k\u0131sa board aras\u0131nda ideal noktada konumlan\u0131r. Kompozit i\u00e7ermeyen dayan\u0131kl\u0131 ah\u015fap yap\u0131s\u0131yla esneklik ve sa\u011flaml\u0131k sa\u011flar, \u015fehir i\u00e7i s\u00fcr\u00fc\u015fler i\u00e7in ak\u0131c\u0131 bir deneyim sunar. Kaymaz kaplamas\u0131, canl\u0131 tam y\u00fczey bask\u0131lar\u0131na olanak tan\u0131rken tutu\u015f g\u00fcc\u00fcnden \u00f6d\u00fcn vermez.nnnnnFiyatlara KDV Dahildir.\" \/>\n<meta property=\"og:url\" content=\"https:\/\/scopslife.com\/tr\/urun\/illusion-cruiser\/\" \/>\n<meta property=\"og:site_name\" content=\"Scops\" \/>\n<meta property=\"article:modified_time\" content=\"2026-05-02T19:28:15+00:00\" \/>\n<meta property=\"og:image\" content=\"https:\/\/scopslife.com\/tr\/wp-content\/uploads\/2025\/06\/1-39.jpg\" \/>\n\t<meta property=\"og:image:width\" content=\"524\" \/>\n\t<meta property=\"og:image:height\" content=\"786\" \/>\n\t<meta property=\"og:image:type\" content=\"image\/jpeg\" \/>\n<meta name=\"twitter:card\" content=\"summary_large_image\" \/>\n<meta name=\"twitter:label1\" content=\"Tahmini okuma s\u00fcresi\" \/>\n\t<meta name=\"twitter:data1\" content=\"2 dakika\" \/>\n<script type=\"application\/ld+json\" class=\"yoast-schema-graph\">{\"@context\":\"https:\/\/schema.org\",\"@graph\":[{\"@type\":[\"WebPage\",\"ItemPage\"],\"@id\":\"https:\/\/scopslife.com\/tr\/urun\/illusion-cruiser\/\",\"url\":\"https:\/\/scopslife.com\/tr\/urun\/illusion-cruiser\/\",\"name\":\"Illusion Cruiser - Scops\",\"isPartOf\":{\"@id\":\"https:\/\/scopslife.com\/tr\/#website\"},\"primaryImageOfPage\":{\"@id\":\"https:\/\/scopslife.com\/tr\/urun\/illusion-cruiser\/#primaryimage\"},\"image\":{\"@id\":\"https:\/\/scopslife.com\/tr\/urun\/illusion-cruiser\/#primaryimage\"},\"thumbnailUrl\":\"https:\/\/scopslife.com\/tr\/wp-content\/uploads\/2025\/06\/1-39.jpg\",\"datePublished\":\"2025-06-18T13:46:59+00:00\",\"dateModified\":\"2026-05-02T19:28:15+00:00\",\"breadcrumb\":{\"@id\":\"https:\/\/scopslife.com\/tr\/urun\/illusion-cruiser\/#breadcrumb\"},\"inLanguage\":\"tr\",\"potentialAction\":[{\"@type\":\"ReadAction\",\"target\":[\"https:\/\/scopslife.com\/tr\/urun\/illusion-cruiser\/\"]}]},{\"@type\":\"ImageObject\",\"inLanguage\":\"tr\",\"@id\":\"https:\/\/scopslife.com\/tr\/urun\/illusion-cruiser\/#primaryimage\",\"url\":\"https:\/\/scopslife.com\/tr\/wp-content\/uploads\/2025\/06\/1-39.jpg\",\"contentUrl\":\"https:\/\/scopslife.com\/tr\/wp-content\/uploads\/2025\/06\/1-39.jpg\",\"width\":524,\"height\":786},{\"@type\":\"BreadcrumbList\",\"@id\":\"https:\/\/scopslife.com\/tr\/urun\/illusion-cruiser\/#breadcrumb\",\"itemListElement\":[{\"@type\":\"ListItem\",\"position\":1,\"name\":\"Anasayfa\",\"item\":\"https:\/\/scopslife.com\/tr\/\"},{\"@type\":\"ListItem\",\"position\":2,\"name\":\"Ma\u011faza\",\"item\":\"https:\/\/scopslife.com\/tr\/magaza\/\"},{\"@type\":\"ListItem\",\"position\":3,\"name\":\"Illusion Cruiser\"}]},{\"@type\":\"WebSite\",\"@id\":\"https:\/\/scopslife.com\/tr\/#website\",\"url\":\"https:\/\/scopslife.com\/tr\/\",\"name\":\"Scops\",\"description\":\"Elevate\",\"potentialAction\":[{\"@type\":\"SearchAction\",\"target\":{\"@type\":\"EntryPoint\",\"urlTemplate\":\"https:\/\/scopslife.com\/tr\/?s={search_term_string}\"},\"query-input\":{\"@type\":\"PropertyValueSpecification\",\"valueRequired\":true,\"valueName\":\"search_term_string\"}}],\"inLanguage\":\"tr\"}]}<\/script>\n<!-- \/ Yoast SEO plugin. -->","yoast_head_json":{"title":"Illusion Cruiser - Scops","robots":{"index":"index","follow":"follow","max-snippet":"max-snippet:-1","max-image-preview":"max-image-preview:large","max-video-preview":"max-video-preview:-1"},"canonical":"https:\/\/scopslife.com\/tr\/urun\/illusion-cruiser\/","og_locale":"tr_TR","og_type":"article","og_title":"Illusion Cruiser - Scops","og_description":"SCOPS Cruiser, \u00e7eviklik ve konfor aras\u0131nda m\u00fckemmel bir denge sunar\u2014longboard ile k\u0131sa board aras\u0131nda ideal noktada konumlan\u0131r. Kompozit i\u00e7ermeyen dayan\u0131kl\u0131 ah\u015fap yap\u0131s\u0131yla esneklik ve sa\u011flaml\u0131k sa\u011flar, \u015fehir i\u00e7i s\u00fcr\u00fc\u015fler i\u00e7in ak\u0131c\u0131 bir deneyim sunar. Kaymaz kaplamas\u0131, canl\u0131 tam y\u00fczey bask\u0131lar\u0131na olanak tan\u0131rken tutu\u015f g\u00fcc\u00fcnden \u00f6d\u00fcn vermez.nnnnnFiyatlara KDV Dahildir.","og_url":"https:\/\/scopslife.com\/tr\/urun\/illusion-cruiser\/","og_site_name":"Scops","article_modified_time":"2026-05-02T19:28:15+00:00","og_image":[{"width":524,"height":786,"url":"https:\/\/scopslife.com\/tr\/wp-content\/uploads\/2025\/06\/1-39.jpg","type":"image\/jpeg"}],"twitter_card":"summary_large_image","twitter_misc":{"Tahmini okuma s\u00fcresi":"2 dakika"},"schema":{"@context":"https:\/\/schema.org","@graph":[{"@type":["WebPage","ItemPage"],"@id":"https:\/\/scopslife.com\/tr\/urun\/illusion-cruiser\/","url":"https:\/\/scopslife.com\/tr\/urun\/illusion-cruiser\/","name":"Illusion Cruiser - Scops","isPartOf":{"@id":"https:\/\/scopslife.com\/tr\/#website"},"primaryImageOfPage":{"@id":"https:\/\/scopslife.com\/tr\/urun\/illusion-cruiser\/#primaryimage"},"image":{"@id":"https:\/\/scopslife.com\/tr\/urun\/illusion-cruiser\/#primaryimage"},"thumbnailUrl":"https:\/\/scopslife.com\/tr\/wp-content\/uploads\/2025\/06\/1-39.jpg","datePublished":"2025-06-18T13:46:59+00:00","dateModified":"2026-05-02T19:28:15+00:00","breadcrumb":{"@id":"https:\/\/scopslife.com\/tr\/urun\/illusion-cruiser\/#breadcrumb"},"inLanguage":"tr","potentialAction":[{"@type":"ReadAction","target":["https:\/\/scopslife.com\/tr\/urun\/illusion-cruiser\/"]}]},{"@type":"ImageObject","inLanguage":"tr","@id":"https:\/\/scopslife.com\/tr\/urun\/illusion-cruiser\/#primaryimage","url":"https:\/\/scopslife.com\/tr\/wp-content\/uploads\/2025\/06\/1-39.jpg","contentUrl":"https:\/\/scopslife.com\/tr\/wp-content\/uploads\/2025\/06\/1-39.jpg","width":524,"height":786},{"@type":"BreadcrumbList","@id":"https:\/\/scopslife.com\/tr\/urun\/illusion-cruiser\/#breadcrumb","itemListElement":[{"@type":"ListItem","position":1,"name":"Anasayfa","item":"https:\/\/scopslife.com\/tr\/"},{"@type":"ListItem","position":2,"name":"Ma\u011faza","item":"https:\/\/scopslife.com\/tr\/magaza\/"},{"@type":"ListItem","position":3,"name":"Illusion Cruiser"}]},{"@type":"WebSite","@id":"https:\/\/scopslife.com\/tr\/#website","url":"https:\/\/scopslife.com\/tr\/","name":"Scops","description":"Elevate","potentialAction":[{"@type":"SearchAction","target":{"@type":"EntryPoint","urlTemplate":"https:\/\/scopslife.com\/tr\/?s={search_term_string}"},"query-input":{"@type":"PropertyValueSpecification","valueRequired":true,"valueName":"search_term_string"}}],"inLanguage":"tr"}]}},"_links":{"self":[{"href":"https:\/\/scopslife.com\/tr\/wp-json\/wp\/v2\/product\/12424","targetHints":{"allow":["GET"]}}],"collection":[{"href":"https:\/\/scopslife.com\/tr\/wp-json\/wp\/v2\/product"}],"about":[{"href":"https:\/\/scopslife.com\/tr\/wp-json\/wp\/v2\/types\/product"}],"replies":[{"embeddable":true,"href":"https:\/\/scopslife.com\/tr\/wp-json\/wp\/v2\/comments?post=12424"}],"wp:featuredmedia":[{"embeddable":true,"href":"https:\/\/scopslife.com\/tr\/wp-json\/wp\/v2\/media\/12006"}],"wp:attachment":[{"href":"https:\/\/scopslife.com\/tr\/wp-json\/wp\/v2\/media?parent=12424"}],"wp:term":[{"taxonomy":"product_brand","embeddable":true,"href":"https:\/\/scopslife.com\/tr\/wp-json\/wp\/v2\/product_brand?post=12424"},{"taxonomy":"product_cat","embeddable":true,"href":"https:\/\/scopslife.com\/tr\/wp-json\/wp\/v2\/product_cat?post=12424"},{"taxonomy":"product_tag","embeddable":true,"href":"https:\/\/scopslife.com\/tr\/wp-json\/wp\/v2\/product_tag?post=12424"}],"curies":[{"name":"wp","href":"https:\/\/api.w.org\/{rel}","templated":true}]}}