{"id":13663,"date":"2025-12-22T17:58:21","date_gmt":"2025-12-22T14:58:21","guid":{"rendered":"https:\/\/scopslife.com\/tr\/?post_type=product&#038;p=13663"},"modified":"2025-12-29T15:12:44","modified_gmt":"2025-12-29T12:12:44","slug":"renkli-isikli-koruma-bandi","status":"publish","type":"product","link":"https:\/\/scopslife.com\/tr\/urun\/renkli-isikli-koruma-bandi\/","title":{"rendered":"Renkli I\u015f\u0131kl\u0131 Koruma Band\u0131"},"content":{"rendered":"<div style=\"width: 1300px;\" class=\"wp-video\"><video class=\"wp-video-shortcode\" id=\"video-13663-1\" width=\"1300\" height=\"731\" autoplay preload=\"metadata\" controls=\"controls\"><source type=\"video\/mp4\" src=\"https:\/\/scopslife.com\/tr\/wp-content\/uploads\/2025\/12\/Scops-Koruma-Bandi-MP4.mp4?_=1\" \/><a href=\"https:\/\/scopslife.com\/tr\/wp-content\/uploads\/2025\/12\/Scops-Koruma-Bandi-MP4.mp4\">https:\/\/scopslife.com\/tr\/wp-content\/uploads\/2025\/12\/Scops-Koruma-Bandi-MP4.mp4<\/a><\/video><\/div>\n<h1>I\u015f\u0131kl\u0131 Kaykay Koruma Band\u0131<\/h1>\n<p><b>SCOPS I\u015f\u0131kl\u0131 Kaykay Koruma Band\u0131<\/b>, kaykay ve longboard\u2019lar i\u00e7in \u00f6zel olarak geli\u015ftirilmi\u015f;<br \/>\nmekanik darbe korumas\u0131 ile LED ayd\u0131nlatmay\u0131 tek \u00fcr\u00fcnde birle\u015ftiren yenilik\u00e7i bir aksesuard\u0131r.<br \/>\nOtomotiv sekt\u00f6r\u00fcnde kullan\u0131lan y\u00fcksek kaliteli U-profil fitil teknolojisi ile \u00fcretilmi\u015ftir.<\/p>\n<h2>\u00dcr\u00fcn Nedir?<\/h2>\n<p>I\u015f\u0131kl\u0131 Kaykay Koruma Band\u0131; kaykaylar\u0131n <b>nose (burun)<\/b> ve <b>tail (kuyruk)<\/b> b\u00f6lgelerini darbelere,<br \/>\n\u00e7izilmelere ve a\u015f\u0131nmaya kar\u015f\u0131 korurken, entegre LED sistemi sayesinde gece s\u00fcr\u00fc\u015flerinde g\u00f6r\u00fcn\u00fcrl\u00fc\u011f\u00fc art\u0131r\u0131r.<\/p>\n<h2>Hangi Sorunu \u00c7\u00f6zer?<\/h2>\n<ul>\n<li><b>Fiziksel Koruma:<\/b> Kaykay\u0131n en \u00e7ok darbe alan b\u00f6lgelerini korur<\/li>\n<li><b>Gece G\u00f6r\u00fcn\u00fcrl\u00fc\u011f\u00fc:<\/b> D\u00fc\u015f\u00fck \u0131\u015f\u0131k ko\u015fullar\u0131nda g\u00fcvenli\u011fi art\u0131r\u0131r<\/li>\n<li><b>Estetik G\u00f6r\u00fcn\u00fcm:<\/b> Kaykaya modern ve ki\u015fiselle\u015ftirilebilir bir tasar\u0131m kazand\u0131r\u0131r<\/li>\n<li><b>De\u011fer Koruma:<\/b> Deck \u00f6mr\u00fcn\u00fc uzat\u0131r<\/li>\n<li><b>Sosyal Medya \u0130\u00e7eri\u011fi:<\/b> Etkileyici g\u00f6rseller ve videolar \u00fcretme imk\u00e2n\u0131 sunar<\/li>\n<\/ul>\n<h2>Hedef Kitle<\/h2>\n<ul>\n<li>13\u201335 ya\u015f aras\u0131 kaykay ve longboard kullan\u0131c\u0131lar\u0131<\/li>\n<li>Gece s\u00fcr\u00fc\u015f yapan \u015fehir i\u00e7i kullan\u0131c\u0131lar<\/li>\n<li>Sosyal medya i\u00e7erik \u00fcreticileri<\/li>\n<li>Kaykay modifiye merakl\u0131lar\u0131<\/li>\n<li>\u00c7ocuklar\u0131 i\u00e7in g\u00fcvenli kaykay deneyimi isteyen ebeveynler<\/li>\n<\/ul>\n<h2>Benzersiz Sat\u0131\u015f Noktalar\u0131 (USP)<\/h2>\n<ul>\n<li><b>Yap\u0131\u015ft\u0131rma de\u011fil, vida montaj\u0131:<\/b> Truck vidalar\u0131na ba\u011flan\u0131r<\/li>\n<li><b>Otomotiv kalitesi:<\/b> End\u00fcstriyel fitil profili<\/li>\n<li><b>\u015eekil haf\u0131zal\u0131 metal \u00e7ekirdek:<\/b> Her kaykay e\u011frisine uyum sa\u011flar<\/li>\n<li><b>Type-C \u015farj:<\/b> Modern ve h\u0131zl\u0131 \u015farj sistemi<\/li>\n<li><b>Dokunmatik kontrol:<\/b> Tek tu\u015fla a\u00e7ma \/ kapama<\/li>\n<li><b>T\u00fcrkiye\u2019de \u00fcretim:<\/b> H\u0131zl\u0131 tedarik ve teknik destek<\/li>\n<\/ul>\n<h2>Teknik \u00d6zellikler<\/h2>\n<h3>Mekanik Yap\u0131<\/h3>\n<table border=\"1\" width=\"100%\" cellspacing=\"0\" cellpadding=\"8\">\n<tbody>\n<tr>\n<th>\u00d6zellik<\/th>\n<th>Detay<\/th>\n<\/tr>\n<tr>\n<td>G\u00f6vde Malzemesi<\/td>\n<td>Otomotiv tipi EPDM \/ TPE U-profil fitil<\/td>\n<\/tr>\n<tr>\n<td>\u0130\u00e7 Yap\u0131<\/td>\n<td>Galvaniz metal \u015ferit (\u015fekil haf\u0131zas\u0131)<\/td>\n<\/tr>\n<tr>\n<td>Uzunluk<\/td>\n<td>2 metre (nose + tail i\u00e7in yeterli)<\/td>\n<\/tr>\n<tr>\n<td>Montaj Sistemi<\/td>\n<td>Plastik braket \u2013 truck vidalar\u0131na ba\u011flant\u0131<\/td>\n<\/tr>\n<tr>\n<td>UV Dayan\u0131m\u0131<\/td>\n<td>Evet \u2013 a\u00e7\u0131k hava kullan\u0131m\u0131na uygun<\/td>\n<\/tr>\n<tr>\n<td>Su Ge\u00e7irmezlik<\/td>\n<td>LED bant: Evet \/ Kontrol kart\u0131: Hay\u0131r<\/td>\n<\/tr>\n<\/tbody>\n<\/table>\n<h3>Elektronik Sistem<\/h3>\n<table border=\"1\" width=\"100%\" cellspacing=\"0\" cellpadding=\"8\">\n<tbody>\n<tr>\n<th>Bile\u015fen<\/th>\n<th>Spesifikasyon<\/th>\n<\/tr>\n<tr>\n<td>LED Tipi<\/td>\n<td>Silikon kapl\u0131 esnek LED \u015ferit<\/td>\n<\/tr>\n<tr>\n<td>LED Uzunlu\u011fu<\/td>\n<td>2 metre (60 LED \/ metre)<\/td>\n<\/tr>\n<tr>\n<td>Pil<\/td>\n<td>18650 Li-ion \u2013 3.7V \/ 2600mAh<\/td>\n<\/tr>\n<tr>\n<td>\u015earj Mod\u00fcl\u00fc<\/td>\n<td>TP4056 (a\u015f\u0131r\u0131 \u015farj &amp; de\u015farj korumal\u0131)<\/td>\n<\/tr>\n<tr>\n<td>\u015earj Giri\u015fi<\/td>\n<td>Type-C USB<\/td>\n<\/tr>\n<tr>\n<td>\u015earj S\u00fcresi<\/td>\n<td>Yakla\u015f\u0131k 2\u20133 saat<\/td>\n<\/tr>\n<tr>\n<td>\u00c7al\u0131\u015fma S\u00fcresi<\/td>\n<td>4\u20138 saat (kullan\u0131m moduna ba\u011fl\u0131)<\/td>\n<\/tr>\n<tr>\n<td>Kontrol<\/td>\n<td>Kapasitif dokunmatik sens\u00f6r<\/td>\n<\/tr>\n<tr>\n<td>Modlar<\/td>\n<td>Sabit \u0131\u015f\u0131k modu<\/td>\n<\/tr>\n<\/tbody>\n<\/table>\n<h2>Kutu \u0130\u00e7eri\u011fi<\/h2>\n<table border=\"1\" width=\"100%\" cellspacing=\"0\" cellpadding=\"8\">\n<tbody>\n<tr>\n<th>Par\u00e7a<\/th>\n<th>Adet<\/th>\n<th>A\u00e7\u0131klama<\/th>\n<\/tr>\n<tr>\n<td>I\u015f\u0131kl\u0131 Koruma Band\u0131<\/td>\n<td>1<\/td>\n<td>2 metre \u2013 t\u00fcm kaykay\u0131 sarar<\/td>\n<\/tr>\n<tr>\n<td>I\u015f\u0131k Kontrol Kart\u0131<\/td>\n<td>1<\/td>\n<td>Touch sens\u00f6r, TP4056, Type-C<\/td>\n<\/tr>\n<tr>\n<td>18650 \u015earj Edilebilir Pil<\/td>\n<td>1<\/td>\n<td>Li-ion 3.7V<\/td>\n<\/tr>\n<tr>\n<td>7mm Harici Braket<\/td>\n<td>1<\/td>\n<td>Dengeleme i\u00e7in<\/td>\n<\/tr>\n<tr>\n<td>Alyan Anahtar<\/td>\n<td>1<\/td>\n<td>Montaj i\u00e7in<\/td>\n<\/tr>\n<tr>\n<td>Somun Anahtar\u0131<\/td>\n<td>1<\/td>\n<td>Truck vidalar\u0131 i\u00e7in<\/td>\n<\/tr>\n<tr>\n<td>Kullan\u0131m K\u0131lavuzu<\/td>\n<td>1<\/td>\n<td>T\u00fcrk\u00e7e<\/td>\n<\/tr>\n<tr>\n<td>Garanti Belgesi<\/td>\n<td>1<\/td>\n<td>6 ay garanti<\/td>\n<\/tr>\n<\/tbody>\n<\/table>\n<h2>\u00d6nemli Kullan\u0131m Uyar\u0131lar\u0131<\/h2>\n<ul>\n<li>Kontrol kart\u0131n\u0131 suya ve darbeye maruz b\u0131rakmay\u0131n\u0131z.<\/li>\n<li>\u015earj s\u0131ras\u0131nda \u00fcr\u00fcn\u00fc kullanmay\u0131n\u0131z.<\/li>\n<li>Montaj\u0131n do\u011fru yap\u0131ld\u0131\u011f\u0131ndan emin olunuz.<\/li>\n<\/ul>\n","protected":false},"excerpt":{"rendered":"<p>I\u015f\u0131kl\u0131 Kaykay Koruma Band\u0131 SCOPS I\u015f\u0131kl\u0131 Kaykay Koruma Band\u0131, kaykay ve longboard\u2019lar i\u00e7in \u00f6zel olarak geli\u015ftirilmi\u015f; mekanik darbe korumas\u0131 ile LED ayd\u0131nlatmay\u0131 tek \u00fcr\u00fcnde birle\u015ftiren yenilik\u00e7i bir aksesuard\u0131r. Otomotiv sekt\u00f6r\u00fcnde kullan\u0131lan y\u00fcksek kaliteli U-profil fitil teknolojisi ile \u00fcretilmi\u015ftir. \u00dcr\u00fcn Nedir? I\u015f\u0131kl\u0131 Kaykay Koruma Band\u0131; kaykaylar\u0131n nose (burun) ve tail (kuyruk) b\u00f6lgelerini darbelere, \u00e7izilmelere ve a\u015f\u0131nmaya [&hellip;]<\/p>\n","protected":false},"featured_media":13673,"comment_status":"open","ping_status":"closed","template":"","meta":[],"product_brand":[],"product_cat":[75,85,323,74,15],"product_tag":[],"class_list":{"0":"post-13663","1":"product","2":"type-product","3":"status-publish","4":"has-post-thumbnail","6":"product_cat-cruise-x","7":"product_cat-cruiser","8":"product_cat-e-longboard","9":"product_cat-longboard","10":"product_cat-uncategorized","12":"first","13":"instock","14":"shipping-taxable","15":"purchasable","16":"product-type-variable"},"yoast_head":"<!-- This site is optimized with the Yoast SEO plugin v27.1.1 - https:\/\/yoast.com\/product\/yoast-seo-wordpress\/ -->\n<title>Renkli I\u015f\u0131kl\u0131 Koruma Band\u0131 | Scops<\/title>\n<meta name=\"robots\" content=\"index, follow, max-snippet:-1, max-image-preview:large, max-video-preview:-1\" \/>\n<link rel=\"canonical\" href=\"https:\/\/scopslife.com\/tr\/urun\/renkli-isikli-koruma-bandi\/\" \/>\n<meta property=\"og:locale\" content=\"tr_TR\" \/>\n<meta property=\"og:type\" content=\"article\" \/>\n<meta property=\"og:title\" content=\"Renkli I\u015f\u0131kl\u0131 Koruma Band\u0131 | Scops\" \/>\n<meta property=\"og:description\" content=\"I\u015f\u0131kl\u0131 Kaykay Koruma Band\u0131 SCOPS I\u015f\u0131kl\u0131 Kaykay Koruma Band\u0131, kaykay ve longboard\u2019lar i\u00e7in \u00f6zel olarak geli\u015ftirilmi\u015f; mekanik darbe korumas\u0131 ile LED ayd\u0131nlatmay\u0131 tek \u00fcr\u00fcnde birle\u015ftiren yenilik\u00e7i bir aksesuard\u0131r. Otomotiv sekt\u00f6r\u00fcnde kullan\u0131lan y\u00fcksek kaliteli U-profil fitil teknolojisi ile \u00fcretilmi\u015ftir. \u00dcr\u00fcn Nedir? I\u015f\u0131kl\u0131 Kaykay Koruma Band\u0131; kaykaylar\u0131n nose (burun) ve tail (kuyruk) b\u00f6lgelerini darbelere, \u00e7izilmelere ve a\u015f\u0131nmaya [&hellip;]\" \/>\n<meta property=\"og:url\" content=\"https:\/\/scopslife.com\/tr\/urun\/renkli-isikli-koruma-bandi\/\" \/>\n<meta property=\"og:site_name\" content=\"Scops\" \/>\n<meta property=\"article:modified_time\" content=\"2025-12-29T12:12:44+00:00\" \/>\n<meta property=\"og:image\" content=\"https:\/\/scopslife.com\/tr\/wp-content\/uploads\/2025\/12\/WhatsApp-Image-2025-12-22-at-16.11.31.jpeg\" \/>\n\t<meta property=\"og:image:width\" content=\"900\" \/>\n\t<meta property=\"og:image:height\" content=\"1600\" \/>\n\t<meta property=\"og:image:type\" content=\"image\/jpeg\" \/>\n<meta name=\"twitter:card\" content=\"summary_large_image\" \/>\n<meta name=\"twitter:label1\" content=\"Tahmini okuma s\u00fcresi\" \/>\n\t<meta name=\"twitter:data1\" content=\"3 dakika\" \/>\n<script type=\"application\/ld+json\" class=\"yoast-schema-graph\">{\"@context\":\"https:\/\/schema.org\",\"@graph\":[{\"@type\":[\"WebPage\",\"ItemPage\"],\"@id\":\"https:\/\/scopslife.com\/tr\/urun\/renkli-isikli-koruma-bandi\/\",\"url\":\"https:\/\/scopslife.com\/tr\/urun\/renkli-isikli-koruma-bandi\/\",\"name\":\"Renkli I\u015f\u0131kl\u0131 Koruma Band\u0131 | Scops\",\"isPartOf\":{\"@id\":\"https:\/\/scopslife.com\/tr\/#website\"},\"primaryImageOfPage\":{\"@id\":\"https:\/\/scopslife.com\/tr\/urun\/renkli-isikli-koruma-bandi\/#primaryimage\"},\"image\":{\"@id\":\"https:\/\/scopslife.com\/tr\/urun\/renkli-isikli-koruma-bandi\/#primaryimage\"},\"thumbnailUrl\":\"https:\/\/scopslife.com\/tr\/wp-content\/uploads\/2025\/12\/WhatsApp-Image-2025-12-22-at-16.11.31.jpeg\",\"datePublished\":\"2025-12-22T14:58:21+00:00\",\"dateModified\":\"2025-12-29T12:12:44+00:00\",\"breadcrumb\":{\"@id\":\"https:\/\/scopslife.com\/tr\/urun\/renkli-isikli-koruma-bandi\/#breadcrumb\"},\"inLanguage\":\"tr\",\"potentialAction\":[{\"@type\":\"ReadAction\",\"target\":[\"https:\/\/scopslife.com\/tr\/urun\/renkli-isikli-koruma-bandi\/\"]}]},{\"@type\":\"ImageObject\",\"inLanguage\":\"tr\",\"@id\":\"https:\/\/scopslife.com\/tr\/urun\/renkli-isikli-koruma-bandi\/#primaryimage\",\"url\":\"https:\/\/scopslife.com\/tr\/wp-content\/uploads\/2025\/12\/WhatsApp-Image-2025-12-22-at-16.11.31.jpeg\",\"contentUrl\":\"https:\/\/scopslife.com\/tr\/wp-content\/uploads\/2025\/12\/WhatsApp-Image-2025-12-22-at-16.11.31.jpeg\",\"width\":900,\"height\":1600},{\"@type\":\"BreadcrumbList\",\"@id\":\"https:\/\/scopslife.com\/tr\/urun\/renkli-isikli-koruma-bandi\/#breadcrumb\",\"itemListElement\":[{\"@type\":\"ListItem\",\"position\":1,\"name\":\"Anasayfa\",\"item\":\"https:\/\/scopslife.com\/tr\/\"},{\"@type\":\"ListItem\",\"position\":2,\"name\":\"Ma\u011faza\",\"item\":\"https:\/\/scopslife.com\/tr\/magaza\/\"},{\"@type\":\"ListItem\",\"position\":3,\"name\":\"Renkli I\u015f\u0131kl\u0131 Koruma Band\u0131\"}]},{\"@type\":\"WebSite\",\"@id\":\"https:\/\/scopslife.com\/tr\/#website\",\"url\":\"https:\/\/scopslife.com\/tr\/\",\"name\":\"Scops\",\"description\":\"Elevate\",\"potentialAction\":[{\"@type\":\"SearchAction\",\"target\":{\"@type\":\"EntryPoint\",\"urlTemplate\":\"https:\/\/scopslife.com\/tr\/?s={search_term_string}\"},\"query-input\":{\"@type\":\"PropertyValueSpecification\",\"valueRequired\":true,\"valueName\":\"search_term_string\"}}],\"inLanguage\":\"tr\"}]}<\/script>\n<!-- \/ Yoast SEO plugin. -->","yoast_head_json":{"title":"Renkli I\u015f\u0131kl\u0131 Koruma Band\u0131 | Scops","robots":{"index":"index","follow":"follow","max-snippet":"max-snippet:-1","max-image-preview":"max-image-preview:large","max-video-preview":"max-video-preview:-1"},"canonical":"https:\/\/scopslife.com\/tr\/urun\/renkli-isikli-koruma-bandi\/","og_locale":"tr_TR","og_type":"article","og_title":"Renkli I\u015f\u0131kl\u0131 Koruma Band\u0131 | Scops","og_description":"I\u015f\u0131kl\u0131 Kaykay Koruma Band\u0131 SCOPS I\u015f\u0131kl\u0131 Kaykay Koruma Band\u0131, kaykay ve longboard\u2019lar i\u00e7in \u00f6zel olarak geli\u015ftirilmi\u015f; mekanik darbe korumas\u0131 ile LED ayd\u0131nlatmay\u0131 tek \u00fcr\u00fcnde birle\u015ftiren yenilik\u00e7i bir aksesuard\u0131r. Otomotiv sekt\u00f6r\u00fcnde kullan\u0131lan y\u00fcksek kaliteli U-profil fitil teknolojisi ile \u00fcretilmi\u015ftir. \u00dcr\u00fcn Nedir? I\u015f\u0131kl\u0131 Kaykay Koruma Band\u0131; kaykaylar\u0131n nose (burun) ve tail (kuyruk) b\u00f6lgelerini darbelere, \u00e7izilmelere ve a\u015f\u0131nmaya [&hellip;]","og_url":"https:\/\/scopslife.com\/tr\/urun\/renkli-isikli-koruma-bandi\/","og_site_name":"Scops","article_modified_time":"2025-12-29T12:12:44+00:00","og_image":[{"width":900,"height":1600,"url":"https:\/\/scopslife.com\/tr\/wp-content\/uploads\/2025\/12\/WhatsApp-Image-2025-12-22-at-16.11.31.jpeg","type":"image\/jpeg"}],"twitter_card":"summary_large_image","twitter_misc":{"Tahmini okuma s\u00fcresi":"3 dakika"},"schema":{"@context":"https:\/\/schema.org","@graph":[{"@type":["WebPage","ItemPage"],"@id":"https:\/\/scopslife.com\/tr\/urun\/renkli-isikli-koruma-bandi\/","url":"https:\/\/scopslife.com\/tr\/urun\/renkli-isikli-koruma-bandi\/","name":"Renkli I\u015f\u0131kl\u0131 Koruma Band\u0131 | Scops","isPartOf":{"@id":"https:\/\/scopslife.com\/tr\/#website"},"primaryImageOfPage":{"@id":"https:\/\/scopslife.com\/tr\/urun\/renkli-isikli-koruma-bandi\/#primaryimage"},"image":{"@id":"https:\/\/scopslife.com\/tr\/urun\/renkli-isikli-koruma-bandi\/#primaryimage"},"thumbnailUrl":"https:\/\/scopslife.com\/tr\/wp-content\/uploads\/2025\/12\/WhatsApp-Image-2025-12-22-at-16.11.31.jpeg","datePublished":"2025-12-22T14:58:21+00:00","dateModified":"2025-12-29T12:12:44+00:00","breadcrumb":{"@id":"https:\/\/scopslife.com\/tr\/urun\/renkli-isikli-koruma-bandi\/#breadcrumb"},"inLanguage":"tr","potentialAction":[{"@type":"ReadAction","target":["https:\/\/scopslife.com\/tr\/urun\/renkli-isikli-koruma-bandi\/"]}]},{"@type":"ImageObject","inLanguage":"tr","@id":"https:\/\/scopslife.com\/tr\/urun\/renkli-isikli-koruma-bandi\/#primaryimage","url":"https:\/\/scopslife.com\/tr\/wp-content\/uploads\/2025\/12\/WhatsApp-Image-2025-12-22-at-16.11.31.jpeg","contentUrl":"https:\/\/scopslife.com\/tr\/wp-content\/uploads\/2025\/12\/WhatsApp-Image-2025-12-22-at-16.11.31.jpeg","width":900,"height":1600},{"@type":"BreadcrumbList","@id":"https:\/\/scopslife.com\/tr\/urun\/renkli-isikli-koruma-bandi\/#breadcrumb","itemListElement":[{"@type":"ListItem","position":1,"name":"Anasayfa","item":"https:\/\/scopslife.com\/tr\/"},{"@type":"ListItem","position":2,"name":"Ma\u011faza","item":"https:\/\/scopslife.com\/tr\/magaza\/"},{"@type":"ListItem","position":3,"name":"Renkli I\u015f\u0131kl\u0131 Koruma Band\u0131"}]},{"@type":"WebSite","@id":"https:\/\/scopslife.com\/tr\/#website","url":"https:\/\/scopslife.com\/tr\/","name":"Scops","description":"Elevate","potentialAction":[{"@type":"SearchAction","target":{"@type":"EntryPoint","urlTemplate":"https:\/\/scopslife.com\/tr\/?s={search_term_string}"},"query-input":{"@type":"PropertyValueSpecification","valueRequired":true,"valueName":"search_term_string"}}],"inLanguage":"tr"}]}},"_links":{"self":[{"href":"https:\/\/scopslife.com\/tr\/wp-json\/wp\/v2\/product\/13663","targetHints":{"allow":["GET"]}}],"collection":[{"href":"https:\/\/scopslife.com\/tr\/wp-json\/wp\/v2\/product"}],"about":[{"href":"https:\/\/scopslife.com\/tr\/wp-json\/wp\/v2\/types\/product"}],"replies":[{"embeddable":true,"href":"https:\/\/scopslife.com\/tr\/wp-json\/wp\/v2\/comments?post=13663"}],"wp:featuredmedia":[{"embeddable":true,"href":"https:\/\/scopslife.com\/tr\/wp-json\/wp\/v2\/media\/13673"}],"wp:attachment":[{"href":"https:\/\/scopslife.com\/tr\/wp-json\/wp\/v2\/media?parent=13663"}],"wp:term":[{"taxonomy":"product_brand","embeddable":true,"href":"https:\/\/scopslife.com\/tr\/wp-json\/wp\/v2\/product_brand?post=13663"},{"taxonomy":"product_cat","embeddable":true,"href":"https:\/\/scopslife.com\/tr\/wp-json\/wp\/v2\/product_cat?post=13663"},{"taxonomy":"product_tag","embeddable":true,"href":"https:\/\/scopslife.com\/tr\/wp-json\/wp\/v2\/product_tag?post=13663"}],"curies":[{"name":"wp","href":"https:\/\/api.w.org\/{rel}","templated":true}]}}